{"id":14915,"date":"2025-09-25T16:43:34","date_gmt":"2025-09-25T16:43:34","guid":{"rendered":"https:\/\/as-schwabe.de\/produkt\/przedluzacz-bebnowy-pancerny-h07bq-f-3g15-50-m-20742\/"},"modified":"2025-10-23T00:13:42","modified_gmt":"2025-10-23T00:13:42","slug":"przedluzacz-bebnowy-pancerny-h07bq-f-3g15-50-m-20742","status":"publish","type":"product","link":"https:\/\/as-schwabe.de\/pl\/produkt\/przedluzacz-bebnowy-pancerny-h07bq-f-3g15-50-m-20742\/","title":{"rendered":"Przed\u0142u\u017cacz b\u0119bnowy ze szpul\u0105 290 mm\u00d8 z utwardzanej gumy 50 m H07BQ-F 3G1,5 IP54 | 20742"},"content":{"rendered":"<p>Przed\u0142u\u017cacz b\u0119bnowy ze szpul\u0105 z utwardzanej gumy o \u015brednicy 290 mm to doskona\u0142e rozwi\u0105zanie dla profesjonalist\u00f3w, kt\u00f3rzy potrzebuj\u0105 niezawodnego zasilania w trudnych warunkach. Posiada 50 metr\u00f3w kabla H07BQ-F 3G1,5, zapewniaj\u0105cego maksymaln\u0105 moc 3500 W i napi\u0119cie 230 V, co czyni go idealnym do u\u017cytku na zewn\u0105trz oraz na placach budowy. Wzmacniany metalowy stela\u017c z podw\u00f3jnych rur oraz ergonomiczny uchwyt z tworzywa zapewniaj\u0105 du\u017c\u0105 stabilno\u015b\u0107 i \u0142atwo\u015b\u0107 w przenoszeniu. Dodatkowo, cztery gniazda IP54 z uziemieniem i klapk\u0105, jak r\u00f3wnie\u017c system sygnalizacji napi\u0119cia i zabezpieczenie termiczne, gwarantuj\u0105 nie tylko wygod\u0119, ale tak\u017ce bezpiecze\u0144stwo u\u017cytkowania w trudnych warunkach. Zainwestuj w jako\u015b\u0107 i niezawodno\u015b\u0107, wybieraj\u0105c przed\u0142u\u017cacz, kt\u00f3ry sprosta wszystkim Twoim wymaganiom.<\/p>","protected":false},"excerpt":{"rendered":"<div class=\"icons\" style=\"display: flex; flex-wrap: wrap; gap: 5px; align-items: center; margin-top: 10px;\"><img decoding=\"async\" src=\"https:\/\/as-schwabe.de\/wp-content\/uploads\/ikony\/znak_SCH.png\" alt=\"\" width=\"45\" height=\"50\" \/><img decoding=\"async\" src=\"https:\/\/as-schwabe.de\/wp-content\/uploads\/ikony\/znak_CE.png\" alt=\"\" width=\"50\" height=\"50\" \/><img decoding=\"async\" src=\"https:\/\/as-schwabe.de\/wp-content\/uploads\/ikony\/znak_IP54.png\" alt=\"\" width=\"50\" height=\"50\" \/><img loading=\"lazy\" decoding=\"async\" src=\"https:\/\/as-schwabe.de\/wp-content\/uploads\/ikony\/znak_PB.png\" alt=\"\" width=\"50\" height=\"50\" \/><img loading=\"lazy\" decoding=\"async\" src=\"https:\/\/as-schwabe.de\/wp-content\/uploads\/ikony\/znak_Z.png\" alt=\"\" width=\"50\" height=\"50\" \/><img loading=\"lazy\" decoding=\"async\" src=\"https:\/\/as-schwabe.de\/wp-content\/uploads\/ikony\/znak_D.png\" alt=\"\" width=\"50\" height=\"50\" \/><img loading=\"lazy\" decoding=\"async\" src=\"https:\/\/as-schwabe.de\/wp-content\/uploads\/ikony\/znak_K2.png\" alt=\"\" width=\"50\" height=\"50\" \/><img loading=\"lazy\" decoding=\"async\" src=\"https:\/\/as-schwabe.de\/wp-content\/uploads\/ikony\/znak_DG.png\" alt=\"\" width=\"50\" height=\"50\" \/><img loading=\"lazy\" decoding=\"async\" src=\"https:\/\/as-schwabe.de\/wp-content\/uploads\/ikony\/znak_DE.png\" alt=\"\" width=\"50\" height=\"40\" \/><\/div>\n<ul>\n<li>szpula przed\u0142u\u017cacza b\u0119bnowego jest wykonana z wyj\u0105tkowo spr\u0119\u017cystego, wulkanizowanego materia\u0142u z twardej gumy <\/li>\n<li>jest odporna na uderzenia, oleje, smary i benzyn\u0119, posiada bardzo dobre w\u0142a\u015bciwo\u015bci izolacyjne i jest nie\u0142amliwa <\/li>\n<li>stela\u017c to wyj\u0105tkowo stabilna podw\u00f3jna rama rurowa, wykonana z rury stalowej o grubo\u015bci 22 mm z hamulcem postojowym <\/li>\n<li>dwie du\u017ce korby, z kt\u00f3rych jedna jest obracana, co u\u0142atwia nawijanie <\/li>\n<li>rama z ergonomicznym, antypo\u015blizgowym uchwytem do przenoszenia, z prowadnic\u0105 do kabli <\/li>\n<li>z wbudowanym wy\u0142\u0105cznikiem termicznym <\/li>\n<li>z wy\u015bwietlaczem monitorowania fazy <\/li>\n<li>IP54: odporny na kurz i bryzgi wody <\/li>\n<li>z odporn\u0105 wtyczk\u0105 z uziemieniem SCHUKOultra Pro 230 V <\/li>\n<li>230 V, 16 A, maks. 3500 W<\/li>\n<\/ul>","protected":false},"featured_media":29611,"template":"","meta":{"inline_featured_image":false},"genre":[509],"product_cat":[510,537],"product_tag":[],"class_list":{"0":"post-14915","1":"product","2":"type-product","3":"status-publish","4":"has-post-thumbnail","6":"product_brand-as-schwabe-pl","7":"product_cat-przedluzacze-bebnowe-pl","8":"product_cat-super-wytrzymale-przedluzacze-bebnowe-pl","10":"first","11":"instock","12":"shipping-taxable","13":"product-type-simple"},"aioseo_notices":[],"_links":{"self":[{"href":"https:\/\/as-schwabe.de\/pl\/wp-json\/wp\/v2\/product\/14915","targetHints":{"allow":["GET"]}}],"collection":[{"href":"https:\/\/as-schwabe.de\/pl\/wp-json\/wp\/v2\/product"}],"about":[{"href":"https:\/\/as-schwabe.de\/pl\/wp-json\/wp\/v2\/types\/product"}],"version-history":[{"count":0,"href":"https:\/\/as-schwabe.de\/pl\/wp-json\/wp\/v2\/product\/14915\/revisions"}],"wp:featuredmedia":[{"embeddable":true,"href":"https:\/\/as-schwabe.de\/pl\/wp-json\/wp\/v2\/media\/29611"}],"wp:attachment":[{"href":"https:\/\/as-schwabe.de\/pl\/wp-json\/wp\/v2\/media?parent=14915"}],"wp:term":[{"taxonomy":"product_brand","embeddable":true,"href":"https:\/\/as-schwabe.de\/pl\/wp-json\/wp\/v2\/genre?post=14915"},{"taxonomy":"product_cat","embeddable":true,"href":"https:\/\/as-schwabe.de\/pl\/wp-json\/wp\/v2\/product_cat?post=14915"},{"taxonomy":"product_tag","embeddable":true,"href":"https:\/\/as-schwabe.de\/pl\/wp-json\/wp\/v2\/product_tag?post=14915"}],"curies":[{"name":"wp","href":"https:\/\/api.w.org\/{rel}","templated":true}]}}