{"id":14906,"date":"2025-09-25T16:43:20","date_gmt":"2025-09-25T16:43:20","guid":{"rendered":"https:\/\/as-schwabe.de\/produkt\/zacisk-uziemiajacy-do-przewodow-o-srednicy-do-10-mm-20117\/"},"modified":"2025-10-23T00:13:40","modified_gmt":"2025-10-23T00:13:40","slug":"zacisk-uziemiajacy-do-przewodow-o-srednicy-do-10-mm-20117","status":"publish","type":"product","link":"https:\/\/as-schwabe.de\/pl\/produkt\/zacisk-uziemiajacy-do-przewodow-o-srednicy-do-10-mm-20117\/","title":{"rendered":"Zacisk uziemiaj\u0105cy do pr\u0119t\u00f3w uziemiaj\u0105cych, do przewod\u00f3w o \u015brednicy do 10 mm | 20117"},"content":{"rendered":"<p>Zacisk uziemiaj\u0105cy do pr\u0119t\u00f3w uziemiaj\u0105cych jest dedykowany do stosowania z przewodami o \u015brednicy do 10 mm, co zapewnia jego wszechstronno\u015b\u0107 w r\u00f3\u017cnorodnych instalacjach elektrycznych. Produkt wykonany jest z wysokiej jako\u015bci materia\u0142\u00f3w, co gwarantuje trwa\u0142o\u015b\u0107 i odporno\u015b\u0107 na korozj\u0119, a tak\u017ce zapewnia niezawodne po\u0142\u0105czenie uziemiaj\u0105ce. Dzi\u0119ki prostej konstrukcji i \u0142atwemu monta\u017cowi, zacisk pozwala na szybk\u0105 oraz efektywn\u0105 instalacj\u0119, co oszcz\u0119dza czas i koszty pracy. Zastosowanie zacisku zwi\u0119ksza bezpiecze\u0144stwo system\u00f3w elektrycznych, minimalizuj\u0105c ryzyko przepi\u0119\u0107 i zapewniaj\u0105c stabilne dzia\u0142anie urz\u0105dze\u0144. Idealny do stosowania w budownictwie, przemy\u015ble oraz wszelkich instalacjach wymagaj\u0105cych solidnego uziemienia.<\/p>","protected":false},"excerpt":{"rendered":"<div class=\"icons\" style=\"display: flex; flex-wrap: wrap; gap: 5px; align-items: center; margin-top: 10px;\"><img decoding=\"async\" src=\"https:\/\/as-schwabe.de\/wp-content\/uploads\/ikony\/znak_CE.png\" alt=\"\" width=\"50\" height=\"50\" \/><img decoding=\"async\" src=\"https:\/\/as-schwabe.de\/wp-content\/uploads\/ikony\/znak_PB.png\" alt=\"\" width=\"50\" height=\"50\" \/><img decoding=\"async\" src=\"https:\/\/as-schwabe.de\/wp-content\/uploads\/ikony\/znak_Z.png\" alt=\"\" width=\"50\" height=\"50\" \/><img loading=\"lazy\" decoding=\"async\" src=\"https:\/\/as-schwabe.de\/wp-content\/uploads\/ikony\/znak_D.png\" alt=\"\" width=\"50\" height=\"50\" \/><img loading=\"lazy\" decoding=\"async\" src=\"https:\/\/as-schwabe.de\/wp-content\/uploads\/ikony\/znak_DE.png\" alt=\"\" width=\"50\" height=\"40\" \/><\/div>\n<ul>\n<li>Zacisk uziemienia dla pr\u0119t\u00f3w uziemiaj\u0105cych <\/li>\n<li>M10, prosty <\/li>\n<li>do przewod\u00f3w okr\u0105g\u0142ych o \u015brednicy do 10 mm<\/li>\n<\/ul>","protected":false},"featured_media":29596,"template":"","meta":{"inline_featured_image":false},"genre":[509],"product_cat":[518,519],"product_tag":[],"class_list":{"0":"post-14906","1":"product","2":"type-product","3":"status-publish","4":"has-post-thumbnail","6":"product_brand-as-schwabe-pl","7":"product_cat-asortyment-produktow-cee-400-v-pl","8":"product_cat-budowlane-szafy-rozdzielcze-cee-i-akcesoria-pl","10":"first","11":"instock","12":"shipping-taxable","13":"product-type-simple"},"aioseo_notices":[],"_links":{"self":[{"href":"https:\/\/as-schwabe.de\/pl\/wp-json\/wp\/v2\/product\/14906","targetHints":{"allow":["GET"]}}],"collection":[{"href":"https:\/\/as-schwabe.de\/pl\/wp-json\/wp\/v2\/product"}],"about":[{"href":"https:\/\/as-schwabe.de\/pl\/wp-json\/wp\/v2\/types\/product"}],"version-history":[{"count":0,"href":"https:\/\/as-schwabe.de\/pl\/wp-json\/wp\/v2\/product\/14906\/revisions"}],"wp:featuredmedia":[{"embeddable":true,"href":"https:\/\/as-schwabe.de\/pl\/wp-json\/wp\/v2\/media\/29596"}],"wp:attachment":[{"href":"https:\/\/as-schwabe.de\/pl\/wp-json\/wp\/v2\/media?parent=14906"}],"wp:term":[{"taxonomy":"product_brand","embeddable":true,"href":"https:\/\/as-schwabe.de\/pl\/wp-json\/wp\/v2\/genre?post=14906"},{"taxonomy":"product_cat","embeddable":true,"href":"https:\/\/as-schwabe.de\/pl\/wp-json\/wp\/v2\/product_cat?post=14906"},{"taxonomy":"product_tag","embeddable":true,"href":"https:\/\/as-schwabe.de\/pl\/wp-json\/wp\/v2\/product_tag?post=14906"}],"curies":[{"name":"wp","href":"https:\/\/api.w.org\/{rel}","templated":true}]}}