{"id":14904,"date":"2025-09-25T16:43:18","date_gmt":"2025-09-25T16:43:18","guid":{"rendered":"https:\/\/as-schwabe.de\/produkt\/przedluzacz-listwowy-6-gn-flash-h05vv-f-3g15-15-m-18672\/"},"modified":"2025-10-23T00:13:39","modified_gmt":"2025-10-23T00:13:39","slug":"przedluzacz-listwowy-6-gn-flash-h05vv-f-3g15-15-m-18672","status":"publish","type":"product","link":"https:\/\/as-schwabe.de\/pl\/produkt\/przedluzacz-listwowy-6-gn-flash-h05vv-f-3g15-15-m-18672\/","title":{"rendered":"Przed\u0142u\u017cacz listwowy 6-gniazdowy FLASH MASTER SLAVE 1,5 m H05VV-F 3G1,5 BIA IP20 | 18672"},"content":{"rendered":"<p>Przed\u0142u\u017cacz listwowy FLASH MASTER SLAVE to doskona\u0142e rozwi\u0105zanie dla os\u00f3b poszukuj\u0105cych wygodnego sposobu na rozdzielenie zasilania w pomieszczeniach. Wyposa\u017cony w sze\u015b\u0107 gniazd z uziemieniem (5 gniazd SLAVE i 1 gniazdo MASTER o maksymalnej mocy 500 W), umo\u017cliwia jednoczesne pod\u0142\u0105czenie wielu urz\u0105dze\u0144. Dzi\u0119ki k\u0105towej wtyczce 2P+Z, przed\u0142u\u017cacz \u0142atwo wpasuje si\u0119 w r\u00f3\u017cnorodne ustawienia mebli, a d\u0142ugo\u015b\u0107 1,5 m zapewnia wystarczaj\u0105c\u0105 elastyczno\u015b\u0107 w aran\u017cacji przestrzeni. Produkt charakteryzuje si\u0119 maksymalnym napi\u0119ciem roboczym 230 V oraz pr\u0105dem 16 A, co pozwala na komfortowe u\u017cytkowanie nawet z bardziej wymagaj\u0105cymi urz\u0105dzeniami. Klasa ochrony IP20 sprawia, \u017ce jest przeznaczony do u\u017cytku wewn\u0119trznego, co czyni go idealnym wyborem do biur oraz dom\u00f3w.<\/p>","protected":false},"excerpt":{"rendered":"<div class=\"icons\" style=\"display: flex; flex-wrap: wrap; gap: 5px; align-items: center; margin-top: 10px;\"><img decoding=\"async\" src=\"https:\/\/as-schwabe.de\/wp-content\/uploads\/ikony\/znak_SCH.png\" alt=\"\" width=\"45\" height=\"50\" \/><img decoding=\"async\" src=\"https:\/\/as-schwabe.de\/wp-content\/uploads\/ikony\/znak_CE.png\" alt=\"\" width=\"50\" height=\"50\" \/><img decoding=\"async\" src=\"https:\/\/as-schwabe.de\/wp-content\/uploads\/ikony\/znak_IP20.png\" alt=\"\" width=\"50\" height=\"50\" \/><img loading=\"lazy\" decoding=\"async\" src=\"https:\/\/as-schwabe.de\/wp-content\/uploads\/ikony\/znak_D.png\" alt=\"\" width=\"50\" height=\"50\" \/><\/div>\n<ul>\n<li>1x gniazdo g\u0142\u00f3wne Master <\/li>\n<li>5x gniazdo podrz\u0119dne Slave <\/li>\n<li>funkcja Master\/Slave: w\u0142\u0105czenie urz\u0105dzenia w gnie\u017adzie Master powoduje automatyczne w\u0142\u0105czenie wszystkich urz\u0105dze\u0144 w gniazdach Slave <\/li>\n<li>z kablem PCV H05VV-F 3G1,5 i k\u0105tow\u0105 wtyczk\u0105 z uziemieniem <\/li>\n<li>gniazda obr\u00f3cone o 45\u00b0, z przes\u0142onami tor\u00f3w pr\u0105dowych <\/li>\n<li>z kontrolk\u0105<\/li>\n<\/ul>","protected":false},"featured_media":29595,"template":"","meta":{"inline_featured_image":false},"genre":[509],"product_cat":[525,535],"product_tag":[],"class_list":{"0":"post-14904","1":"product","2":"type-product","3":"status-publish","4":"has-post-thumbnail","6":"product_brand-as-schwabe-pl","7":"product_cat-dom-i-ogrod-2-pl","8":"product_cat-przedluzacze-przeciwprzepieciowe-pl","10":"first","11":"instock","12":"shipping-taxable","13":"product-type-simple"},"aioseo_notices":[],"_links":{"self":[{"href":"https:\/\/as-schwabe.de\/pl\/wp-json\/wp\/v2\/product\/14904","targetHints":{"allow":["GET"]}}],"collection":[{"href":"https:\/\/as-schwabe.de\/pl\/wp-json\/wp\/v2\/product"}],"about":[{"href":"https:\/\/as-schwabe.de\/pl\/wp-json\/wp\/v2\/types\/product"}],"version-history":[{"count":0,"href":"https:\/\/as-schwabe.de\/pl\/wp-json\/wp\/v2\/product\/14904\/revisions"}],"wp:featuredmedia":[{"embeddable":true,"href":"https:\/\/as-schwabe.de\/pl\/wp-json\/wp\/v2\/media\/29595"}],"wp:attachment":[{"href":"https:\/\/as-schwabe.de\/pl\/wp-json\/wp\/v2\/media?parent=14904"}],"wp:term":[{"taxonomy":"product_brand","embeddable":true,"href":"https:\/\/as-schwabe.de\/pl\/wp-json\/wp\/v2\/genre?post=14904"},{"taxonomy":"product_cat","embeddable":true,"href":"https:\/\/as-schwabe.de\/pl\/wp-json\/wp\/v2\/product_cat?post=14904"},{"taxonomy":"product_tag","embeddable":true,"href":"https:\/\/as-schwabe.de\/pl\/wp-json\/wp\/v2\/product_tag?post=14904"}],"curies":[{"name":"wp","href":"https:\/\/api.w.org\/{rel}","templated":true}]}}