{"id":14901,"date":"2025-09-25T16:43:16","date_gmt":"2025-09-25T16:43:16","guid":{"rendered":"https:\/\/as-schwabe.de\/produkt\/przedluzacz-listwowy-6-gn-flash-z-wylacznikiem-noznym-18670\/"},"modified":"2025-10-23T00:13:39","modified_gmt":"2025-10-23T00:13:39","slug":"przedluzacz-listwowy-6-gn-flash-z-wylacznikiem-noznym-18670","status":"publish","type":"product","link":"https:\/\/as-schwabe.de\/pl\/produkt\/przedluzacz-listwowy-6-gn-flash-z-wylacznikiem-noznym-18670\/","title":{"rendered":"Przed\u0142u\u017cacz listwowy 6-gniazdowy FLASH z wy\u0142\u0105cznikiem no\u017cnym 1,5 m H05VV-F 3G1,5 BIA IP20 | 18670"},"content":{"rendered":"<p>Przed\u0142u\u017cacz listwowy 6-gniazdowy FLASH z wy\u0142\u0105cznikiem no\u017cnym to niezawodne rozwi\u0105zanie dla u\u017cytkownik\u00f3w potrzebuj\u0105cych wygodnego dost\u0119pu do zasilania w pomieszczeniach. Dzi\u0119ki sze\u015bciu gniazdom z uziemieniem 2P+Z, u\u017cytkownik ma mo\u017cliwo\u015b\u0107 jednoczesnego zasilania wielu urz\u0105dze\u0144, co zwi\u0119ksza funkcjonalno\u015b\u0107 ka\u017cdego biura czy domu. Wbudowany wy\u0142\u0105cznik no\u017cny umo\u017cliwia \u0142atwe i komfortowe w\u0142\u0105czanie oraz wy\u0142\u0105czanie zasilania bez konieczno\u015bci si\u0119gania do listwy. Przew\u00f3d o d\u0142ugo\u015bci 1,5 m oraz wtyczka k\u0105towa 2P+Z zapewniaj\u0105 wygod\u0119 pod\u0142\u0105czenia w trudno dost\u0119pnych miejscach. Produkt charakteryzuje si\u0119 maksymalnym napi\u0119ciem 230 V i pr\u0105dem 16 A, co pozwala na bezpieczne u\u017cytkowanie urz\u0105dze\u0144 o \u0142\u0105cznej mocy do 3500 W. Konstrukcja o klasie ochrony IP20 przeznaczona jest do stosowania wewn\u0105trz pomieszcze\u0144, co czyni go idealnym rozwi\u0105zaniem do biur, mieszka\u0144 oraz przestrzeni roboczych.<\/p>","protected":false},"excerpt":{"rendered":"<div class=\"icons\" style=\"display: flex; flex-wrap: wrap; gap: 5px; align-items: center; margin-top: 10px;\"><img decoding=\"async\" src=\"https:\/\/as-schwabe.de\/wp-content\/uploads\/ikony\/znak_SCH.png\" alt=\"\" width=\"45\" height=\"50\" \/><img decoding=\"async\" src=\"https:\/\/as-schwabe.de\/wp-content\/uploads\/ikony\/znak_CE.png\" alt=\"\" width=\"50\" height=\"50\" \/><img decoding=\"async\" src=\"https:\/\/as-schwabe.de\/wp-content\/uploads\/ikony\/znak_IP20.png\" alt=\"\" width=\"50\" height=\"50\" \/><img loading=\"lazy\" decoding=\"async\" src=\"https:\/\/as-schwabe.de\/wp-content\/uploads\/ikony\/znak_D.png\" alt=\"\" width=\"50\" height=\"50\" \/><\/div>\n<ul>\n<li>6-gniazdowy z oddzielnym w\u0142\u0105cznikiem r\u0119cznym\/no\u017cnym i lampk\u0105 kontroln\u0105 <\/li>\n<li>1 m kabel steruj\u0105cy H03VV-F 3G0,5 do prze\u0142\u0105cznika r\u0119cznego\/no\u017cnego <\/li>\n<li>1,5 m kabel PCV H05VV-F 3G1,5 z k\u0105tow\u0105 wtyczk\u0105 z uziemieniem <\/li>\n<li>gniazda obr\u00f3cone o 45\u00b0, z przes\u0142onami tor\u00f3w pr\u0105dowych<\/li>\n<\/ul>","protected":false},"featured_media":29593,"template":"","meta":{"inline_featured_image":false},"genre":[509],"product_cat":[525,535],"product_tag":[],"class_list":{"0":"post-14901","1":"product","2":"type-product","3":"status-publish","4":"has-post-thumbnail","6":"product_brand-as-schwabe-pl","7":"product_cat-dom-i-ogrod-2-pl","8":"product_cat-przedluzacze-przeciwprzepieciowe-pl","10":"first","11":"instock","12":"shipping-taxable","13":"product-type-simple"},"aioseo_notices":[],"_links":{"self":[{"href":"https:\/\/as-schwabe.de\/pl\/wp-json\/wp\/v2\/product\/14901","targetHints":{"allow":["GET"]}}],"collection":[{"href":"https:\/\/as-schwabe.de\/pl\/wp-json\/wp\/v2\/product"}],"about":[{"href":"https:\/\/as-schwabe.de\/pl\/wp-json\/wp\/v2\/types\/product"}],"version-history":[{"count":0,"href":"https:\/\/as-schwabe.de\/pl\/wp-json\/wp\/v2\/product\/14901\/revisions"}],"wp:featuredmedia":[{"embeddable":true,"href":"https:\/\/as-schwabe.de\/pl\/wp-json\/wp\/v2\/media\/29593"}],"wp:attachment":[{"href":"https:\/\/as-schwabe.de\/pl\/wp-json\/wp\/v2\/media?parent=14901"}],"wp:term":[{"taxonomy":"product_brand","embeddable":true,"href":"https:\/\/as-schwabe.de\/pl\/wp-json\/wp\/v2\/genre?post=14901"},{"taxonomy":"product_cat","embeddable":true,"href":"https:\/\/as-schwabe.de\/pl\/wp-json\/wp\/v2\/product_cat?post=14901"},{"taxonomy":"product_tag","embeddable":true,"href":"https:\/\/as-schwabe.de\/pl\/wp-json\/wp\/v2\/product_tag?post=14901"}],"curies":[{"name":"wp","href":"https:\/\/api.w.org\/{rel}","templated":true}]}}