{"id":14899,"date":"2025-09-25T16:43:15","date_gmt":"2025-09-25T16:43:15","guid":{"rendered":"https:\/\/as-schwabe.de\/produkt\/listwa-przeciwprzepieciowa-9-gn-flash-h05vv-f-3g15-15-m-18669\/"},"modified":"2025-10-23T00:13:38","modified_gmt":"2025-10-23T00:13:38","slug":"listwa-przeciwprzepieciowa-9-gn-flash-h05vv-f-3g15-15-m-18669","status":"publish","type":"product","link":"https:\/\/as-schwabe.de\/pl\/produkt\/listwa-przeciwprzepieciowa-9-gn-flash-h05vv-f-3g15-15-m-18669\/","title":{"rendered":"Przed\u0142u\u017cacz listwowy przeciwprzepi\u0119ciowy 9-gniazdowy FLASH 1,5 m H05VV-F 3G1,5 BIA IP20 | 18669"},"content":{"rendered":"<p>Przed\u0142u\u017cacz listwowy przeciwprzepi\u0119ciowy FLASH to niezawodne rozwi\u0105zanie dla os\u00f3b poszukuj\u0105cych wygodnego zasilania w pomieszczeniach. Posiada 9 gniazd z uziemieniem 2P+Z, co umo\u017cliwia jednoczesne pod\u0142\u0105czenie wielu urz\u0105dze\u0144. Dzi\u0119ki wbudowanemu uk\u0142adowi przeciwprzepi\u0119ciowemu oraz pod\u015bwietlanemu w\u0142\u0105cznikowi, u\u017cytkownik ma pe\u0142n\u0105 kontrol\u0119 nad stanem zasilania. Urz\u0105dzenie obs\u0142uguje maksymalne napi\u0119cie 230 V i nat\u0119\u017cenie 16 A, co pozwala na pod\u0142\u0105czenie sprz\u0119tu o \u0142\u0105cznej mocy do 3500 W. Dodatkowe diody sygnalizacyjne informuj\u0105 o funkcjonowaniu zabezpiecze\u0144, co zwi\u0119ksza bezpiecze\u0144stwo u\u017cytkowania. Przed\u0142u\u017cacz jest przeznaczony do u\u017cytku wewn\u0119trznego (IP20), co czyni go idealnym dodatkiem do biura, salonu czy domowego warsztatu.<\/p>","protected":false},"excerpt":{"rendered":"<div class=\"icons\" style=\"display: flex; flex-wrap: wrap; gap: 5px; align-items: center; margin-top: 10px;\"><img decoding=\"async\" src=\"https:\/\/as-schwabe.de\/wp-content\/uploads\/ikony\/znak_SCH.png\" alt=\"\" width=\"45\" height=\"50\" \/><img decoding=\"async\" src=\"https:\/\/as-schwabe.de\/wp-content\/uploads\/ikony\/znak_CE.png\" alt=\"\" width=\"50\" height=\"50\" \/><img decoding=\"async\" src=\"https:\/\/as-schwabe.de\/wp-content\/uploads\/ikony\/znak_IP20.png\" alt=\"\" width=\"50\" height=\"50\" \/><img loading=\"lazy\" decoding=\"async\" src=\"https:\/\/as-schwabe.de\/wp-content\/uploads\/ikony\/znak_D.png\" alt=\"\" width=\"50\" height=\"50\" \/><\/div>\n<ul>\n<li>z kablem PCV H05VV-F 3G1,5 i k\u0105tow\u0105 wtyczk\u0105 z uziemieniem <\/li>\n<li>9 x gniazdo obr\u00f3cone o 45\u00b0, z przes\u0142onami tor\u00f3w pr\u0105dowych <\/li>\n<li>z ochron\u0105 przeciwprzepi\u0119ciow\u0105<\/li>\n<\/ul>","protected":false},"featured_media":29592,"template":"","meta":{"inline_featured_image":false},"genre":[509],"product_cat":[525,535],"product_tag":[],"class_list":{"0":"post-14899","1":"product","2":"type-product","3":"status-publish","4":"has-post-thumbnail","6":"product_brand-as-schwabe-pl","7":"product_cat-dom-i-ogrod-2-pl","8":"product_cat-przedluzacze-przeciwprzepieciowe-pl","10":"first","11":"instock","12":"shipping-taxable","13":"product-type-simple"},"aioseo_notices":[],"_links":{"self":[{"href":"https:\/\/as-schwabe.de\/pl\/wp-json\/wp\/v2\/product\/14899","targetHints":{"allow":["GET"]}}],"collection":[{"href":"https:\/\/as-schwabe.de\/pl\/wp-json\/wp\/v2\/product"}],"about":[{"href":"https:\/\/as-schwabe.de\/pl\/wp-json\/wp\/v2\/types\/product"}],"version-history":[{"count":0,"href":"https:\/\/as-schwabe.de\/pl\/wp-json\/wp\/v2\/product\/14899\/revisions"}],"wp:featuredmedia":[{"embeddable":true,"href":"https:\/\/as-schwabe.de\/pl\/wp-json\/wp\/v2\/media\/29592"}],"wp:attachment":[{"href":"https:\/\/as-schwabe.de\/pl\/wp-json\/wp\/v2\/media?parent=14899"}],"wp:term":[{"taxonomy":"product_brand","embeddable":true,"href":"https:\/\/as-schwabe.de\/pl\/wp-json\/wp\/v2\/genre?post=14899"},{"taxonomy":"product_cat","embeddable":true,"href":"https:\/\/as-schwabe.de\/pl\/wp-json\/wp\/v2\/product_cat?post=14899"},{"taxonomy":"product_tag","embeddable":true,"href":"https:\/\/as-schwabe.de\/pl\/wp-json\/wp\/v2\/product_tag?post=14899"}],"curies":[{"name":"wp","href":"https:\/\/api.w.org\/{rel}","templated":true}]}}