{"id":14897,"date":"2025-09-25T16:43:14","date_gmt":"2025-09-25T16:43:14","guid":{"rendered":"https:\/\/as-schwabe.de\/produkt\/listwa-przeciwprzepieciowa-6-gn-flash-h05vv-f-3g15-15-m-18666\/"},"modified":"2025-10-23T00:13:38","modified_gmt":"2025-10-23T00:13:38","slug":"listwa-przeciwprzepieciowa-6-gn-flash-h05vv-f-3g15-15-m-18666","status":"publish","type":"product","link":"https:\/\/as-schwabe.de\/pl\/produkt\/listwa-przeciwprzepieciowa-6-gn-flash-h05vv-f-3g15-15-m-18666\/","title":{"rendered":"Przed\u0142u\u017cacz listwowy przeciwprzepi\u0119ciowy 6-gniazdowy FLASH 1,5 m H05VV-F 3G1,5 BIA IP20 | 18666"},"content":{"rendered":"<p>Przed\u0142u\u017cacz listwowy przeciwprzepi\u0119ciowy FLASH to niezawodne rozwi\u0105zanie dla os\u00f3b poszukuj\u0105cych funkcjonalno\u015bci i bezpiecze\u0144stwa w u\u017cytkowaniu elektrycznym. Model ten wyposa\u017cony jest w 6 gniazd z uziemieniem 2P+Z, co pozwala na pod\u0142\u0105czenie wielu urz\u0105dze\u0144 jednocze\u015bnie. Wbudowany uk\u0142ad przeciwprzepi\u0119ciowy chroni sprz\u0119t przed nag\u0142ymi skokami napi\u0119cia, a pod\u015bwietlany w\u0142\u0105cznik oraz diody sygnalizuj\u0105ce stan uk\u0142adu zabezpieczaj\u0105cego zapewniaj\u0105 wygod\u0119 u\u017cytkowania. Dodatkowo, dzi\u0119ki zastosowaniu wtyczki k\u0105towej i kompaktowym wymiarom, produkt idealnie sprawdzi si\u0119 w ograniczonych przestrzeniach. Przed\u0142u\u017cacz ma maksymalne obci\u0105\u017cenie 230 V, 16 A i 3500 W, co czyni go idealnym rozwi\u0105zaniem do u\u017cytku wewn\u0119trznego. Klasa ochrony IP20 gwarantuje bezpiecze\u0144stwo w suchych \u015brodowiskach domowych i biurowych.<\/p>","protected":false},"excerpt":{"rendered":"<div class=\"icons\" style=\"display: flex; flex-wrap: wrap; gap: 5px; align-items: center; margin-top: 10px;\"><img decoding=\"async\" src=\"https:\/\/as-schwabe.de\/wp-content\/uploads\/ikony\/znak_SCH.png\" alt=\"\" width=\"45\" height=\"50\" \/><img decoding=\"async\" src=\"https:\/\/as-schwabe.de\/wp-content\/uploads\/ikony\/znak_CE.png\" alt=\"\" width=\"50\" height=\"50\" \/><img decoding=\"async\" src=\"https:\/\/as-schwabe.de\/wp-content\/uploads\/ikony\/znak_IP20.png\" alt=\"\" width=\"50\" height=\"50\" \/><img loading=\"lazy\" decoding=\"async\" src=\"https:\/\/as-schwabe.de\/wp-content\/uploads\/ikony\/znak_D.png\" alt=\"\" width=\"50\" height=\"50\" \/><\/div>\n<ul>\n<li>z kablem PCV H05VV-F 3G1,5 i k\u0105tow\u0105 wtyczk\u0105 z uziemieniem <\/li>\n<li>6 x gniazdo obr\u00f3cone o 45\u00b0, z przes\u0142onami tor\u00f3w pr\u0105dowych <\/li>\n<li>z ochron\u0105 przeciwprzepi\u0119ciow\u0105<\/li>\n<\/ul>","protected":false},"featured_media":29591,"template":"","meta":{"inline_featured_image":false},"genre":[509],"product_cat":[525,535],"product_tag":[],"class_list":{"0":"post-14897","1":"product","2":"type-product","3":"status-publish","4":"has-post-thumbnail","6":"product_brand-as-schwabe-pl","7":"product_cat-dom-i-ogrod-2-pl","8":"product_cat-przedluzacze-przeciwprzepieciowe-pl","10":"first","11":"instock","12":"shipping-taxable","13":"product-type-simple"},"aioseo_notices":[],"_links":{"self":[{"href":"https:\/\/as-schwabe.de\/pl\/wp-json\/wp\/v2\/product\/14897","targetHints":{"allow":["GET"]}}],"collection":[{"href":"https:\/\/as-schwabe.de\/pl\/wp-json\/wp\/v2\/product"}],"about":[{"href":"https:\/\/as-schwabe.de\/pl\/wp-json\/wp\/v2\/types\/product"}],"version-history":[{"count":0,"href":"https:\/\/as-schwabe.de\/pl\/wp-json\/wp\/v2\/product\/14897\/revisions"}],"wp:featuredmedia":[{"embeddable":true,"href":"https:\/\/as-schwabe.de\/pl\/wp-json\/wp\/v2\/media\/29591"}],"wp:attachment":[{"href":"https:\/\/as-schwabe.de\/pl\/wp-json\/wp\/v2\/media?parent=14897"}],"wp:term":[{"taxonomy":"product_brand","embeddable":true,"href":"https:\/\/as-schwabe.de\/pl\/wp-json\/wp\/v2\/genre?post=14897"},{"taxonomy":"product_cat","embeddable":true,"href":"https:\/\/as-schwabe.de\/pl\/wp-json\/wp\/v2\/product_cat?post=14897"},{"taxonomy":"product_tag","embeddable":true,"href":"https:\/\/as-schwabe.de\/pl\/wp-json\/wp\/v2\/product_tag?post=14897"}],"curies":[{"name":"wp","href":"https:\/\/api.w.org\/{rel}","templated":true}]}}