{"id":14893,"date":"2025-09-25T16:43:12","date_gmt":"2025-09-25T16:43:12","guid":{"rendered":"https:\/\/as-schwabe.de\/produkt\/listwa-przeciwprzepieciowa-3-gn-h05vv-f-3g15-bia-15-m-18663\/"},"modified":"2025-10-23T00:13:37","modified_gmt":"2025-10-23T00:13:37","slug":"listwa-przeciwprzepieciowa-3-gn-h05vv-f-3g15-bia-15-m-18663","status":"publish","type":"product","link":"https:\/\/as-schwabe.de\/pl\/produkt\/listwa-przeciwprzepieciowa-3-gn-h05vv-f-3g15-bia-15-m-18663\/","title":{"rendered":"Przed\u0142u\u017cacz listwowy przeciwprzepi\u0119ciowy 3-gniazdowy FLASH 1,5 m H05VV-F 3G1,5 BIA IP20 | 18663"},"content":{"rendered":"<p>Przed\u0142u\u017cacz listwowy przeciwprzepi\u0119ciowy 3-gniazdowy to niezawodne rozwi\u0105zanie dla klient\u00f3w poszukuj\u0105cych efektywnego sposobu na zasilenie urz\u0105dze\u0144 elektrycznych w pomieszczeniach. Wykonany z wysokiej jako\u015bci kabla H05VV-F 3G1,5 oraz wyposa\u017cony w wtyczk\u0119 k\u0105tow\u0105 2P+Z, zapewnia bezpieczne po\u0142\u0105czenie z sieci\u0105 elektryczn\u0105. Nosz\u0105cy maksymalne napi\u0119cie 230 V, nat\u0119\u017cenie 16 A i moc 3500 W, przed\u0142u\u017cacz posiada trzy gniazda z uziemieniem oraz wbudowany uk\u0142ad przeciwprzepi\u0119ciowy, chroni\u0105cy urz\u0105dzenia przed skokami napi\u0119cia. Dodatkowo, pod\u015bwietlany w\u0142\u0105cznik oraz diody sygnalizuj\u0105ce stan uk\u0142adu zabezpieczaj\u0105cego zwi\u0119kszaj\u0105 komfort u\u017cytkowania. Produkt charakteryzuje si\u0119 klas\u0105 ochrony IP20, co czyni go idealnym do stosowania w pomieszczeniach mieszkalnych oraz biurowych.<\/p>","protected":false},"excerpt":{"rendered":"<div class=\"icons\" style=\"display: flex; flex-wrap: wrap; gap: 5px; align-items: center; margin-top: 10px;\"><img decoding=\"async\" src=\"https:\/\/as-schwabe.de\/wp-content\/uploads\/ikony\/znak_SCH.png\" alt=\"\" width=\"45\" height=\"50\" \/><img decoding=\"async\" src=\"https:\/\/as-schwabe.de\/wp-content\/uploads\/ikony\/znak_CE.png\" alt=\"\" width=\"50\" height=\"50\" \/><img decoding=\"async\" src=\"https:\/\/as-schwabe.de\/wp-content\/uploads\/ikony\/znak_IP20.png\" alt=\"\" width=\"50\" height=\"50\" \/><img loading=\"lazy\" decoding=\"async\" src=\"https:\/\/as-schwabe.de\/wp-content\/uploads\/ikony\/znak_D.png\" alt=\"\" width=\"50\" height=\"50\" \/><\/div>\n<ul>\n<li>z kablem PCV H05VV-F 3G1,5 i k\u0105tow\u0105 wtyczk\u0105 z uziemieniem <\/li>\n<li>3 x gniazdo obr\u00f3cone o 45\u00b0, z przes\u0142onami tor\u00f3w pr\u0105dowych <\/li>\n<li>z ochron\u0105 przeciwprzepi\u0119ciow\u0105<\/li>\n<\/ul>","protected":false},"featured_media":29589,"template":"","meta":{"inline_featured_image":false},"genre":[509],"product_cat":[525,535],"product_tag":[],"class_list":{"0":"post-14893","1":"product","2":"type-product","3":"status-publish","4":"has-post-thumbnail","6":"product_brand-as-schwabe-pl","7":"product_cat-dom-i-ogrod-2-pl","8":"product_cat-przedluzacze-przeciwprzepieciowe-pl","10":"first","11":"instock","12":"shipping-taxable","13":"product-type-simple"},"aioseo_notices":[],"_links":{"self":[{"href":"https:\/\/as-schwabe.de\/pl\/wp-json\/wp\/v2\/product\/14893","targetHints":{"allow":["GET"]}}],"collection":[{"href":"https:\/\/as-schwabe.de\/pl\/wp-json\/wp\/v2\/product"}],"about":[{"href":"https:\/\/as-schwabe.de\/pl\/wp-json\/wp\/v2\/types\/product"}],"version-history":[{"count":0,"href":"https:\/\/as-schwabe.de\/pl\/wp-json\/wp\/v2\/product\/14893\/revisions"}],"wp:featuredmedia":[{"embeddable":true,"href":"https:\/\/as-schwabe.de\/pl\/wp-json\/wp\/v2\/media\/29589"}],"wp:attachment":[{"href":"https:\/\/as-schwabe.de\/pl\/wp-json\/wp\/v2\/media?parent=14893"}],"wp:term":[{"taxonomy":"product_brand","embeddable":true,"href":"https:\/\/as-schwabe.de\/pl\/wp-json\/wp\/v2\/genre?post=14893"},{"taxonomy":"product_cat","embeddable":true,"href":"https:\/\/as-schwabe.de\/pl\/wp-json\/wp\/v2\/product_cat?post=14893"},{"taxonomy":"product_tag","embeddable":true,"href":"https:\/\/as-schwabe.de\/pl\/wp-json\/wp\/v2\/product_tag?post=14893"}],"curies":[{"name":"wp","href":"https:\/\/api.w.org\/{rel}","templated":true}]}}