{"id":14887,"date":"2025-09-25T16:43:07","date_gmt":"2025-09-25T16:43:07","guid":{"rendered":"https:\/\/as-schwabe.de\/produkt\/listwa-przeciwprzepieciowa-8-gn-alux-h05vv-f-3g15-15-m-18368\/"},"modified":"2025-10-23T00:13:35","modified_gmt":"2025-10-23T00:13:35","slug":"listwa-przeciwprzepieciowa-8-gn-alux-h05vv-f-3g15-15-m-18368","status":"publish","type":"product","link":"https:\/\/as-schwabe.de\/pl\/produkt\/listwa-przeciwprzepieciowa-8-gn-alux-h05vv-f-3g15-15-m-18368\/","title":{"rendered":"Przed\u0142u\u017cacz listwowy przeciwprzepi\u0119ciowy 8-gniazdowy ALUX 1,5 m H05VV-F 3G1,5 | 18368"},"content":{"rendered":"<p>Przed\u0142u\u017cacz listwowy przeciwprzepi\u0119ciowy ALUX z 8 gniazdami zapewnia niezawodne zasilanie dla r\u00f3\u017cnych urz\u0105dze\u0144 elektronicznych w Twoim wn\u0119trzu. Wyposa\u017cony w wtyczk\u0119 k\u0105tow\u0105 2P+Z oraz osiem gniazd z uziemieniem 2P+Z, oferuje maksymalne obci\u0105\u017cenie do 230 V, 16 A oraz 3500 W. Obudowa z aluminium gwarantuje trwa\u0142o\u015b\u0107 i nowoczesny wygl\u0105d, a wbudowany uk\u0142ad przeciwprzepi\u0119ciowy chroni pod\u0142\u0105czone urz\u0105dzenia przed niekorzystnymi skokami napi\u0119cia. Dodatkowo, pod\u015bwietlany w\u0142\u0105cznik oraz diody sygnalizuj\u0105ce stan zabezpieczenia zapewniaj\u0105 wygod\u0119 u\u017cytkowania. Model ten jest przeznaczony do u\u017cytku wewn\u0119trznego, co czyni go idealnym rozwi\u0105zaniem dla biur, dom\u00f3w i innych pomieszcze\u0144, gdzie stabilne zasilanie jest niezb\u0119dne.<\/p>","protected":false},"excerpt":{"rendered":"<div class=\"icons\" style=\"display: flex; flex-wrap: wrap; gap: 5px; align-items: center; margin-top: 10px;\"><img decoding=\"async\" src=\"https:\/\/as-schwabe.de\/wp-content\/uploads\/ikony\/znak_SCH.png\" alt=\"\" width=\"45\" height=\"50\" \/><img decoding=\"async\" src=\"https:\/\/as-schwabe.de\/wp-content\/uploads\/ikony\/znak_CE.png\" alt=\"\" width=\"50\" height=\"50\" \/><img decoding=\"async\" src=\"https:\/\/as-schwabe.de\/wp-content\/uploads\/ikony\/znak_IP20.png\" alt=\"\" width=\"50\" height=\"50\" \/><img loading=\"lazy\" decoding=\"async\" src=\"https:\/\/as-schwabe.de\/wp-content\/uploads\/ikony\/znak_D.png\" alt=\"\" width=\"50\" height=\"50\" \/><\/div>\n<ul>\n<li>z kablem PCV H05VV-F 3G1,5 i k\u0105tow\u0105 wtyczk\u0105 z uziemieniem <\/li>\n<li>8 x gniazdo obr\u00f3cone o 45\u00b0, z przes\u0142onami tor\u00f3w pr\u0105dowych <\/li>\n<li>z ochron\u0105 przeciwprzepi\u0119ciow\u0105<\/li>\n<\/ul>","protected":false},"featured_media":29580,"template":"","meta":{"inline_featured_image":false},"genre":[509],"product_cat":[525,535],"product_tag":[],"class_list":{"0":"post-14887","1":"product","2":"type-product","3":"status-publish","4":"has-post-thumbnail","6":"product_brand-as-schwabe-pl","7":"product_cat-dom-i-ogrod-2-pl","8":"product_cat-przedluzacze-przeciwprzepieciowe-pl","10":"first","11":"instock","12":"shipping-taxable","13":"product-type-simple"},"aioseo_notices":[],"_links":{"self":[{"href":"https:\/\/as-schwabe.de\/pl\/wp-json\/wp\/v2\/product\/14887","targetHints":{"allow":["GET"]}}],"collection":[{"href":"https:\/\/as-schwabe.de\/pl\/wp-json\/wp\/v2\/product"}],"about":[{"href":"https:\/\/as-schwabe.de\/pl\/wp-json\/wp\/v2\/types\/product"}],"version-history":[{"count":0,"href":"https:\/\/as-schwabe.de\/pl\/wp-json\/wp\/v2\/product\/14887\/revisions"}],"wp:featuredmedia":[{"embeddable":true,"href":"https:\/\/as-schwabe.de\/pl\/wp-json\/wp\/v2\/media\/29580"}],"wp:attachment":[{"href":"https:\/\/as-schwabe.de\/pl\/wp-json\/wp\/v2\/media?parent=14887"}],"wp:term":[{"taxonomy":"product_brand","embeddable":true,"href":"https:\/\/as-schwabe.de\/pl\/wp-json\/wp\/v2\/genre?post=14887"},{"taxonomy":"product_cat","embeddable":true,"href":"https:\/\/as-schwabe.de\/pl\/wp-json\/wp\/v2\/product_cat?post=14887"},{"taxonomy":"product_tag","embeddable":true,"href":"https:\/\/as-schwabe.de\/pl\/wp-json\/wp\/v2\/product_tag?post=14887"}],"curies":[{"name":"wp","href":"https:\/\/api.w.org\/{rel}","templated":true}]}}