{"id":14883,"date":"2025-09-25T16:43:01","date_gmt":"2025-09-25T16:43:01","guid":{"rendered":"https:\/\/as-schwabe.de\/produkt\/listwa-przeciwprzepieciowa-6-gn-alux-h05vv-f-3g15-15-m-18366\/"},"modified":"2025-10-23T00:13:35","modified_gmt":"2025-10-23T00:13:35","slug":"listwa-przeciwprzepieciowa-6-gn-alux-h05vv-f-3g15-15-m-18366","status":"publish","type":"product","link":"https:\/\/as-schwabe.de\/pl\/produkt\/listwa-przeciwprzepieciowa-6-gn-alux-h05vv-f-3g15-15-m-18366\/","title":{"rendered":"Przed\u0142u\u017cacz listwowy przeciwprzepi\u0119ciowy 6-gniazdowy ALUX 1,5 m H05VV-F 3G1,5 | 18366"},"content":{"rendered":"<p>Przed\u0142u\u017cacz listwowy przeciwprzepi\u0119ciowy ALUX to niezawodne rozwi\u0105zanie dla os\u00f3b poszukuj\u0105cych efektywnego zasilania w domowych i biurowych warunkach. Wyposa\u017cony w 6 gniazd z uziemieniem 2P+Z oraz wtyczk\u0119 k\u0105tow\u0105 2P+Z, zapewnia wygodne i bezpieczne pod\u0142\u0105czenie urz\u0105dze\u0144. Dzi\u0119ki wbudowanemu uk\u0142adowi przeciwprzepi\u0119ciowemu oraz dw\u00f3m diodom sygnalizuj\u0105cym stan zabezpieczenia, u\u017cytkownicy mog\u0105 mie\u0107 pewno\u015b\u0107, \u017ce ich sprz\u0119t jest chroniony przed niepo\u017c\u0105danymi skokami napi\u0119cia. Obudowa z aluminium nie tylko zwi\u0119ksza trwa\u0142o\u015b\u0107, ale r\u00f3wnie\u017c nadaje nowoczesny wygl\u0105d. Przed\u0142u\u017cacz ma maksymalne parametry 230 V, 16 A i 3500 W, co czyni go idealnym do stosowania w r\u00f3\u017cnych \u015brodowiskach wewn\u0119trznych, a jego stopie\u0144 ochrony IP20 wskazuje na przeznaczenie do u\u017cytku w pomieszczeniach.<\/p>","protected":false},"excerpt":{"rendered":"<div class=\"icons\" style=\"display: flex; flex-wrap: wrap; gap: 5px; align-items: center; margin-top: 10px;\"><img decoding=\"async\" src=\"https:\/\/as-schwabe.de\/wp-content\/uploads\/ikony\/znak_SCH.png\" alt=\"\" width=\"45\" height=\"50\" \/><img decoding=\"async\" src=\"https:\/\/as-schwabe.de\/wp-content\/uploads\/ikony\/znak_CE.png\" alt=\"\" width=\"50\" height=\"50\" \/><img decoding=\"async\" src=\"https:\/\/as-schwabe.de\/wp-content\/uploads\/ikony\/znak_IP20.png\" alt=\"\" width=\"50\" height=\"50\" \/><img loading=\"lazy\" decoding=\"async\" src=\"https:\/\/as-schwabe.de\/wp-content\/uploads\/ikony\/znak_D.png\" alt=\"\" width=\"50\" height=\"50\" \/><\/div>\n<ul>\n<li>z kablem PCV H05VV-F 3G1,5 i k\u0105tow\u0105 wtyczk\u0105 z uziemieniem <\/li>\n<li>6 x gniazdo obr\u00f3cone o 45\u00b0, z przes\u0142onami tor\u00f3w pr\u0105dowych <\/li>\n<li>z ochron\u0105 przeciwprzepi\u0119ciow\u0105<\/li>\n<\/ul>","protected":false},"featured_media":29579,"template":"","meta":{"inline_featured_image":false},"genre":[509],"product_cat":[525,535],"product_tag":[],"class_list":{"0":"post-14883","1":"product","2":"type-product","3":"status-publish","4":"has-post-thumbnail","6":"product_brand-as-schwabe-pl","7":"product_cat-dom-i-ogrod-2-pl","8":"product_cat-przedluzacze-przeciwprzepieciowe-pl","10":"first","11":"instock","12":"shipping-taxable","13":"product-type-simple"},"aioseo_notices":[],"_links":{"self":[{"href":"https:\/\/as-schwabe.de\/pl\/wp-json\/wp\/v2\/product\/14883","targetHints":{"allow":["GET"]}}],"collection":[{"href":"https:\/\/as-schwabe.de\/pl\/wp-json\/wp\/v2\/product"}],"about":[{"href":"https:\/\/as-schwabe.de\/pl\/wp-json\/wp\/v2\/types\/product"}],"version-history":[{"count":0,"href":"https:\/\/as-schwabe.de\/pl\/wp-json\/wp\/v2\/product\/14883\/revisions"}],"wp:featuredmedia":[{"embeddable":true,"href":"https:\/\/as-schwabe.de\/pl\/wp-json\/wp\/v2\/media\/29579"}],"wp:attachment":[{"href":"https:\/\/as-schwabe.de\/pl\/wp-json\/wp\/v2\/media?parent=14883"}],"wp:term":[{"taxonomy":"product_brand","embeddable":true,"href":"https:\/\/as-schwabe.de\/pl\/wp-json\/wp\/v2\/genre?post=14883"},{"taxonomy":"product_cat","embeddable":true,"href":"https:\/\/as-schwabe.de\/pl\/wp-json\/wp\/v2\/product_cat?post=14883"},{"taxonomy":"product_tag","embeddable":true,"href":"https:\/\/as-schwabe.de\/pl\/wp-json\/wp\/v2\/product_tag?post=14883"}],"curies":[{"name":"wp","href":"https:\/\/api.w.org\/{rel}","templated":true}]}}