{"id":14879,"date":"2025-09-25T16:42:57","date_gmt":"2025-09-25T16:42:57","guid":{"rendered":"https:\/\/as-schwabe.de\/produkt\/listwa-przeciwprzepieciowa-4-gn-alux-h05vv-f-3g15-15-m-18364\/"},"modified":"2025-10-23T00:13:35","modified_gmt":"2025-10-23T00:13:35","slug":"listwa-przeciwprzepieciowa-4-gn-alux-h05vv-f-3g15-15-m-18364","status":"publish","type":"product","link":"https:\/\/as-schwabe.de\/pl\/produkt\/listwa-przeciwprzepieciowa-4-gn-alux-h05vv-f-3g15-15-m-18364\/","title":{"rendered":"Przed\u0142u\u017cacz listwowy przeciwprzepi\u0119ciowy 4-gniazdowy ALUX 1,5 m H05VV-F 3G1,5 | 18364"},"content":{"rendered":"<p>Przed\u0142u\u017cacz listwowy przeciwprzepi\u0119ciowy ALUX z czterema gniazdami to idealne rozwi\u0105zanie dla os\u00f3b potrzebuj\u0105cych niezawodnego zasilania w przestrzeniach biurowych oraz domowych. Dzi\u0119ki wtyczce k\u0105towej 2P+Z oraz czterem gniazdom z uziemieniem, urz\u0105dzenie zapewnia komfortowe pod\u0142\u0105czenie r\u00f3\u017cnych sprz\u0119t\u00f3w elektrycznych. Obudowa z aluminium gwarantuje trwa\u0142o\u015b\u0107, a wbudowany uk\u0142ad przeciwprzepi\u0119ciowy chroni pod\u0142\u0105czone urz\u0105dzenia przed nag\u0142ymi skokami napi\u0119cia. Dodatkowo, wy\u0142\u0105cznik pod\u015bwietlany oraz dwie diody sygnalizuj\u0105ce stan uk\u0142adu zabezpieczaj\u0105cego zwi\u0119kszaj\u0105 u\u017cyteczno\u015b\u0107 produktu. Z maksymaln\u0105 moc\u0105 3500 W i stopniem ochrony IP20, przed\u0142u\u017cacz jest przeznaczony do u\u017cytku wewn\u0119trznego, co czyni go niezb\u0119dnym elementem w ka\u017cdym miejscu pracy.<\/p>","protected":false},"excerpt":{"rendered":"<div class=\"icons\" style=\"display: flex; flex-wrap: wrap; gap: 5px; align-items: center; margin-top: 10px;\"><img decoding=\"async\" src=\"https:\/\/as-schwabe.de\/wp-content\/uploads\/ikony\/znak_SCH.png\" alt=\"\" width=\"45\" height=\"50\" \/><img decoding=\"async\" src=\"https:\/\/as-schwabe.de\/wp-content\/uploads\/ikony\/znak_CE.png\" alt=\"\" width=\"50\" height=\"50\" \/><img decoding=\"async\" src=\"https:\/\/as-schwabe.de\/wp-content\/uploads\/ikony\/znak_IP20.png\" alt=\"\" width=\"50\" height=\"50\" \/><img loading=\"lazy\" decoding=\"async\" src=\"https:\/\/as-schwabe.de\/wp-content\/uploads\/ikony\/znak_D.png\" alt=\"\" width=\"50\" height=\"50\" \/><\/div>\n<ul>\n<li>z kablem PCV H05VV-F 3G1,5 i k\u0105tow\u0105 wtyczk\u0105 z uziemieniem <\/li>\n<li>4 x gniazdo obr\u00f3cone o 45\u00b0, z przes\u0142onami tor\u00f3w pr\u0105dowych <\/li>\n<li>z ochron\u0105 przeciwprzepi\u0119ciow\u0105<\/li>\n<\/ul>","protected":false},"featured_media":29581,"template":"","meta":{"inline_featured_image":false},"genre":[509],"product_cat":[525,535],"product_tag":[],"class_list":{"0":"post-14879","1":"product","2":"type-product","3":"status-publish","4":"has-post-thumbnail","6":"product_brand-as-schwabe-pl","7":"product_cat-dom-i-ogrod-2-pl","8":"product_cat-przedluzacze-przeciwprzepieciowe-pl","10":"first","11":"instock","12":"shipping-taxable","13":"product-type-simple"},"aioseo_notices":[],"_links":{"self":[{"href":"https:\/\/as-schwabe.de\/pl\/wp-json\/wp\/v2\/product\/14879","targetHints":{"allow":["GET"]}}],"collection":[{"href":"https:\/\/as-schwabe.de\/pl\/wp-json\/wp\/v2\/product"}],"about":[{"href":"https:\/\/as-schwabe.de\/pl\/wp-json\/wp\/v2\/types\/product"}],"version-history":[{"count":0,"href":"https:\/\/as-schwabe.de\/pl\/wp-json\/wp\/v2\/product\/14879\/revisions"}],"wp:featuredmedia":[{"embeddable":true,"href":"https:\/\/as-schwabe.de\/pl\/wp-json\/wp\/v2\/media\/29581"}],"wp:attachment":[{"href":"https:\/\/as-schwabe.de\/pl\/wp-json\/wp\/v2\/media?parent=14879"}],"wp:term":[{"taxonomy":"product_brand","embeddable":true,"href":"https:\/\/as-schwabe.de\/pl\/wp-json\/wp\/v2\/genre?post=14879"},{"taxonomy":"product_cat","embeddable":true,"href":"https:\/\/as-schwabe.de\/pl\/wp-json\/wp\/v2\/product_cat?post=14879"},{"taxonomy":"product_tag","embeddable":true,"href":"https:\/\/as-schwabe.de\/pl\/wp-json\/wp\/v2\/product_tag?post=14879"}],"curies":[{"name":"wp","href":"https:\/\/api.w.org\/{rel}","templated":true}]}}