{"id":14874,"date":"2025-09-25T16:42:50","date_gmt":"2025-09-25T16:42:50","guid":{"rendered":"https:\/\/as-schwabe.de\/produkt\/listwa-przeciwprzepieciowa-4-gn-alux-z-mocowaniem-do-blatu-18361\/"},"modified":"2025-10-23T00:13:34","modified_gmt":"2025-10-23T00:13:34","slug":"listwa-przeciwprzepieciowa-4-gn-alux-z-mocowaniem-do-blatu-18361","status":"publish","type":"product","link":"https:\/\/as-schwabe.de\/pl\/produkt\/listwa-przeciwprzepieciowa-4-gn-alux-z-mocowaniem-do-blatu-18361\/","title":{"rendered":"Przed\u0142u\u017cacz listwowy przeciwprzepi\u0119ciowy 4-gniazdowy ALUX z mocowaniem do blatu z 2x USB 1,5 m H05VV-F 3G1,5 IP20 | 18361"},"content":{"rendered":"<p>Przed\u0142u\u017cacz listwowy przeciwprzepi\u0119ciowy ALUX to wszechstronny i bezpieczny produkt, idealny do u\u017cytku w biurach i domach. Wyposa\u017cony w cztery gniazda z uziemieniem oraz dwa porty USB o napi\u0119ciu 5V i nat\u0119\u017ceniu 2A, umo\u017cliwia jednoczesne zasilanie wielu urz\u0105dze\u0144. Jego mocowanie do blatu i wtyczka k\u0105towa zapewniaj\u0105 wygod\u0119 i oszcz\u0119dno\u015b\u0107 miejsca. Obudowa wykonana z aluminium oraz wbudowany uk\u0142ad przeciwprzepi\u0119ciowy gwarantuj\u0105 trwa\u0142o\u015b\u0107 i bezpiecze\u0144stwo u\u017cytkowania, a pod\u015bwietlany w\u0142\u0105cznik i diody sygnalizuj\u0105ce stan zabezpiecze\u0144 sprawiaj\u0105, \u017ce korzystanie z produktu jest jeszcze bardziej komfortowe. Przy maksymalnym obci\u0105\u017ceniu 230 V, 16 A i 3500 W, przed\u0142u\u017cacz ten z pewno\u015bci\u0105 sprosta oczekiwaniom zar\u00f3wno u\u017cytkownik\u00f3w domowych, jak i profesjonalnych.<\/p>","protected":false},"excerpt":{"rendered":"<div class=\"icons\" style=\"display: flex; flex-wrap: wrap; gap: 5px; align-items: center; margin-top: 10px;\"><img decoding=\"async\" src=\"https:\/\/as-schwabe.de\/wp-content\/uploads\/ikony\/znak_SCH.png\" alt=\"\" width=\"45\" height=\"50\" \/><img decoding=\"async\" src=\"https:\/\/as-schwabe.de\/wp-content\/uploads\/ikony\/znak_CE.png\" alt=\"\" width=\"50\" height=\"50\" \/><img decoding=\"async\" src=\"https:\/\/as-schwabe.de\/wp-content\/uploads\/ikony\/znak_IP20.png\" alt=\"\" width=\"50\" height=\"50\" \/><img loading=\"lazy\" decoding=\"async\" src=\"https:\/\/as-schwabe.de\/wp-content\/uploads\/ikony\/znak_D.png\" alt=\"\" width=\"50\" height=\"50\" \/><\/div>\n<ul>\n<li>4-gniazdowy z 2 portami USB 5 V \/ 2000 mAh <\/li>\n<li>z kablem PCV H05VV-F 3G1,5 i k\u0105tow\u0105 wtyczk\u0105 z uziemieniem <\/li>\n<li>gniazda obr\u00f3cone o 45\u00b0, z przes\u0142onami tor\u00f3w pr\u0105dowych <\/li>\n<li>z ochron\u0105 przeciwprzepi\u0119ciow\u0105<\/li>\n<\/ul>","protected":false},"featured_media":29556,"template":"","meta":{"inline_featured_image":false},"genre":[509],"product_cat":[525,535],"product_tag":[],"class_list":{"0":"post-14874","1":"product","2":"type-product","3":"status-publish","4":"has-post-thumbnail","6":"product_brand-as-schwabe-pl","7":"product_cat-dom-i-ogrod-2-pl","8":"product_cat-przedluzacze-przeciwprzepieciowe-pl","10":"first","11":"instock","12":"shipping-taxable","13":"product-type-simple"},"aioseo_notices":[],"_links":{"self":[{"href":"https:\/\/as-schwabe.de\/pl\/wp-json\/wp\/v2\/product\/14874","targetHints":{"allow":["GET"]}}],"collection":[{"href":"https:\/\/as-schwabe.de\/pl\/wp-json\/wp\/v2\/product"}],"about":[{"href":"https:\/\/as-schwabe.de\/pl\/wp-json\/wp\/v2\/types\/product"}],"version-history":[{"count":0,"href":"https:\/\/as-schwabe.de\/pl\/wp-json\/wp\/v2\/product\/14874\/revisions"}],"wp:featuredmedia":[{"embeddable":true,"href":"https:\/\/as-schwabe.de\/pl\/wp-json\/wp\/v2\/media\/29556"}],"wp:attachment":[{"href":"https:\/\/as-schwabe.de\/pl\/wp-json\/wp\/v2\/media?parent=14874"}],"wp:term":[{"taxonomy":"product_brand","embeddable":true,"href":"https:\/\/as-schwabe.de\/pl\/wp-json\/wp\/v2\/genre?post=14874"},{"taxonomy":"product_cat","embeddable":true,"href":"https:\/\/as-schwabe.de\/pl\/wp-json\/wp\/v2\/product_cat?post=14874"},{"taxonomy":"product_tag","embeddable":true,"href":"https:\/\/as-schwabe.de\/pl\/wp-json\/wp\/v2\/product_tag?post=14874"}],"curies":[{"name":"wp","href":"https:\/\/api.w.org\/{rel}","templated":true}]}}