{"id":14870,"date":"2025-09-25T16:42:45","date_gmt":"2025-09-25T16:42:45","guid":{"rendered":"https:\/\/as-schwabe.de\/produkt\/listwa-przeciwprzepieciowa-10-gn-alux-h05vv-f-3g15-15-m-18360\/"},"modified":"2025-10-23T00:13:34","modified_gmt":"2025-10-23T00:13:34","slug":"listwa-przeciwprzepieciowa-10-gn-alux-h05vv-f-3g15-15-m-18360","status":"publish","type":"product","link":"https:\/\/as-schwabe.de\/pl\/produkt\/listwa-przeciwprzepieciowa-10-gn-alux-h05vv-f-3g15-15-m-18360\/","title":{"rendered":"Przed\u0142u\u017cacz listwowy przeciwprzepi\u0119ciowy 10-gniazdowy ALUX 1,5 m H05VV-F 3G1,5 IP20 | 18360"},"content":{"rendered":"<p>Przed\u0142u\u017cacz listwowy przeciwprzepi\u0119ciowy ALUX to idealne rozwi\u0105zanie dla os\u00f3b potrzebuj\u0105cych niezawodnego zasilania w biurze lub domu. Wyposa\u017cony w 10 gniazd z uziemieniem oraz wtyczk\u0119 k\u0105tow\u0105, zapewnia wygodny dost\u0119p do energii elektrycznej w miejscach o ograniczonej przestrzeni. Dzi\u0119ki wbudowanemu uk\u0142adowi przeciwprzepi\u0119ciowemu i dw\u00f3m diodom sygnalizuj\u0105cym stan zabezpieczenia, u\u017cytkownik ma pewno\u015b\u0107, \u017ce pod\u0142\u0105czone urz\u0105dzenia s\u0105 chronione przed nag\u0142ymi skokami napi\u0119cia. Obudowa z aluminium oraz pod\u015bwietlany w\u0142\u0105cznik podnosz\u0105 funkcjonalno\u015b\u0107 i estetyk\u0119 przed\u0142u\u017cacza. Urz\u0105dzenie obs\u0142uguje maksymalne napi\u0119cie 230 V i pr\u0105d do 16 A, co czyni go wszechstronnym rozwi\u0105zaniem do codziennego u\u017cytku. Przeznaczony do u\u017cytku wewn\u0119trznego, posiada klas\u0119 ochrony IP20, co gwarantuje jego bezpiecze\u0144stwo w pomieszczeniach.<\/p>","protected":false},"excerpt":{"rendered":"<div class=\"icons\" style=\"display: flex; flex-wrap: wrap; gap: 5px; align-items: center; margin-top: 10px;\"><img decoding=\"async\" src=\"https:\/\/as-schwabe.de\/wp-content\/uploads\/ikony\/znak_SCH.png\" alt=\"\" width=\"45\" height=\"50\" \/><img decoding=\"async\" src=\"https:\/\/as-schwabe.de\/wp-content\/uploads\/ikony\/znak_CE.png\" alt=\"\" width=\"50\" height=\"50\" \/><img decoding=\"async\" src=\"https:\/\/as-schwabe.de\/wp-content\/uploads\/ikony\/znak_IP20.png\" alt=\"\" width=\"50\" height=\"50\" \/><img loading=\"lazy\" decoding=\"async\" src=\"https:\/\/as-schwabe.de\/wp-content\/uploads\/ikony\/znak_D.png\" alt=\"\" width=\"50\" height=\"50\" \/><\/div>\n<ul>\n<li>z kablem PCV H05VV-F 3G1,5 i k\u0105tow\u0105 wtyczk\u0105 z uziemieniem <\/li>\n<li>10 x gniazdo obr\u00f3cone o 45\u00b0, z przes\u0142onami tor\u00f3w pr\u0105dowych <\/li>\n<li>z ochron\u0105 przeciwprzepi\u0119ciow\u0105<\/li>\n<\/ul>","protected":false},"featured_media":29551,"template":"","meta":{"inline_featured_image":false},"genre":[509],"product_cat":[525,535],"product_tag":[],"class_list":{"0":"post-14870","1":"product","2":"type-product","3":"status-publish","4":"has-post-thumbnail","6":"product_brand-as-schwabe-pl","7":"product_cat-dom-i-ogrod-2-pl","8":"product_cat-przedluzacze-przeciwprzepieciowe-pl","10":"first","11":"instock","12":"shipping-taxable","13":"product-type-simple"},"aioseo_notices":[],"_links":{"self":[{"href":"https:\/\/as-schwabe.de\/pl\/wp-json\/wp\/v2\/product\/14870","targetHints":{"allow":["GET"]}}],"collection":[{"href":"https:\/\/as-schwabe.de\/pl\/wp-json\/wp\/v2\/product"}],"about":[{"href":"https:\/\/as-schwabe.de\/pl\/wp-json\/wp\/v2\/types\/product"}],"version-history":[{"count":0,"href":"https:\/\/as-schwabe.de\/pl\/wp-json\/wp\/v2\/product\/14870\/revisions"}],"wp:featuredmedia":[{"embeddable":true,"href":"https:\/\/as-schwabe.de\/pl\/wp-json\/wp\/v2\/media\/29551"}],"wp:attachment":[{"href":"https:\/\/as-schwabe.de\/pl\/wp-json\/wp\/v2\/media?parent=14870"}],"wp:term":[{"taxonomy":"product_brand","embeddable":true,"href":"https:\/\/as-schwabe.de\/pl\/wp-json\/wp\/v2\/genre?post=14870"},{"taxonomy":"product_cat","embeddable":true,"href":"https:\/\/as-schwabe.de\/pl\/wp-json\/wp\/v2\/product_cat?post=14870"},{"taxonomy":"product_tag","embeddable":true,"href":"https:\/\/as-schwabe.de\/pl\/wp-json\/wp\/v2\/product_tag?post=14870"}],"curies":[{"name":"wp","href":"https:\/\/api.w.org\/{rel}","templated":true}]}}