{"id":14863,"date":"2025-09-25T16:42:35","date_gmt":"2025-09-25T16:42:35","guid":{"rendered":"https:\/\/as-schwabe.de\/produkt\/przedluzacz-tower-12-gn-z-ladowaniem-indukcyjnym-2-m-18222\/"},"modified":"2025-10-23T00:13:34","modified_gmt":"2025-10-23T00:13:34","slug":"przedluzacz-tower-12-gn-z-ladowaniem-indukcyjnym-2-m-18222","status":"publish","type":"product","link":"https:\/\/as-schwabe.de\/pl\/produkt\/przedluzacz-tower-12-gn-z-ladowaniem-indukcyjnym-2-m-18222\/","title":{"rendered":"Przed\u0142u\u017cacz TOWER 12-gniazdowy z \u0142adowaniem indukcyjnym 3x USB,2 m H05VV-F 3G1,5 IP20 | 18222"},"content":{"rendered":"<p>Przed\u0142u\u017cacz TOWER 12-gniazdowy z \u0142adowaniem indukcyjnym to innowacyjne rozwi\u0105zanie, kt\u00f3re \u0142\u0105czy w sobie funkcjonalno\u015b\u0107 i nowoczesny design. Wyposa\u017cony w 12 gniazd z uziemieniem oraz 3 z\u0142\u0105cza USB o nat\u0119\u017ceniu 2,4 A, zapewnia wygodne \u0142adowanie i zasilanie wielu urz\u0105dze\u0144 jednocze\u015bnie. Dzi\u0119ki przewodowi zasilaj\u0105cemu H05VV-F o d\u0142ugo\u015bci 2 m oraz k\u0105townem wtyku IP20, urz\u0105dzenie jest idealne do zastosowania wewn\u0105trz pomieszcze\u0144. Dodatkowo, trzy pod\u015bwietlane w\u0142\u0105czniki umo\u017cliwiaj\u0105 zarz\u0105dzanie zasilaniem poszczeg\u00f3lnych gniazd, co zwi\u0119ksza efektywno\u015b\u0107 u\u017cytkowania. \u0141adowarka indukcyjna o mocy 5 W znajduje si\u0119 na szczycie przed\u0142u\u017cacza, co pozwala na \u0142atwe \u0142adowanie urz\u0105dze\u0144 mobilnych bez potrzeby u\u017cycia kabli. Przed\u0142u\u017cacz TOWER to doskona\u0142y wyb\u00f3r dla os\u00f3b szukaj\u0105cych praktycznego i nowoczesnego sposobu na organizacj\u0119 przestrzeni biurowej lub domowej.<\/p>","protected":false},"excerpt":{"rendered":"<div class=\"icons\" style=\"display: flex; flex-wrap: wrap; gap: 5px; align-items: center; margin-top: 10px;\"><img decoding=\"async\" src=\"https:\/\/as-schwabe.de\/wp-content\/uploads\/ikony\/znak_SCH.png\" alt=\"\" width=\"45\" height=\"50\" \/><img decoding=\"async\" src=\"https:\/\/as-schwabe.de\/wp-content\/uploads\/ikony\/znak_CE.png\" alt=\"\" width=\"50\" height=\"50\" \/><img decoding=\"async\" src=\"https:\/\/as-schwabe.de\/wp-content\/uploads\/ikony\/znak_IP20.png\" alt=\"\" width=\"50\" height=\"50\" \/><img loading=\"lazy\" decoding=\"async\" src=\"https:\/\/as-schwabe.de\/wp-content\/uploads\/ikony\/znak_D.png\" alt=\"\" width=\"50\" height=\"50\" \/><\/div>\n<ul>\n<li>powierzchnia \u0142aduj\u0105ca 5 W dla telefon\u00f3w kom\u00f3rkowych z funkcj\u0105 \u0142adowania indukcyjnego <\/li>\n<li>z 3 pod\u015bwietlanymi w\u0142\u0105cznikami do w\u0142\u0105czania i wy\u0142\u0105czania, po 4 gniazda z uziemieniem na poziom <\/li>\n<li>2 m kabel PCV H05VV-F 3G1,5 z wtyczk\u0105 k\u0105tow\u0105 z uziemieniem <\/li>\n<li>230 V, 16 A, 50-60 Hz, maks. 3500 W <\/li>\n<li>IP20: do u\u017cytku w pomieszczeniach zamkni\u0119tych<\/li>\n<\/ul>","protected":false},"featured_media":29545,"template":"","meta":{"inline_featured_image":false},"genre":[509],"product_cat":[525,536],"product_tag":[],"class_list":{"0":"post-14863","1":"product","2":"type-product","3":"status-publish","4":"has-post-thumbnail","6":"product_brand-as-schwabe-pl","7":"product_cat-dom-i-ogrod-2-pl","8":"product_cat-przedluzacze-home-office-pl","10":"first","11":"instock","12":"shipping-taxable","13":"product-type-simple"},"aioseo_notices":[],"_links":{"self":[{"href":"https:\/\/as-schwabe.de\/pl\/wp-json\/wp\/v2\/product\/14863","targetHints":{"allow":["GET"]}}],"collection":[{"href":"https:\/\/as-schwabe.de\/pl\/wp-json\/wp\/v2\/product"}],"about":[{"href":"https:\/\/as-schwabe.de\/pl\/wp-json\/wp\/v2\/types\/product"}],"version-history":[{"count":0,"href":"https:\/\/as-schwabe.de\/pl\/wp-json\/wp\/v2\/product\/14863\/revisions"}],"wp:featuredmedia":[{"embeddable":true,"href":"https:\/\/as-schwabe.de\/pl\/wp-json\/wp\/v2\/media\/29545"}],"wp:attachment":[{"href":"https:\/\/as-schwabe.de\/pl\/wp-json\/wp\/v2\/media?parent=14863"}],"wp:term":[{"taxonomy":"product_brand","embeddable":true,"href":"https:\/\/as-schwabe.de\/pl\/wp-json\/wp\/v2\/genre?post=14863"},{"taxonomy":"product_cat","embeddable":true,"href":"https:\/\/as-schwabe.de\/pl\/wp-json\/wp\/v2\/product_cat?post=14863"},{"taxonomy":"product_tag","embeddable":true,"href":"https:\/\/as-schwabe.de\/pl\/wp-json\/wp\/v2\/product_tag?post=14863"}],"curies":[{"name":"wp","href":"https:\/\/api.w.org\/{rel}","templated":true}]}}