{"id":14856,"date":"2025-09-25T16:42:26","date_gmt":"2025-09-25T16:42:26","guid":{"rendered":"https:\/\/as-schwabe.de\/produkt\/przedluzacz-tower-8-gn-z-ladowaniem-indukcyjnym-2-m-18221\/"},"modified":"2025-10-23T00:13:33","modified_gmt":"2025-10-23T00:13:33","slug":"przedluzacz-tower-8-gn-z-ladowaniem-indukcyjnym-2-m-18221","status":"publish","type":"product","link":"https:\/\/as-schwabe.de\/pl\/produkt\/przedluzacz-tower-8-gn-z-ladowaniem-indukcyjnym-2-m-18221\/","title":{"rendered":"Przed\u0142u\u017cacz TOWER 8-gniazdowy z \u0142adowaniem indukcyjnym 3x USB,2 m H05VV-F 3G1,5 IP20 | 18221"},"content":{"rendered":"<p>Przed\u0142u\u017cacz TOWER 8-gniazdowy z \u0142adowaniem indukcyjnym to doskona\u0142e rozwi\u0105zanie dla os\u00f3b, kt\u00f3re potrzebuj\u0105 funkcjonalno\u015bci w codziennym u\u017cytkowaniu. Wyposa\u017cony w 8 gniazd z uziemieniem oraz 3 porty USB o nat\u0119\u017ceniu 2,4 A, umo\u017cliwia jednoczesne zasilanie wielu urz\u0105dze\u0144. Przew\u00f3d zasilaj\u0105cy H05VV-F o d\u0142ugo\u015bci 2 m z k\u0105tow\u0105 wtyczk\u0105 zapewnia wygodne pod\u0142\u0105czenie w ka\u017cdej konfiguracji, a dwa pod\u015bwietlane w\u0142\u0105czniki umo\u017cliwiaj\u0105 \u0142atwe zarz\u0105dzanie zasilaniem czterech gniazd na raz. Dzi\u0119ki wbudowanej \u0142adowarce indukcyjnej o mocy 5 W, mo\u017cna bezprzewodowo \u0142adowa\u0107 smartfony i inne urz\u0105dzenia mobilne. Przed\u0142u\u017cacz przeznaczony do u\u017cytku wewn\u0105trz pomieszcze\u0144 o maksymalnej mocy 3500 W i klasie ochrony IP20 gwarantuje bezpiecze\u0144stwo oraz wygod\u0119 u\u017cytkowania w ka\u017cdych warunkach domowych czy biurowych.<\/p>","protected":false},"excerpt":{"rendered":"<div class=\"icons\" style=\"display: flex; flex-wrap: wrap; gap: 5px; align-items: center; margin-top: 10px;\"><img decoding=\"async\" src=\"https:\/\/as-schwabe.de\/wp-content\/uploads\/ikony\/znak_SCH.png\" alt=\"\" width=\"45\" height=\"50\" \/><img decoding=\"async\" src=\"https:\/\/as-schwabe.de\/wp-content\/uploads\/ikony\/znak_CE.png\" alt=\"\" width=\"50\" height=\"50\" \/><img decoding=\"async\" src=\"https:\/\/as-schwabe.de\/wp-content\/uploads\/ikony\/znak_IP20.png\" alt=\"\" width=\"50\" height=\"50\" \/><img loading=\"lazy\" decoding=\"async\" src=\"https:\/\/as-schwabe.de\/wp-content\/uploads\/ikony\/znak_D.png\" alt=\"\" width=\"50\" height=\"50\" \/><\/div>\n<ul>\n<li>powierzchnia \u0142aduj\u0105ca 5 W dla telefon\u00f3w kom\u00f3rkowych z funkcj\u0105 \u0142adowania indukcyjnego <\/li>\n<li>z 2 pod\u015bwietlanymi w\u0142\u0105cznikami do w\u0142\u0105czania i wy\u0142\u0105czania, po 4 gniazda z uziemieniem na poziom <\/li>\n<li>2 m kabel PCV H05VV-F 3G1,5 z wtyczk\u0105 k\u0105tow\u0105 z uziemieniem <\/li>\n<li>230 V, 16 A, 50-60 Hz, maks. 3500 W <\/li>\n<li>IP20: do u\u017cytku w pomieszczeniach zamkni\u0119tych<\/li>\n<\/ul>","protected":false},"featured_media":29538,"template":"","meta":{"inline_featured_image":false},"genre":[509],"product_cat":[525,536],"product_tag":[],"class_list":{"0":"post-14856","1":"product","2":"type-product","3":"status-publish","4":"has-post-thumbnail","6":"product_brand-as-schwabe-pl","7":"product_cat-dom-i-ogrod-2-pl","8":"product_cat-przedluzacze-home-office-pl","10":"first","11":"instock","12":"shipping-taxable","13":"product-type-simple"},"aioseo_notices":[],"_links":{"self":[{"href":"https:\/\/as-schwabe.de\/pl\/wp-json\/wp\/v2\/product\/14856","targetHints":{"allow":["GET"]}}],"collection":[{"href":"https:\/\/as-schwabe.de\/pl\/wp-json\/wp\/v2\/product"}],"about":[{"href":"https:\/\/as-schwabe.de\/pl\/wp-json\/wp\/v2\/types\/product"}],"version-history":[{"count":0,"href":"https:\/\/as-schwabe.de\/pl\/wp-json\/wp\/v2\/product\/14856\/revisions"}],"wp:featuredmedia":[{"embeddable":true,"href":"https:\/\/as-schwabe.de\/pl\/wp-json\/wp\/v2\/media\/29538"}],"wp:attachment":[{"href":"https:\/\/as-schwabe.de\/pl\/wp-json\/wp\/v2\/media?parent=14856"}],"wp:term":[{"taxonomy":"product_brand","embeddable":true,"href":"https:\/\/as-schwabe.de\/pl\/wp-json\/wp\/v2\/genre?post=14856"},{"taxonomy":"product_cat","embeddable":true,"href":"https:\/\/as-schwabe.de\/pl\/wp-json\/wp\/v2\/product_cat?post=14856"},{"taxonomy":"product_tag","embeddable":true,"href":"https:\/\/as-schwabe.de\/pl\/wp-json\/wp\/v2\/product_tag?post=14856"}],"curies":[{"name":"wp","href":"https:\/\/api.w.org\/{rel}","templated":true}]}}