{"id":14849,"date":"2025-09-25T16:42:19","date_gmt":"2025-09-25T16:42:19","guid":{"rendered":"https:\/\/as-schwabe.de\/produkt\/przedluzacz-cube-2-gniazdowy-z-ladowaniem-indukcyjnym-18220\/"},"modified":"2025-10-23T00:13:33","modified_gmt":"2025-10-23T00:13:33","slug":"przedluzacz-cube-2-gniazdowy-z-ladowaniem-indukcyjnym-18220","status":"publish","type":"product","link":"https:\/\/as-schwabe.de\/pl\/produkt\/przedluzacz-cube-2-gniazdowy-z-ladowaniem-indukcyjnym-18220\/","title":{"rendered":"Przed\u0142u\u017cacz CUBE 2-gniazdowy z \u0142adowaniem indukcyjnym 3x USB,1,5 m H05VV-F 3G1,5 IP20 | 18220"},"content":{"rendered":"<p>Przed\u0142u\u017cacz CUBE 2-gniazdowy z \u0142adowaniem indukcyjnym to idealne rozwi\u0105zanie dla os\u00f3b poszukuj\u0105cych funkcjonalno\u015bci i wygody w jednym urz\u0105dzeniu. Wyposa\u017cony w przew\u00f3d zasilaj\u0105cy H05VV-F 3G1,5 o d\u0142ugo\u015bci 1,5 m oraz wtyczk\u0119 k\u0105tow\u0105, zapewnia niezawodne zasilanie o parametrach 230 V i 16 A, jednocze\u015bnie oferuj\u0105c dwa gniazda z uziemieniem oraz trzy porty USB o mocy 5 V, 2,4 A. Dodatkowo, innowacyjna \u0142adowarka indukcyjna o mocy 5 W umo\u017cliwia wygodne \u0142adowanie urz\u0105dze\u0144 mobilnych bez zb\u0119dnych kabli. Pod\u015bwietlany w\u0142\u0105cznik zwi\u0119ksza komfort korzystania z urz\u0105dzenia, a klasa ochrony IP20 sprawia, \u017ce idealnie nadaje si\u0119 do u\u017cytku wewn\u0105trz pomieszcze\u0144. Dzi\u0119ki maksymalnej mocy 3500 W, przed\u0142u\u017cacz CUBE jest nie tylko funkcjonalnym, lecz tak\u017ce bezpiecznym sprz\u0119tem do codziennego u\u017cytku.<\/p>","protected":false},"excerpt":{"rendered":"<div class=\"icons\" style=\"display: flex; flex-wrap: wrap; gap: 5px; align-items: center; margin-top: 10px;\"><img decoding=\"async\" src=\"https:\/\/as-schwabe.de\/wp-content\/uploads\/ikony\/znak_SCH.png\" alt=\"\" width=\"45\" height=\"50\" \/><img decoding=\"async\" src=\"https:\/\/as-schwabe.de\/wp-content\/uploads\/ikony\/znak_CE.png\" alt=\"\" width=\"50\" height=\"50\" \/><img decoding=\"async\" src=\"https:\/\/as-schwabe.de\/wp-content\/uploads\/ikony\/znak_IP20.png\" alt=\"\" width=\"50\" height=\"50\" \/><img loading=\"lazy\" decoding=\"async\" src=\"https:\/\/as-schwabe.de\/wp-content\/uploads\/ikony\/znak_D.png\" alt=\"\" width=\"50\" height=\"50\" \/><\/div>\n<ul>\n<li>powierzchnia \u0142aduj\u0105ca 5 W dla telefon\u00f3w kom\u00f3rkowych z funkcj\u0105 \u0142adowania indukcyjnego <\/li>\n<li>z pod\u015bwietlanym w\u0142\u0105cznikiem <\/li>\n<li>1,5 m kabel PCV H05VV-F 3G1,5 z wtyczk\u0105 k\u0105tow\u0105 z uziemieniem <\/li>\n<li>z przes\u0142onami tor\u00f3w pr\u0105dowych <\/li>\n<li>230 V, 16 A, 50-60 Hz, maks. 3500 W <\/li>\n<li>IP20: do u\u017cytku w pomieszczeniach zamkni\u0119tych<\/li>\n<\/ul>","protected":false},"featured_media":35054,"template":"","meta":{"inline_featured_image":false},"genre":[509],"product_cat":[525,536],"product_tag":[],"class_list":{"0":"post-14849","1":"product","2":"type-product","3":"status-publish","4":"has-post-thumbnail","6":"product_brand-as-schwabe-pl","7":"product_cat-dom-i-ogrod-2-pl","8":"product_cat-przedluzacze-home-office-pl","10":"first","11":"instock","12":"shipping-taxable","13":"product-type-simple"},"aioseo_notices":[],"_links":{"self":[{"href":"https:\/\/as-schwabe.de\/pl\/wp-json\/wp\/v2\/product\/14849","targetHints":{"allow":["GET"]}}],"collection":[{"href":"https:\/\/as-schwabe.de\/pl\/wp-json\/wp\/v2\/product"}],"about":[{"href":"https:\/\/as-schwabe.de\/pl\/wp-json\/wp\/v2\/types\/product"}],"version-history":[{"count":0,"href":"https:\/\/as-schwabe.de\/pl\/wp-json\/wp\/v2\/product\/14849\/revisions"}],"wp:featuredmedia":[{"embeddable":true,"href":"https:\/\/as-schwabe.de\/pl\/wp-json\/wp\/v2\/media\/35054"}],"wp:attachment":[{"href":"https:\/\/as-schwabe.de\/pl\/wp-json\/wp\/v2\/media?parent=14849"}],"wp:term":[{"taxonomy":"product_brand","embeddable":true,"href":"https:\/\/as-schwabe.de\/pl\/wp-json\/wp\/v2\/genre?post=14849"},{"taxonomy":"product_cat","embeddable":true,"href":"https:\/\/as-schwabe.de\/pl\/wp-json\/wp\/v2\/product_cat?post=14849"},{"taxonomy":"product_tag","embeddable":true,"href":"https:\/\/as-schwabe.de\/pl\/wp-json\/wp\/v2\/product_tag?post=14849"}],"curies":[{"name":"wp","href":"https:\/\/api.w.org\/{rel}","templated":true}]}}