{"id":14846,"date":"2025-09-25T16:42:16","date_gmt":"2025-09-25T16:42:16","guid":{"rendered":"https:\/\/as-schwabe.de\/produkt\/przedluzacz-listwowy-6-gn-flash-usb-h05vv-f-3g15-15-m-18212\/"},"modified":"2025-10-23T00:13:32","modified_gmt":"2025-10-23T00:13:32","slug":"przedluzacz-listwowy-6-gn-flash-usb-h05vv-f-3g15-15-m-18212","status":"publish","type":"product","link":"https:\/\/as-schwabe.de\/pl\/produkt\/przedluzacz-listwowy-6-gn-flash-usb-h05vv-f-3g15-15-m-18212\/","title":{"rendered":"Przed\u0142u\u017cacz listwowy 6-gniazdowy FLASH 2x USB 1,5 m H05VV-F 3G1,5 BIA IP20 | 18212"},"content":{"rendered":"<p>Przed\u0142u\u017cacz listwowy 6-gniazdowy FLASH USB to niezawodne rozwi\u0105zanie do zasilania r\u00f3\u017cnorodnych urz\u0105dze\u0144 elektronicznych w domach i biurach. Wyposa\u017cony w wtyczk\u0119 k\u0105tow\u0105 2P+Z oraz 6 gniazd z uziemieniem, zapewnia wygodny dost\u0119p do energii elektrycznej dla wielu urz\u0105dze\u0144 jednocze\u015bnie. Dodatkowe dwa porty USB o nat\u0119\u017ceniu 2,4 A umo\u017cliwiaj\u0105 szybkie \u0142adowanie smartfon\u00f3w i tablet\u00f3w. Produkt charakteryzuje si\u0119 maksymalnym obci\u0105\u017ceniem 230 V, 16 A oraz moc\u0105 do 3500 W, co czyni go idealnym rozwi\u0105zaniem do intensywnego u\u017cytkowania. Pod\u015bwietlany w\u0142\u0105cznik oraz klasa ochrony IP20 sprawiaj\u0105, \u017ce jest to bezpieczne i funkcjonalne akcesorium do u\u017cytku wewn\u0119trznego. D\u0142ugo\u015b\u0107 1,5 m umo\u017cliwia elastyczne rozmieszczenie urz\u0105dze\u0144, co zwi\u0119ksza komfort codziennego u\u017cytkowania.<\/p>","protected":false},"excerpt":{"rendered":"<div class=\"icons\" style=\"display: flex; flex-wrap: wrap; gap: 5px; align-items: center; margin-top: 10px;\"><img decoding=\"async\" src=\"https:\/\/as-schwabe.de\/wp-content\/uploads\/ikony\/znak_SCH.png\" alt=\"\" width=\"45\" height=\"50\" \/><img decoding=\"async\" src=\"https:\/\/as-schwabe.de\/wp-content\/uploads\/ikony\/znak_CE.png\" alt=\"\" width=\"50\" height=\"50\" \/><img decoding=\"async\" src=\"https:\/\/as-schwabe.de\/wp-content\/uploads\/ikony\/znak_IP20.png\" alt=\"\" width=\"50\" height=\"50\" \/><img loading=\"lazy\" decoding=\"async\" src=\"https:\/\/as-schwabe.de\/wp-content\/uploads\/ikony\/znak_D.png\" alt=\"\" width=\"50\" height=\"50\" \/><\/div>\n<ul>\n<li>6-gniazdowy z 2 portami USB 5 V \/ 2000 mAh <\/li>\n<li>z kablem PCV H05VV-F 3G1,5 i k\u0105tow\u0105 wtyczk\u0105 z uziemieniem <\/li>\n<li>gniazda obr\u00f3cone o 45\u00b0, z przes\u0142onami tor\u00f3w pr\u0105dowych<\/li>\n<\/ul>","protected":false},"featured_media":29525,"template":"","meta":{"inline_featured_image":false},"genre":[509],"product_cat":[525,535],"product_tag":[],"class_list":{"0":"post-14846","1":"product","2":"type-product","3":"status-publish","4":"has-post-thumbnail","6":"product_brand-as-schwabe-pl","7":"product_cat-dom-i-ogrod-2-pl","8":"product_cat-przedluzacze-przeciwprzepieciowe-pl","10":"first","11":"instock","12":"shipping-taxable","13":"product-type-simple"},"aioseo_notices":[],"_links":{"self":[{"href":"https:\/\/as-schwabe.de\/pl\/wp-json\/wp\/v2\/product\/14846","targetHints":{"allow":["GET"]}}],"collection":[{"href":"https:\/\/as-schwabe.de\/pl\/wp-json\/wp\/v2\/product"}],"about":[{"href":"https:\/\/as-schwabe.de\/pl\/wp-json\/wp\/v2\/types\/product"}],"version-history":[{"count":0,"href":"https:\/\/as-schwabe.de\/pl\/wp-json\/wp\/v2\/product\/14846\/revisions"}],"wp:featuredmedia":[{"embeddable":true,"href":"https:\/\/as-schwabe.de\/pl\/wp-json\/wp\/v2\/media\/29525"}],"wp:attachment":[{"href":"https:\/\/as-schwabe.de\/pl\/wp-json\/wp\/v2\/media?parent=14846"}],"wp:term":[{"taxonomy":"product_brand","embeddable":true,"href":"https:\/\/as-schwabe.de\/pl\/wp-json\/wp\/v2\/genre?post=14846"},{"taxonomy":"product_cat","embeddable":true,"href":"https:\/\/as-schwabe.de\/pl\/wp-json\/wp\/v2\/product_cat?post=14846"},{"taxonomy":"product_tag","embeddable":true,"href":"https:\/\/as-schwabe.de\/pl\/wp-json\/wp\/v2\/product_tag?post=14846"}],"curies":[{"name":"wp","href":"https:\/\/api.w.org\/{rel}","templated":true}]}}