{"id":14838,"date":"2025-09-25T16:42:06","date_gmt":"2025-09-25T16:42:06","guid":{"rendered":"https:\/\/as-schwabe.de\/produkt\/gniazdo-zasilajace-rack-19-1u-bez-kabla-7-gniazdo-18195\/"},"modified":"2025-10-23T00:13:32","modified_gmt":"2025-10-23T00:13:32","slug":"gniazdo-zasilajace-rack-19-1u-bez-kabla-7-gniazdo-18195","status":"publish","type":"product","link":"https:\/\/as-schwabe.de\/pl\/produkt\/gniazdo-zasilajace-rack-19-1u-bez-kabla-7-gniazdo-18195\/","title":{"rendered":"Gniazdo zasilaj\u0105ce RACK 19&#8243; 1U, bez kabla, 7x gniazdo z uziemieniem 2P+Z | 18195"},"content":{"rendered":"<p>Gniazdo zasilaj\u0105ce RACK 19&#8243; 1U to praktyczne rozwi\u0105zanie dla profesjonalnych aplikacji w szafach serwerowych. Wyposa\u017cone w 7 gniazd z uziemieniem 2P+Z oraz maksymalnym obci\u0105\u017ceniem 230 V, 16 A i 3500 W, zapewnia stabilne zasilanie dla r\u00f3\u017cnych urz\u0105dze\u0144. Solidna obudowa wykonana z aluminium gwarantuje trwa\u0142o\u015b\u0107 i odporno\u015b\u0107 na uszkodzenia, a wbudowany w\u0142\u0105cznik pod\u015bwietlany umo\u017cliwia \u0142atwe zarz\u0105dzanie zasilaniem. Klipsy monta\u017cowe z regulowanym k\u0105tem zapewniaj\u0105 elastyczno\u015b\u0107 w instalacji, co czyni ten produkt idealnym wyborem do zastosowa\u0144 wewn\u0119trznych, gdzie wymagana jest wysoka funkcjonalno\u015b\u0107 oraz estetyka. Oznaczenie IP20 wskazuje, \u017ce gniazdo jest przeznaczone do u\u017cytkowania w pomieszczeniach, co czyni je niezast\u0105pionym elementem w ka\u017cdej nowoczesnej serwerowni.<\/p>","protected":false},"excerpt":{"rendered":"<div class=\"icons\" style=\"display: flex; flex-wrap: wrap; gap: 5px; align-items: center; margin-top: 10px;\"><img decoding=\"async\" src=\"https:\/\/as-schwabe.de\/wp-content\/uploads\/ikony\/znak_SCH.png\" alt=\"\" width=\"45\" height=\"50\" \/><img decoding=\"async\" src=\"https:\/\/as-schwabe.de\/wp-content\/uploads\/ikony\/znak_CE.png\" alt=\"\" width=\"50\" height=\"50\" \/><img decoding=\"async\" src=\"https:\/\/as-schwabe.de\/wp-content\/uploads\/ikony\/znak_IP20.png\" alt=\"\" width=\"50\" height=\"50\" \/><img loading=\"lazy\" decoding=\"async\" src=\"https:\/\/as-schwabe.de\/wp-content\/uploads\/ikony\/znak_D.png\" alt=\"\" width=\"50\" height=\"50\" \/><\/div>\n<ul>\n<li>do\u0142\u0105czone boczne zaciski monta\u017cowe mo\u017cna umie\u015bci\u0107 poziomo, pionowo i pod k\u0105tem 30\u00b0 <\/li>\n<li>stabilna obudowa aluminiowa o znormalizowanej konstrukcji <\/li>\n<li>7 gniazd z uziemieniem z przes\u0142onami tor\u00f3w pr\u0105dowych w uk\u0142adzie 45\u00b0 <\/li>\n<li>listwa zasilaj\u0105ca z du\u017c\u0105 przestrzeni\u0105 przy\u0142\u0105czeniow\u0105 do samodzielnego monta\u017cu kabla do w 3G1,5 (kabel nie wchodzi w sk\u0142ad zestawu) <\/li>\n<li>z pod\u015bwietlanym w\u0142\u0105cznikiem <\/li>\n<li>wysoko\u015b\u0107 (jednostka stojaka): 1 U (44,45 mm) <\/li>\n<li>230 V, 16 A, maks. 3500 W <\/li>\n<li>IP20: do u\u017cytku w pomieszczeniach zamkni\u0119tych<\/li>\n<\/ul>","protected":false},"featured_media":29524,"template":"","meta":{"inline_featured_image":false},"genre":[509],"product_cat":[525,534],"product_tag":[],"class_list":{"0":"post-14838","1":"product","2":"type-product","3":"status-publish","4":"has-post-thumbnail","6":"product_brand-as-schwabe-pl","7":"product_cat-dom-i-ogrod-2-pl","8":"product_cat-przedluzacze-serwerowe-19-pl","10":"first","11":"instock","12":"shipping-taxable","13":"product-type-simple"},"aioseo_notices":[],"_links":{"self":[{"href":"https:\/\/as-schwabe.de\/pl\/wp-json\/wp\/v2\/product\/14838","targetHints":{"allow":["GET"]}}],"collection":[{"href":"https:\/\/as-schwabe.de\/pl\/wp-json\/wp\/v2\/product"}],"about":[{"href":"https:\/\/as-schwabe.de\/pl\/wp-json\/wp\/v2\/types\/product"}],"version-history":[{"count":0,"href":"https:\/\/as-schwabe.de\/pl\/wp-json\/wp\/v2\/product\/14838\/revisions"}],"wp:featuredmedia":[{"embeddable":true,"href":"https:\/\/as-schwabe.de\/pl\/wp-json\/wp\/v2\/media\/29524"}],"wp:attachment":[{"href":"https:\/\/as-schwabe.de\/pl\/wp-json\/wp\/v2\/media?parent=14838"}],"wp:term":[{"taxonomy":"product_brand","embeddable":true,"href":"https:\/\/as-schwabe.de\/pl\/wp-json\/wp\/v2\/genre?post=14838"},{"taxonomy":"product_cat","embeddable":true,"href":"https:\/\/as-schwabe.de\/pl\/wp-json\/wp\/v2\/product_cat?post=14838"},{"taxonomy":"product_tag","embeddable":true,"href":"https:\/\/as-schwabe.de\/pl\/wp-json\/wp\/v2\/product_tag?post=14838"}],"curies":[{"name":"wp","href":"https:\/\/api.w.org\/{rel}","templated":true}]}}