{"id":14832,"date":"2025-09-25T16:42:00","date_gmt":"2025-09-25T16:42:00","guid":{"rendered":"https:\/\/as-schwabe.de\/produkt\/przedluzacz-listwowy-9-gn-rack-19-h05vv-f-3g15-2-m-18194\/"},"modified":"2025-10-23T00:13:31","modified_gmt":"2025-10-23T00:13:31","slug":"przedluzacz-listwowy-9-gn-rack-19-h05vv-f-3g15-2-m-18194","status":"publish","type":"product","link":"https:\/\/as-schwabe.de\/pl\/produkt\/przedluzacz-listwowy-9-gn-rack-19-h05vv-f-3g15-2-m-18194\/","title":{"rendered":"Przed\u0142u\u017cacz listwowy 9-gniazdowy RACK 19&#8243; 1U 2 m H05VV-F 3G1,5 | 18194"},"content":{"rendered":"<p>Przed\u0142u\u017cacz listwowy 9-gniazdowy RACK 19&#8243; 1U to idealne rozwi\u0105zanie do zasilania urz\u0105dze\u0144 w szafach serwerowych. Dzi\u0119ki kompaktowej obudowie wykonanej z aluminium, urz\u0105dzenie zajmuje minimaln\u0105 przestrze\u0144 i zapewnia estetyczny wygl\u0105d w ka\u017cdej instalacji. Wyposa\u017cony w k\u0105tow\u0105 wtyczk\u0119 2P+Z oraz dziewi\u0119\u0107 gniazd z uziemieniem, umo\u017cliwia jednoczesne pod\u0142\u0105czenie wielu urz\u0105dze\u0144 przy maksymalnym obci\u0105\u017ceniu wynosz\u0105cym 230 V, 16 A i 3500 W. Przeznaczony do u\u017cytku wewn\u0119trznego (IP20), stanowi niezawodne wsparcie w organizacji kabli oraz zarz\u0105dzaniu zasilaniem w serwerowniach i Data Center. Dzi\u0119ki d\u0142ugo\u015bci 2 metr\u00f3w, zapewnia elastyczno\u015b\u0107 monta\u017cu i \u0142atwy dost\u0119p do gniazd.<\/p>","protected":false},"excerpt":{"rendered":"<div class=\"icons\" style=\"display: flex; flex-wrap: wrap; gap: 5px; align-items: center; margin-top: 10px;\"><img decoding=\"async\" src=\"https:\/\/as-schwabe.de\/wp-content\/uploads\/ikony\/znak_SCH.png\" alt=\"\" width=\"45\" height=\"50\" \/><img decoding=\"async\" src=\"https:\/\/as-schwabe.de\/wp-content\/uploads\/ikony\/znak_CE.png\" alt=\"\" width=\"50\" height=\"50\" \/><img decoding=\"async\" src=\"https:\/\/as-schwabe.de\/wp-content\/uploads\/ikony\/znak_IP20.png\" alt=\"\" width=\"50\" height=\"50\" \/><img loading=\"lazy\" decoding=\"async\" src=\"https:\/\/as-schwabe.de\/wp-content\/uploads\/ikony\/znak_D.png\" alt=\"\" width=\"50\" height=\"50\" \/><\/div>\n<ul>\n<li>stabilna obudowa z tworzywa sztucznego lub aluminium o znormalizowanej konstrukcji <\/li>\n<li>gniazda z uziemieniem z przes\u0142onami tor\u00f3w pr\u0105dowych w uk\u0142adzie 45\u00b0 <\/li>\n<li>wysoko\u015b\u0107 (jednostka stojaka): 1 U (44,45 mm) <\/li>\n<li>230 V, 16 A, maks. 3500 W* <\/li>\n<li>IP20: do u\u017cytku w pomieszczeniach zamkni\u0119tych <\/li>\n<li>Uc: pr\u0105d znamionowy, Uoc: maks. pr\u0105d wy\u0142adowczy, Up: znamionowy pr\u0105d wy\u0142adowczy  <\/li>\n<\/ul>","protected":false},"featured_media":29521,"template":"","meta":{"inline_featured_image":false},"genre":[509],"product_cat":[525,534],"product_tag":[],"class_list":{"0":"post-14832","1":"product","2":"type-product","3":"status-publish","4":"has-post-thumbnail","6":"product_brand-as-schwabe-pl","7":"product_cat-dom-i-ogrod-2-pl","8":"product_cat-przedluzacze-serwerowe-19-pl","10":"first","11":"instock","12":"shipping-taxable","13":"product-type-simple"},"aioseo_notices":[],"_links":{"self":[{"href":"https:\/\/as-schwabe.de\/pl\/wp-json\/wp\/v2\/product\/14832","targetHints":{"allow":["GET"]}}],"collection":[{"href":"https:\/\/as-schwabe.de\/pl\/wp-json\/wp\/v2\/product"}],"about":[{"href":"https:\/\/as-schwabe.de\/pl\/wp-json\/wp\/v2\/types\/product"}],"version-history":[{"count":0,"href":"https:\/\/as-schwabe.de\/pl\/wp-json\/wp\/v2\/product\/14832\/revisions"}],"wp:featuredmedia":[{"embeddable":true,"href":"https:\/\/as-schwabe.de\/pl\/wp-json\/wp\/v2\/media\/29521"}],"wp:attachment":[{"href":"https:\/\/as-schwabe.de\/pl\/wp-json\/wp\/v2\/media?parent=14832"}],"wp:term":[{"taxonomy":"product_brand","embeddable":true,"href":"https:\/\/as-schwabe.de\/pl\/wp-json\/wp\/v2\/genre?post=14832"},{"taxonomy":"product_cat","embeddable":true,"href":"https:\/\/as-schwabe.de\/pl\/wp-json\/wp\/v2\/product_cat?post=14832"},{"taxonomy":"product_tag","embeddable":true,"href":"https:\/\/as-schwabe.de\/pl\/wp-json\/wp\/v2\/product_tag?post=14832"}],"curies":[{"name":"wp","href":"https:\/\/api.w.org\/{rel}","templated":true}]}}