{"id":14826,"date":"2025-09-25T16:41:55","date_gmt":"2025-09-25T16:41:55","guid":{"rendered":"https:\/\/as-schwabe.de\/produkt\/listwa-przeciwprzepieciowa-8-gn-rack-19-h05vv-f-3g15-2-m-18193\/"},"modified":"2025-10-23T00:13:31","modified_gmt":"2025-10-23T00:13:31","slug":"listwa-przeciwprzepieciowa-8-gn-rack-19-h05vv-f-3g15-2-m-18193","status":"publish","type":"product","link":"https:\/\/as-schwabe.de\/pl\/produkt\/listwa-przeciwprzepieciowa-8-gn-rack-19-h05vv-f-3g15-2-m-18193\/","title":{"rendered":"Przed\u0142u\u017cacz listwowy przeciwprzepi\u0119ciowy 8-gniazdowy RACK 19&#8243; 1U 2 m H05VV-F 3G1,5 | 18193"},"content":{"rendered":"<p>Przed\u0142u\u017cacz listwowy przeciwprzepi\u0119ciowy 8-gniazdowy RACK 19&#8243; 1U to idealne rozwi\u0105zanie do monta\u017cu w szafach serwerowych, zapewniaj\u0105ce stabilne zasilanie dla sprz\u0119tu IT. Wyposa\u017cony w 8 gniazd z uziemieniem (2P+Z), umo\u017cliwia pod\u0142\u0105czenie r\u00f3\u017cnorodnych urz\u0105dze\u0144 w obr\u0119bie jednego systemu. Jego anodowana aluminiowa obudowa gwarantuje trwa\u0142o\u015b\u0107 i odporno\u015b\u0107 na uszkodzenia, a wbudowany uk\u0142ad przeciwprzepi\u0119ciowy chroni pod\u0142\u0105czony sprz\u0119t przed szkodliwymi skokami napi\u0119cia. Dodatkowo, sygnalizacja stanu uk\u0142adu zabezpieczaj\u0105cego informuje o gotowo\u015bci do pracy. Dzi\u0119ki maksymalnej mocy 2300 W i zabezpieczeniu IP20, produkt ten jest przeznaczony do u\u017cytku wewn\u0119trznego w biurach i centrach danych, co czyni go niezast\u0105pionym akcesorium dla profesjonalnych u\u017cytkownik\u00f3w.<\/p>","protected":false},"excerpt":{"rendered":"<div class=\"icons\" style=\"display: flex; flex-wrap: wrap; gap: 5px; align-items: center; margin-top: 10px;\"><img decoding=\"async\" src=\"https:\/\/as-schwabe.de\/wp-content\/uploads\/ikony\/znak_SCH.png\" alt=\"\" width=\"45\" height=\"50\" \/><img decoding=\"async\" src=\"https:\/\/as-schwabe.de\/wp-content\/uploads\/ikony\/znak_CE.png\" alt=\"\" width=\"50\" height=\"50\" \/><img decoding=\"async\" src=\"https:\/\/as-schwabe.de\/wp-content\/uploads\/ikony\/znak_IP20.png\" alt=\"\" width=\"50\" height=\"50\" \/><img loading=\"lazy\" decoding=\"async\" src=\"https:\/\/as-schwabe.de\/wp-content\/uploads\/ikony\/znak_D.png\" alt=\"\" width=\"50\" height=\"50\" \/><\/div>\n<ul>\n<li>stabilna obudowa z tworzywa sztucznego lub aluminium o znormalizowanej konstrukcji <\/li>\n<li>gniazda z uziemieniem z przes\u0142onami tor\u00f3w pr\u0105dowych w uk\u0142adzie 45\u00b0 <\/li>\n<li>wysoko\u015b\u0107 (jednostka stojaka): 1 U (44,45 mm) <\/li>\n<li>230 V, 16 A, maks. 3500 W* <\/li>\n<li>IP20: do u\u017cytku w pomieszczeniach zamkni\u0119tych <\/li>\n<li>Uc: pr\u0105d znamionowy, Uoc: maks. pr\u0105d wy\u0142adowczy, Up: znamionowy pr\u0105d wy\u0142adowczy <\/li>\n<\/ul>","protected":false},"featured_media":29510,"template":"","meta":{"inline_featured_image":false},"genre":[509],"product_cat":[525,534],"product_tag":[],"class_list":{"0":"post-14826","1":"product","2":"type-product","3":"status-publish","4":"has-post-thumbnail","6":"product_brand-as-schwabe-pl","7":"product_cat-dom-i-ogrod-2-pl","8":"product_cat-przedluzacze-serwerowe-19-pl","10":"first","11":"instock","12":"shipping-taxable","13":"product-type-simple"},"aioseo_notices":[],"_links":{"self":[{"href":"https:\/\/as-schwabe.de\/pl\/wp-json\/wp\/v2\/product\/14826","targetHints":{"allow":["GET"]}}],"collection":[{"href":"https:\/\/as-schwabe.de\/pl\/wp-json\/wp\/v2\/product"}],"about":[{"href":"https:\/\/as-schwabe.de\/pl\/wp-json\/wp\/v2\/types\/product"}],"version-history":[{"count":0,"href":"https:\/\/as-schwabe.de\/pl\/wp-json\/wp\/v2\/product\/14826\/revisions"}],"wp:featuredmedia":[{"embeddable":true,"href":"https:\/\/as-schwabe.de\/pl\/wp-json\/wp\/v2\/media\/29510"}],"wp:attachment":[{"href":"https:\/\/as-schwabe.de\/pl\/wp-json\/wp\/v2\/media?parent=14826"}],"wp:term":[{"taxonomy":"product_brand","embeddable":true,"href":"https:\/\/as-schwabe.de\/pl\/wp-json\/wp\/v2\/genre?post=14826"},{"taxonomy":"product_cat","embeddable":true,"href":"https:\/\/as-schwabe.de\/pl\/wp-json\/wp\/v2\/product_cat?post=14826"},{"taxonomy":"product_tag","embeddable":true,"href":"https:\/\/as-schwabe.de\/pl\/wp-json\/wp\/v2\/product_tag?post=14826"}],"curies":[{"name":"wp","href":"https:\/\/api.w.org\/{rel}","templated":true}]}}