{"id":14820,"date":"2025-09-25T16:41:51","date_gmt":"2025-09-25T16:41:51","guid":{"rendered":"https:\/\/as-schwabe.de\/produkt\/listwa-przeciwprzepieciowa-8-gn-rack-19-1u-iec-c14-18192\/"},"modified":"2025-10-23T00:13:31","modified_gmt":"2025-10-23T00:13:31","slug":"listwa-przeciwprzepieciowa-8-gn-rack-19-1u-iec-c14-18192","status":"publish","type":"product","link":"https:\/\/as-schwabe.de\/pl\/produkt\/listwa-przeciwprzepieciowa-8-gn-rack-19-1u-iec-c14-18192\/","title":{"rendered":"Przed\u0142u\u017cacz listwowy przeciwprzepi\u0119ciowy 8-gniazdowy RACK 19&#8243; 1U IEC C14 3 m H05VV-F 3G1,5 | 18192"},"content":{"rendered":"<p>Przed\u0142u\u017cacz listwowy przeciwprzepi\u0119ciowy RACK 19&#8243; 1U to wydajne rozwi\u0105zanie dla profesjonalnych przestrzeni serwerowych, oferuj\u0105ce 8 gniazd z uziemieniem 2P+Z, co pozwala na bezpieczne pod\u0142\u0105czenie wielu urz\u0105dze\u0144. Dzi\u0119ki wtykowi IEC C14 oraz d\u0142ugo\u015bci kabla 3 m, umo\u017cliwia elastyczne rozmieszczenie sprz\u0119tu w szafach serwerowych. Wbudowany w\u0142\u0105cznik termiczny o warto\u015bci 10 A z funkcj\u0105 resetu zapewnia dodatkowe zabezpieczenie przed przeci\u0105\u017ceniem, co zwi\u0119ksza bezpiecze\u0144stwo pracy. Urz\u0105dzenie obs\u0142uguje maksymalne napi\u0119cie 230 V oraz moc do 2300 W, a tak\u017ce posiada klas\u0119 ochrony IP20, co czyni je idealnym rozwi\u0105zaniem do u\u017cytku wewn\u0119trznego. Idealnie wkomponuje si\u0119 w ka\u017cd\u0105 nowoczesn\u0105 infrastruktur\u0119 IT, podnosz\u0105c komfort i bezpiecze\u0144stwo codziennej pracy.<\/p>","protected":false},"excerpt":{"rendered":"<div class=\"icons\" style=\"display: flex; flex-wrap: wrap; gap: 5px; align-items: center; margin-top: 10px;\"><img decoding=\"async\" src=\"https:\/\/as-schwabe.de\/wp-content\/uploads\/ikony\/znak_SCH.png\" alt=\"\" width=\"45\" height=\"50\" \/><img decoding=\"async\" src=\"https:\/\/as-schwabe.de\/wp-content\/uploads\/ikony\/znak_CE.png\" alt=\"\" width=\"50\" height=\"50\" \/><img decoding=\"async\" src=\"https:\/\/as-schwabe.de\/wp-content\/uploads\/ikony\/znak_IP20.png\" alt=\"\" width=\"50\" height=\"50\" \/><img loading=\"lazy\" decoding=\"async\" src=\"https:\/\/as-schwabe.de\/wp-content\/uploads\/ikony\/znak_D.png\" alt=\"\" width=\"50\" height=\"50\" \/><\/div>\n<ul>\n<li>stabilna obudowa z tworzywa sztucznego lub aluminium o znormalizowanej konstrukcji <\/li>\n<li>gniazda z uziemieniem z przes\u0142onami tor\u00f3w pr\u0105dowych w uk\u0142adzie 45\u00b0 <\/li>\n<li>wysoko\u015b\u0107 (jednostka stojaka): 1 U (44,45 mm) <\/li>\n<li>230 V, 16 A, maks. 3500 W* <\/li>\n<li>IP20: do u\u017cytku w pomieszczeniach zamkni\u0119tych <\/li>\n<li>Uc: pr\u0105d znamionowy, Uoc: maks. pr\u0105d wy\u0142adowczy, Up: znamionowy pr\u0105d wy\u0142adowczy <\/li>\n<\/ul>","protected":false},"featured_media":29506,"template":"","meta":{"inline_featured_image":false},"genre":[509],"product_cat":[525,534],"product_tag":[],"class_list":{"0":"post-14820","1":"product","2":"type-product","3":"status-publish","4":"has-post-thumbnail","6":"product_brand-as-schwabe-pl","7":"product_cat-dom-i-ogrod-2-pl","8":"product_cat-przedluzacze-serwerowe-19-pl","10":"first","11":"instock","12":"shipping-taxable","13":"product-type-simple"},"aioseo_notices":[],"_links":{"self":[{"href":"https:\/\/as-schwabe.de\/pl\/wp-json\/wp\/v2\/product\/14820","targetHints":{"allow":["GET"]}}],"collection":[{"href":"https:\/\/as-schwabe.de\/pl\/wp-json\/wp\/v2\/product"}],"about":[{"href":"https:\/\/as-schwabe.de\/pl\/wp-json\/wp\/v2\/types\/product"}],"version-history":[{"count":0,"href":"https:\/\/as-schwabe.de\/pl\/wp-json\/wp\/v2\/product\/14820\/revisions"}],"wp:featuredmedia":[{"embeddable":true,"href":"https:\/\/as-schwabe.de\/pl\/wp-json\/wp\/v2\/media\/29506"}],"wp:attachment":[{"href":"https:\/\/as-schwabe.de\/pl\/wp-json\/wp\/v2\/media?parent=14820"}],"wp:term":[{"taxonomy":"product_brand","embeddable":true,"href":"https:\/\/as-schwabe.de\/pl\/wp-json\/wp\/v2\/genre?post=14820"},{"taxonomy":"product_cat","embeddable":true,"href":"https:\/\/as-schwabe.de\/pl\/wp-json\/wp\/v2\/product_cat?post=14820"},{"taxonomy":"product_tag","embeddable":true,"href":"https:\/\/as-schwabe.de\/pl\/wp-json\/wp\/v2\/product_tag?post=14820"}],"curies":[{"name":"wp","href":"https:\/\/api.w.org\/{rel}","templated":true}]}}