{"id":14814,"date":"2025-09-25T16:41:45","date_gmt":"2025-09-25T16:41:45","guid":{"rendered":"https:\/\/as-schwabe.de\/produkt\/przedluzacz-listwowy-8-gn-rack-19-z-wl-h05vv-f-3g15-3-m-18191\/"},"modified":"2025-10-23T00:13:30","modified_gmt":"2025-10-23T00:13:30","slug":"przedluzacz-listwowy-8-gn-rack-19-z-wl-h05vv-f-3g15-3-m-18191","status":"publish","type":"product","link":"https:\/\/as-schwabe.de\/pl\/produkt\/przedluzacz-listwowy-8-gn-rack-19-z-wl-h05vv-f-3g15-3-m-18191\/","title":{"rendered":"Przed\u0142u\u017cacz listwowy 8-gniazdowy z w\u0142\u0105cznikiem RACK 19&#8243; 1U 3 m H05VV-F 3G1,5 | 18191"},"content":{"rendered":"<p>Przed\u0142u\u017cacz listwowy 8-gniazdowy RACK 19&#8243; 1U to niezawodne rozwi\u0105zanie dedykowane do monta\u017cu w szafach serwerowych. Z konstrukcj\u0105 o maksymalnym napi\u0119ciu 230 V, pr\u0105dzie 16 A i mocy 3500 W, zapewnia stabilne zasilanie dla urz\u0105dze\u0144 IT. Wysoka jako\u015b\u0107 wykonania, wraz z zastosowanym przewodem H05VV-F 3G1,5 i pod\u015bwietlanym w\u0142\u0105cznikiem, gwarantuje nie tylko bezpiecze\u0144stwo, ale tak\u017ce wygod\u0119 u\u017cytkowania. Czarna obudowa o stopniu ochrony IP20 idealnie sprawdzi si\u0119 w warunkach wewn\u0119trznych, a k\u0105towa wtyczka 2P+Z umo\u017cliwia \u0142atwy monta\u017c i dost\u0119p do energii w ka\u017cdym miejscu szafy. Z osiemmi gniazdami z uziemieniem 2P+Z, produkt ten skutecznie zaspokaja potrzeby rozbudowanych system\u00f3w informatycznych.<\/p>","protected":false},"excerpt":{"rendered":"<div class=\"icons\" style=\"display: flex; flex-wrap: wrap; gap: 5px; align-items: center; margin-top: 10px;\"><img decoding=\"async\" src=\"https:\/\/as-schwabe.de\/wp-content\/uploads\/ikony\/znak_SCH.png\" alt=\"\" width=\"45\" height=\"50\" \/><img decoding=\"async\" src=\"https:\/\/as-schwabe.de\/wp-content\/uploads\/ikony\/znak_CE.png\" alt=\"\" width=\"50\" height=\"50\" \/><img decoding=\"async\" src=\"https:\/\/as-schwabe.de\/wp-content\/uploads\/ikony\/znak_IP20.png\" alt=\"\" width=\"50\" height=\"50\" \/><img loading=\"lazy\" decoding=\"async\" src=\"https:\/\/as-schwabe.de\/wp-content\/uploads\/ikony\/znak_D.png\" alt=\"\" width=\"50\" height=\"50\" \/><\/div>\n<ul>\n<li>stabilna obudowa z tworzywa sztucznego lub aluminium o znormalizowanej konstrukcji <\/li>\n<li>gniazda z uziemieniem z przes\u0142onami tor\u00f3w pr\u0105dowych w uk\u0142adzie 45\u00b0 <\/li>\n<li>wysoko\u015b\u0107 (jednostka stojaka): 1 U (44,45 mm) <\/li>\n<li>230 V, 16 A, maks. 3500 W* <\/li>\n<li>IP20: do u\u017cytku w pomieszczeniach zamkni\u0119tych <\/li>\n<li>Uc: pr\u0105d znamionowy, Uoc: maks. pr\u0105d wy\u0142adowczy, Up: znamionowy pr\u0105d wy\u0142adowczy <\/li>\n<\/ul>","protected":false},"featured_media":29505,"template":"","meta":{"inline_featured_image":false},"genre":[509],"product_cat":[525,534],"product_tag":[],"class_list":{"0":"post-14814","1":"product","2":"type-product","3":"status-publish","4":"has-post-thumbnail","6":"product_brand-as-schwabe-pl","7":"product_cat-dom-i-ogrod-2-pl","8":"product_cat-przedluzacze-serwerowe-19-pl","10":"first","11":"instock","12":"shipping-taxable","13":"product-type-simple"},"aioseo_notices":[],"_links":{"self":[{"href":"https:\/\/as-schwabe.de\/pl\/wp-json\/wp\/v2\/product\/14814","targetHints":{"allow":["GET"]}}],"collection":[{"href":"https:\/\/as-schwabe.de\/pl\/wp-json\/wp\/v2\/product"}],"about":[{"href":"https:\/\/as-schwabe.de\/pl\/wp-json\/wp\/v2\/types\/product"}],"version-history":[{"count":0,"href":"https:\/\/as-schwabe.de\/pl\/wp-json\/wp\/v2\/product\/14814\/revisions"}],"wp:featuredmedia":[{"embeddable":true,"href":"https:\/\/as-schwabe.de\/pl\/wp-json\/wp\/v2\/media\/29505"}],"wp:attachment":[{"href":"https:\/\/as-schwabe.de\/pl\/wp-json\/wp\/v2\/media?parent=14814"}],"wp:term":[{"taxonomy":"product_brand","embeddable":true,"href":"https:\/\/as-schwabe.de\/pl\/wp-json\/wp\/v2\/genre?post=14814"},{"taxonomy":"product_cat","embeddable":true,"href":"https:\/\/as-schwabe.de\/pl\/wp-json\/wp\/v2\/product_cat?post=14814"},{"taxonomy":"product_tag","embeddable":true,"href":"https:\/\/as-schwabe.de\/pl\/wp-json\/wp\/v2\/product_tag?post=14814"}],"curies":[{"name":"wp","href":"https:\/\/api.w.org\/{rel}","templated":true}]}}