{"id":14808,"date":"2025-09-25T16:41:37","date_gmt":"2025-09-25T16:41:37","guid":{"rendered":"https:\/\/as-schwabe.de\/produkt\/przedluzacz-listwowy-8-gn-rack-19-h05vv-f-3g15-3-m-18190\/"},"modified":"2025-10-23T00:13:30","modified_gmt":"2025-10-23T00:13:30","slug":"przedluzacz-listwowy-8-gn-rack-19-h05vv-f-3g15-3-m-18190","status":"publish","type":"product","link":"https:\/\/as-schwabe.de\/pl\/produkt\/przedluzacz-listwowy-8-gn-rack-19-h05vv-f-3g15-3-m-18190\/","title":{"rendered":"Przed\u0142u\u017cacz listwowy 8-gniazdowy RACK 19&#8243; 1U 3 m H05VV-F 3G1,5 | 18190"},"content":{"rendered":"<p>Przed\u0142u\u017cacz listwowy 8-gniazdowy RACK 19&#8243; 1U to idealne rozwi\u0105zanie dla wymagaj\u0105cych instalacji w szafach serwerowych. Wyposa\u017cony w 8 gniazd z uziemieniem 2P+Z, model ten umo\u017cliwia bezpieczne zasilanie urz\u0105dze\u0144 elektronicznych z maksymalnym obci\u0105\u017ceniem 16 A i 3500 W przy napi\u0119ciu do 230 V. Dzi\u0119ki wtyczce k\u0105towej oraz kompaktowej konstrukcji 1U, przed\u0142u\u017cacz zajmuje minimaln\u0105 przestrze\u0144, co u\u0142atwia organizacj\u0119 okablowania. Kabel o d\u0142ugo\u015bci 3 m oraz klasa ochrony IP20 sprawiaj\u0105, \u017ce produkt doskonale sprawdzi si\u0119 w warunkach wewn\u0119trznych. Ten przed\u0142u\u017cacz to gwarancja wydajno\u015bci, bezpiecze\u0144stwa i porz\u0105dku w ka\u017cdej serwerowni.<\/p>","protected":false},"excerpt":{"rendered":"<div class=\"icons\" style=\"display: flex; flex-wrap: wrap; gap: 5px; align-items: center; margin-top: 10px;\"><img decoding=\"async\" src=\"https:\/\/as-schwabe.de\/wp-content\/uploads\/ikony\/znak_SCH.png\" alt=\"\" width=\"45\" height=\"50\" \/><img decoding=\"async\" src=\"https:\/\/as-schwabe.de\/wp-content\/uploads\/ikony\/znak_CE.png\" alt=\"\" width=\"50\" height=\"50\" \/><img decoding=\"async\" src=\"https:\/\/as-schwabe.de\/wp-content\/uploads\/ikony\/znak_IP20.png\" alt=\"\" width=\"50\" height=\"50\" \/><img loading=\"lazy\" decoding=\"async\" src=\"https:\/\/as-schwabe.de\/wp-content\/uploads\/ikony\/znak_D.png\" alt=\"\" width=\"50\" height=\"50\" \/><\/div>\n<ul>\n<li>stabilna obudowa z tworzywa sztucznego lub aluminium o znormalizowanej konstrukcji <\/li>\n<li>gniazda z uziemieniem z przes\u0142onami tor\u00f3w pr\u0105dowych w uk\u0142adzie 45\u00b0 <\/li>\n<li>wysoko\u015b\u0107 (jednostka stojaka): 1 U (44,45 mm) <\/li>\n<li>230 V, 16 A, maks. 3500 W* <\/li>\n<li>IP20: do u\u017cytku w pomieszczeniach zamkni\u0119tych <\/li>\n<li>Uc: pr\u0105d znamionowy, Uoc: maks. pr\u0105d wy\u0142adowczy, Up: znamionowy pr\u0105d wy\u0142adowczy <\/li>\n<\/ul>","protected":false},"featured_media":29490,"template":"","meta":{"inline_featured_image":false},"genre":[509],"product_cat":[525,534],"product_tag":[],"class_list":{"0":"post-14808","1":"product","2":"type-product","3":"status-publish","4":"has-post-thumbnail","6":"product_brand-as-schwabe-pl","7":"product_cat-dom-i-ogrod-2-pl","8":"product_cat-przedluzacze-serwerowe-19-pl","10":"first","11":"instock","12":"shipping-taxable","13":"product-type-simple"},"aioseo_notices":[],"_links":{"self":[{"href":"https:\/\/as-schwabe.de\/pl\/wp-json\/wp\/v2\/product\/14808","targetHints":{"allow":["GET"]}}],"collection":[{"href":"https:\/\/as-schwabe.de\/pl\/wp-json\/wp\/v2\/product"}],"about":[{"href":"https:\/\/as-schwabe.de\/pl\/wp-json\/wp\/v2\/types\/product"}],"version-history":[{"count":0,"href":"https:\/\/as-schwabe.de\/pl\/wp-json\/wp\/v2\/product\/14808\/revisions"}],"wp:featuredmedia":[{"embeddable":true,"href":"https:\/\/as-schwabe.de\/pl\/wp-json\/wp\/v2\/media\/29490"}],"wp:attachment":[{"href":"https:\/\/as-schwabe.de\/pl\/wp-json\/wp\/v2\/media?parent=14808"}],"wp:term":[{"taxonomy":"product_brand","embeddable":true,"href":"https:\/\/as-schwabe.de\/pl\/wp-json\/wp\/v2\/genre?post=14808"},{"taxonomy":"product_cat","embeddable":true,"href":"https:\/\/as-schwabe.de\/pl\/wp-json\/wp\/v2\/product_cat?post=14808"},{"taxonomy":"product_tag","embeddable":true,"href":"https:\/\/as-schwabe.de\/pl\/wp-json\/wp\/v2\/product_tag?post=14808"}],"curies":[{"name":"wp","href":"https:\/\/api.w.org\/{rel}","templated":true}]}}