{"id":14800,"date":"2025-09-25T16:41:29","date_gmt":"2025-09-25T16:41:29","guid":{"rendered":"https:\/\/as-schwabe.de\/produkt\/przedluzacz-kasetowy-kwadratowy-h05vv-f-3g15-15-m-16415\/"},"modified":"2025-10-23T00:13:30","modified_gmt":"2025-10-23T00:13:30","slug":"przedluzacz-kasetowy-kwadratowy-h05vv-f-3g15-15-m-16415","status":"publish","type":"product","link":"https:\/\/as-schwabe.de\/pl\/produkt\/przedluzacz-kasetowy-kwadratowy-h05vv-f-3g15-15-m-16415\/","title":{"rendered":"Przed\u0142u\u017cacz b\u0119bnowy plastikowy w obudowie 15 m H05VV-F 3G1,5 IP20 | 16415"},"content":{"rendered":"<p>Przed\u0142u\u017cacz b\u0119bnowy plastikowy w obudowie to doskona\u0142e rozwi\u0105zanie dla ka\u017cdego, kto potrzebuje wygodnego dost\u0119pu do zasilania w pomieszczeniach. Wyposa\u017cony w 15-metrowy kabel H05VV-F 3G1,5 oraz k\u0105tow\u0105 wtyczk\u0119, zapewnia elastyczno\u015b\u0107 i \u0142atwo\u015b\u0107 w u\u017cytkowaniu. Urz\u0105dzenie posiada cztery gniazda IP20 z uziemieniem, co umo\u017cliwia pod\u0142\u0105czenie do czterech urz\u0105dze\u0144 r\u00f3wnocze\u015bnie, a maksymalne obci\u0105\u017cenie wynosz\u0105ce 230 V i 16 A (3500 W) gwarantuje wysok\u0105 wydajno\u015b\u0107. Termik wbudowany w kaset\u0119 zapewnia bezpiecze\u0144stwo i ochron\u0119 przed przeci\u0105\u017ceniem. Dzi\u0119ki praktycznemu uchwytowi oraz estetycznej, niebiesko-czarnej obudowie, przed\u0142u\u017cacz doskonale sprawdzi si\u0119 zar\u00f3wno w domowych, jak i biurowych warunkach, \u0142\u0105cz\u0105c funkcjonalno\u015b\u0107 z nowoczesnym designem.<\/p>","protected":false},"excerpt":{"rendered":"<div class=\"icons\" style=\"display: flex; flex-wrap: wrap; gap: 5px; align-items: center; margin-top: 10px;\"><img decoding=\"async\" src=\"https:\/\/as-schwabe.de\/wp-content\/uploads\/ikony\/znak_SCH.png\" alt=\"\" width=\"45\" height=\"50\" \/><img decoding=\"async\" src=\"https:\/\/as-schwabe.de\/wp-content\/uploads\/ikony\/znak_CE.png\" alt=\"\" width=\"50\" height=\"50\" \/><img decoding=\"async\" src=\"https:\/\/as-schwabe.de\/wp-content\/uploads\/ikony\/znak_IP20.png\" alt=\"\" width=\"50\" height=\"50\" \/><img loading=\"lazy\" decoding=\"async\" src=\"https:\/\/as-schwabe.de\/wp-content\/uploads\/ikony\/znak_D.png\" alt=\"\" width=\"50\" height=\"50\" \/><img loading=\"lazy\" decoding=\"async\" src=\"https:\/\/as-schwabe.de\/wp-content\/uploads\/ikony\/znak_DE.png\" alt=\"\" width=\"50\" height=\"40\" \/><\/div>\n<ul>\n<li>kaseta przed\u0142u\u017cacza zbudowana z wytrzyma\u0142ego, odpornego na uderzenia tworzywa sztucznego, o nowoczesnym wygl\u0105dzie <\/li>\n<li>z praktycznym uchwytem <\/li>\n<li>z wbudowanym wy\u0142\u0105cznikiem termicznym <\/li>\n<li>pozwala na \u0142atwe zwijanie i rozwijanie <\/li>\n<li>IP20: do u\u017cytku wewn\u0105trz pomieszcze\u0144 <\/li>\n<li>z wbudowan\u0105 prowadnic\u0105 przewodu u\u0142atwiaj\u0105c\u0105 zwijanie i rozwijanie <\/li>\n<li>obrotowa korbka r\u0119czna: odpowiednia dla u\u017cytkownik\u00f3w lewo- i prawor\u0119cznych! <\/li>\n<li>z wtyczk\u0105 z uziemieniem <\/li>\n<li>4x gniazdo z uziemieniem i przes\u0142on\u0105 tor\u00f3w pr\u0105dowych <\/li>\n<li>230 V, 16 A, maks. 3500 W<\/li>\n<\/ul>","protected":false},"featured_media":29487,"template":"","meta":{"inline_featured_image":false},"genre":[509],"product_cat":[510,533],"product_tag":[],"class_list":{"0":"post-14800","1":"product","2":"type-product","3":"status-publish","4":"has-post-thumbnail","6":"product_brand-as-schwabe-pl","7":"product_cat-przedluzacze-bebnowe-pl","8":"product_cat-przedluzacze-w-obudowie-zamknietej-pl","10":"first","11":"instock","12":"shipping-taxable","13":"product-type-simple"},"aioseo_notices":[],"_links":{"self":[{"href":"https:\/\/as-schwabe.de\/pl\/wp-json\/wp\/v2\/product\/14800","targetHints":{"allow":["GET"]}}],"collection":[{"href":"https:\/\/as-schwabe.de\/pl\/wp-json\/wp\/v2\/product"}],"about":[{"href":"https:\/\/as-schwabe.de\/pl\/wp-json\/wp\/v2\/types\/product"}],"version-history":[{"count":0,"href":"https:\/\/as-schwabe.de\/pl\/wp-json\/wp\/v2\/product\/14800\/revisions"}],"wp:featuredmedia":[{"embeddable":true,"href":"https:\/\/as-schwabe.de\/pl\/wp-json\/wp\/v2\/media\/29487"}],"wp:attachment":[{"href":"https:\/\/as-schwabe.de\/pl\/wp-json\/wp\/v2\/media?parent=14800"}],"wp:term":[{"taxonomy":"product_brand","embeddable":true,"href":"https:\/\/as-schwabe.de\/pl\/wp-json\/wp\/v2\/genre?post=14800"},{"taxonomy":"product_cat","embeddable":true,"href":"https:\/\/as-schwabe.de\/pl\/wp-json\/wp\/v2\/product_cat?post=14800"},{"taxonomy":"product_tag","embeddable":true,"href":"https:\/\/as-schwabe.de\/pl\/wp-json\/wp\/v2\/product_tag?post=14800"}],"curies":[{"name":"wp","href":"https:\/\/api.w.org\/{rel}","templated":true}]}}