{"id":14792,"date":"2025-09-25T16:41:20","date_gmt":"2025-09-25T16:41:20","guid":{"rendered":"https:\/\/as-schwabe.de\/produkt\/przedluzacz-bebnowy-plastikowy-w-obudowie-h05vv-f-3g15-10-m-16410\/"},"modified":"2025-10-23T00:13:29","modified_gmt":"2025-10-23T00:13:29","slug":"przedluzacz-bebnowy-plastikowy-w-obudowie-h05vv-f-3g15-10-m-16410","status":"publish","type":"product","link":"https:\/\/as-schwabe.de\/pl\/produkt\/przedluzacz-bebnowy-plastikowy-w-obudowie-h05vv-f-3g15-10-m-16410\/","title":{"rendered":"Przed\u0142u\u017cacz b\u0119bnowy plastikowy w obudowie 10 m H05VV-F 3G1,5 IP20 | 16410"},"content":{"rendered":"<p>Przed\u0142u\u017cacz b\u0119bnowy plastikowy w obudowie to niezawodne rozwi\u0105zanie dla wszelkich potrzeb energetycznych w pomieszczeniach zamkni\u0119tych. Wyposa\u017cony w 10 metr\u00f3w kabla H05VV-F 3G1,5, wtyczk\u0119 k\u0105tow\u0105 oraz cztery gniazda IP20 z uziemieniem, umo\u017cliwia jednoczesne zasilanie wielu urz\u0105dze\u0144 o maksymalnej mocy 3500 W, co czyni go idealnym do biur, warsztat\u00f3w i dom\u00f3w. Dzi\u0119ki zastosowaniu termika, urz\u0105dzenie zapewnia dodatkowe zabezpieczenie przed przegrzaniem. Ergonomiczny uchwyt oraz kaseta o niebiesko-czarnym kolorze zwi\u0119kszaj\u0105 komfort u\u017cytkowania i estetyk\u0119 produktu. Oferuje on pe\u0142n\u0105 kompatybilno\u015b\u0107 z systemem 230 V, 16 A, 2P+Z, co zapewnia stabilne i bezpieczne zasilanie. Jego klasifikacja IP20 potwierdza, \u017ce jest przeznaczony do u\u017cytku wewn\u0119trznego, co sprawia, \u017ce jest idealnym wyborem do codziennego u\u017cytku.<\/p>","protected":false},"excerpt":{"rendered":"<div class=\"icons\" style=\"display: flex; flex-wrap: wrap; gap: 5px; align-items: center; margin-top: 10px;\"><img decoding=\"async\" src=\"https:\/\/as-schwabe.de\/wp-content\/uploads\/ikony\/znak_SCH.png\" alt=\"\" width=\"45\" height=\"50\" \/><img decoding=\"async\" src=\"https:\/\/as-schwabe.de\/wp-content\/uploads\/ikony\/znak_CE.png\" alt=\"\" width=\"50\" height=\"50\" \/><img decoding=\"async\" src=\"https:\/\/as-schwabe.de\/wp-content\/uploads\/ikony\/znak_IP20.png\" alt=\"\" width=\"50\" height=\"50\" \/><img loading=\"lazy\" decoding=\"async\" src=\"https:\/\/as-schwabe.de\/wp-content\/uploads\/ikony\/znak_D.png\" alt=\"\" width=\"50\" height=\"50\" \/><img loading=\"lazy\" decoding=\"async\" src=\"https:\/\/as-schwabe.de\/wp-content\/uploads\/ikony\/znak_DE.png\" alt=\"\" width=\"50\" height=\"40\" \/><\/div>\n<ul>\n<li>kaseta przed\u0142u\u017cacza zbudowana z wytrzyma\u0142ego, odpornego na uderzenia tworzywa sztucznego, o nowoczesnym wygl\u0105dzie <\/li>\n<li>z praktycznym uchwytem <\/li>\n<li>z wbudowanym wy\u0142\u0105cznikiem termicznym <\/li>\n<li>pozwala na \u0142atwe zwijanie i rozwijanie <\/li>\n<li>IP20: do u\u017cytku wewn\u0105trz pomieszcze\u0144<\/li>\n<\/ul>","protected":false},"featured_media":29486,"template":"","meta":{"inline_featured_image":false},"genre":[509],"product_cat":[510,533],"product_tag":[],"class_list":{"0":"post-14792","1":"product","2":"type-product","3":"status-publish","4":"has-post-thumbnail","6":"product_brand-as-schwabe-pl","7":"product_cat-przedluzacze-bebnowe-pl","8":"product_cat-przedluzacze-w-obudowie-zamknietej-pl","10":"first","11":"instock","12":"shipping-taxable","13":"product-type-simple"},"aioseo_notices":[],"_links":{"self":[{"href":"https:\/\/as-schwabe.de\/pl\/wp-json\/wp\/v2\/product\/14792","targetHints":{"allow":["GET"]}}],"collection":[{"href":"https:\/\/as-schwabe.de\/pl\/wp-json\/wp\/v2\/product"}],"about":[{"href":"https:\/\/as-schwabe.de\/pl\/wp-json\/wp\/v2\/types\/product"}],"version-history":[{"count":0,"href":"https:\/\/as-schwabe.de\/pl\/wp-json\/wp\/v2\/product\/14792\/revisions"}],"wp:featuredmedia":[{"embeddable":true,"href":"https:\/\/as-schwabe.de\/pl\/wp-json\/wp\/v2\/media\/29486"}],"wp:attachment":[{"href":"https:\/\/as-schwabe.de\/pl\/wp-json\/wp\/v2\/media?parent=14792"}],"wp:term":[{"taxonomy":"product_brand","embeddable":true,"href":"https:\/\/as-schwabe.de\/pl\/wp-json\/wp\/v2\/genre?post=14792"},{"taxonomy":"product_cat","embeddable":true,"href":"https:\/\/as-schwabe.de\/pl\/wp-json\/wp\/v2\/product_cat?post=14792"},{"taxonomy":"product_tag","embeddable":true,"href":"https:\/\/as-schwabe.de\/pl\/wp-json\/wp\/v2\/product_tag?post=14792"}],"curies":[{"name":"wp","href":"https:\/\/api.w.org\/{rel}","templated":true}]}}