{"id":14789,"date":"2025-09-25T16:41:16","date_gmt":"2025-09-25T16:41:16","guid":{"rendered":"https:\/\/as-schwabe.de\/produkt\/przedluzacz-bebnowy-w-obudowie-ip44-h07rn-f-3g15-15-m-16151\/"},"modified":"2025-10-23T00:13:29","modified_gmt":"2025-10-23T00:13:29","slug":"przedluzacz-bebnowy-w-obudowie-ip44-h07rn-f-3g15-15-m-16151","status":"publish","type":"product","link":"https:\/\/as-schwabe.de\/pl\/produkt\/przedluzacz-bebnowy-w-obudowie-ip44-h07rn-f-3g15-15-m-16151\/","title":{"rendered":"Przed\u0142u\u017cacz b\u0119bnowy plastikowy w obudowie 15 m H07RN-F 3G1,5 IP44 | 16151"},"content":{"rendered":"<p>Przed\u0142u\u017cacz b\u0119bnowy plastikowy w obudowie IP44 to niezawodne rozwi\u0105zanie dla profesjonalist\u00f3w oraz majsterkowicz\u00f3w, idealne do u\u017cytku na zewn\u0105trz i w trudnych warunkach budowlanych. Wyposa\u017cony w kabel H07RN-F 3G1,5 o d\u0142ugo\u015bci 15 m, zapewnia elastyczno\u015b\u0107 w zasilaniu r\u00f3\u017cnych urz\u0105dze\u0144. Cztery gniazda IP44 z klapk\u0105 oraz uziemieniem umo\u017cliwiaj\u0105 bezpieczne pod\u0142\u0105czenie sprz\u0119tu o napi\u0119ciu 230 V i maksymalnym obci\u0105\u017ceniu 16 A (3000 W). Solidna, czarna obudowa wykonana z wytrzyma\u0142ego tworzywa oraz ergonomiczna r\u0105czka do przenoszenia gwarantuj\u0105 wygod\u0119 u\u017cytkowania. Dodatkowo, wbudowany termik chroni przed przeci\u0105\u017ceniem, co zwi\u0119ksza bezpiecze\u0144stwo eksploatacji.<\/p>","protected":false},"excerpt":{"rendered":"<div class=\"icons\" style=\"display: flex; flex-wrap: wrap; gap: 5px; align-items: center; margin-top: 10px;\"><img decoding=\"async\" src=\"https:\/\/as-schwabe.de\/wp-content\/uploads\/ikony\/znak_SCH.png\" alt=\"\" width=\"45\" height=\"50\" \/><img decoding=\"async\" src=\"https:\/\/as-schwabe.de\/wp-content\/uploads\/ikony\/znak_CE.png\" alt=\"\" width=\"50\" height=\"50\" \/><img decoding=\"async\" src=\"https:\/\/as-schwabe.de\/wp-content\/uploads\/ikony\/znak_IP44.png\" alt=\"\" width=\"50\" height=\"50\" \/><img loading=\"lazy\" decoding=\"async\" src=\"https:\/\/as-schwabe.de\/wp-content\/uploads\/ikony\/znak_PB.png\" alt=\"\" width=\"50\" height=\"50\" \/><img loading=\"lazy\" decoding=\"async\" src=\"https:\/\/as-schwabe.de\/wp-content\/uploads\/ikony\/znak_Z.png\" alt=\"\" width=\"50\" height=\"50\" \/><img loading=\"lazy\" decoding=\"async\" src=\"https:\/\/as-schwabe.de\/wp-content\/uploads\/ikony\/znak_D.png\" alt=\"\" width=\"50\" height=\"50\" \/><img loading=\"lazy\" decoding=\"async\" src=\"https:\/\/as-schwabe.de\/wp-content\/uploads\/ikony\/znak_K2.png\" alt=\"\" width=\"50\" height=\"50\" \/><img loading=\"lazy\" decoding=\"async\" src=\"https:\/\/as-schwabe.de\/wp-content\/uploads\/ikony\/znak_DG.png\" alt=\"\" width=\"50\" height=\"50\" \/><img loading=\"lazy\" decoding=\"async\" src=\"https:\/\/as-schwabe.de\/wp-content\/uploads\/ikony\/znak_DE.png\" alt=\"\" width=\"50\" height=\"40\" \/><\/div>\n<ul>\n<li>z wbudowanym wy\u0142\u0105cznikiem termicznym<\/li>\n<li> IP44: chroniony przed cia\u0142ami obcymi i bryzgami wody <\/li>\n<li> obudowa wykonana z wytrzyma\u0142ego specjalnego tworzywa sztucznego z obrotow\u0105 korb\u0105<\/li>\n<li> z wtyczk\u0105 z uziemieniem<\/li>\n<li> 230 V, 16 A, maks. 3000 W<\/li>\n<\/ul>","protected":false},"featured_media":29484,"template":"","meta":{"inline_featured_image":false},"genre":[509],"product_cat":[510,514],"product_tag":[],"class_list":{"0":"post-14789","1":"product","2":"type-product","3":"status-publish","4":"has-post-thumbnail","6":"product_brand-as-schwabe-pl","7":"product_cat-przedluzacze-bebnowe-pl","8":"product_cat-plastikowe-budowlane-przedluzacze-bebnowe-pl","10":"first","11":"instock","12":"shipping-taxable","13":"product-type-simple"},"aioseo_notices":[],"_links":{"self":[{"href":"https:\/\/as-schwabe.de\/pl\/wp-json\/wp\/v2\/product\/14789","targetHints":{"allow":["GET"]}}],"collection":[{"href":"https:\/\/as-schwabe.de\/pl\/wp-json\/wp\/v2\/product"}],"about":[{"href":"https:\/\/as-schwabe.de\/pl\/wp-json\/wp\/v2\/types\/product"}],"version-history":[{"count":0,"href":"https:\/\/as-schwabe.de\/pl\/wp-json\/wp\/v2\/product\/14789\/revisions"}],"wp:featuredmedia":[{"embeddable":true,"href":"https:\/\/as-schwabe.de\/pl\/wp-json\/wp\/v2\/media\/29484"}],"wp:attachment":[{"href":"https:\/\/as-schwabe.de\/pl\/wp-json\/wp\/v2\/media?parent=14789"}],"wp:term":[{"taxonomy":"product_brand","embeddable":true,"href":"https:\/\/as-schwabe.de\/pl\/wp-json\/wp\/v2\/genre?post=14789"},{"taxonomy":"product_cat","embeddable":true,"href":"https:\/\/as-schwabe.de\/pl\/wp-json\/wp\/v2\/product_cat?post=14789"},{"taxonomy":"product_tag","embeddable":true,"href":"https:\/\/as-schwabe.de\/pl\/wp-json\/wp\/v2\/product_tag?post=14789"}],"curies":[{"name":"wp","href":"https:\/\/api.w.org\/{rel}","templated":true}]}}