{"id":14786,"date":"2025-09-25T16:41:12","date_gmt":"2025-09-25T16:41:12","guid":{"rendered":"https:\/\/as-schwabe.de\/produkt\/przedluzacz-kasetowy-okragly-h05vv-f-3g15-15-m-16095\/"},"modified":"2025-10-23T00:13:29","modified_gmt":"2025-10-23T00:13:29","slug":"przedluzacz-kasetowy-okragly-h05vv-f-3g15-15-m-16095","status":"publish","type":"product","link":"https:\/\/as-schwabe.de\/pl\/produkt\/przedluzacz-kasetowy-okragly-h05vv-f-3g15-15-m-16095\/","title":{"rendered":"Przed\u0142u\u017cacz b\u0119bnowy plastikowy w obudowie 15 m H05VV-F 3G1,5 CZA-NIE IP20 | 16095"},"content":{"rendered":"<p>Przed\u0142u\u017cacz b\u0119bnowy plastikowy w obudowie to idealne rozwi\u0105zanie do zasilania urz\u0105dze\u0144 elektrycznych w pomieszczeniach. Wyposa\u017cony w wtyczk\u0119 k\u0105tow\u0105 IP20, umo\u017cliwia bezpieczne pod\u0142\u0105czenie do sieci 230 V i obs\u0142uguje obci\u0105\u017cenie do 16 A oraz 3000 W. Jego d\u0142ugo\u015b\u0107 15 m zapewnia du\u017c\u0105 swobod\u0119 w ruchu, a cztery gniazda IP20 z uziemieniem umo\u017cliwiaj\u0105 jednoczesne pod\u0142\u0105czenie kilku urz\u0105dze\u0144. Dzi\u0119ki termikowi, przed\u0142u\u017cacz chroni przed przeci\u0105\u017ceniem, co zwi\u0119ksza bezpiecze\u0144stwo u\u017cytkowania. Lekka, niebiesko-szara kaseta oraz uchwyt u\u0142atwiaj\u0105 transport i przechowywanie, co czyni go niezast\u0105pionym w ka\u017cdym domu oraz biurze.<\/p>","protected":false},"excerpt":{"rendered":"<div class=\"icons\" style=\"display: flex; flex-wrap: wrap; gap: 5px; align-items: center; margin-top: 10px;\"><img decoding=\"async\" src=\"https:\/\/as-schwabe.de\/wp-content\/uploads\/ikony\/znak_SCH.png\" alt=\"\" width=\"45\" height=\"50\" \/><img decoding=\"async\" src=\"https:\/\/as-schwabe.de\/wp-content\/uploads\/ikony\/znak_CE.png\" alt=\"\" width=\"50\" height=\"50\" \/><img decoding=\"async\" src=\"https:\/\/as-schwabe.de\/wp-content\/uploads\/ikony\/znak_IP20.png\" alt=\"\" width=\"50\" height=\"50\" \/><img loading=\"lazy\" decoding=\"async\" src=\"https:\/\/as-schwabe.de\/wp-content\/uploads\/ikony\/znak_D.png\" alt=\"\" width=\"50\" height=\"50\" \/><img loading=\"lazy\" decoding=\"async\" src=\"https:\/\/as-schwabe.de\/wp-content\/uploads\/ikony\/znak_DE.png\" alt=\"\" width=\"50\" height=\"40\" \/><\/div>\n<ul>\n<li>kaseta przed\u0142u\u017cacza zbudowana z wytrzyma\u0142ego, odpornego na uderzenia tworzywa sztucznego, o nowoczesnym wygl\u0105dzie <\/li>\n<li>z praktycznym uchwytem <\/li>\n<li>z wbudowanym wy\u0142\u0105cznikiem termicznym <\/li>\n<li>pozwala na \u0142atwe zwijanie i rozwijanie <\/li>\n<li>IP20: do u\u017cytku wewn\u0105trz pomieszcze\u0144 <\/li>\n<li>z wtyczk\u0105 k\u0105tow\u0105 z uziemieniem <\/li>\n<li>4x gniazdo z uziemieniem i przes\u0142on\u0105 tor\u00f3w pr\u0105dowych <\/li>\n<li>230 V, 16 A, maks. 3500 W<\/li>\n<\/ul>","protected":false},"featured_media":29473,"template":"","meta":{"inline_featured_image":false},"genre":[509],"product_cat":[510,533],"product_tag":[],"class_list":{"0":"post-14786","1":"product","2":"type-product","3":"status-publish","4":"has-post-thumbnail","6":"product_brand-as-schwabe-pl","7":"product_cat-przedluzacze-bebnowe-pl","8":"product_cat-przedluzacze-w-obudowie-zamknietej-pl","10":"first","11":"instock","12":"shipping-taxable","13":"product-type-simple"},"aioseo_notices":[],"_links":{"self":[{"href":"https:\/\/as-schwabe.de\/pl\/wp-json\/wp\/v2\/product\/14786","targetHints":{"allow":["GET"]}}],"collection":[{"href":"https:\/\/as-schwabe.de\/pl\/wp-json\/wp\/v2\/product"}],"about":[{"href":"https:\/\/as-schwabe.de\/pl\/wp-json\/wp\/v2\/types\/product"}],"version-history":[{"count":0,"href":"https:\/\/as-schwabe.de\/pl\/wp-json\/wp\/v2\/product\/14786\/revisions"}],"wp:featuredmedia":[{"embeddable":true,"href":"https:\/\/as-schwabe.de\/pl\/wp-json\/wp\/v2\/media\/29473"}],"wp:attachment":[{"href":"https:\/\/as-schwabe.de\/pl\/wp-json\/wp\/v2\/media?parent=14786"}],"wp:term":[{"taxonomy":"product_brand","embeddable":true,"href":"https:\/\/as-schwabe.de\/pl\/wp-json\/wp\/v2\/genre?post=14786"},{"taxonomy":"product_cat","embeddable":true,"href":"https:\/\/as-schwabe.de\/pl\/wp-json\/wp\/v2\/product_cat?post=14786"},{"taxonomy":"product_tag","embeddable":true,"href":"https:\/\/as-schwabe.de\/pl\/wp-json\/wp\/v2\/product_tag?post=14786"}],"curies":[{"name":"wp","href":"https:\/\/api.w.org\/{rel}","templated":true}]}}