{"id":14779,"date":"2025-09-25T16:41:07","date_gmt":"2025-09-25T16:41:07","guid":{"rendered":"https:\/\/as-schwabe.de\/produkt\/przedluzacz-kasetowy-okragly-h05vv-f-3g15-10-m-cza-nie-16094\/"},"modified":"2025-10-23T00:13:28","modified_gmt":"2025-10-23T00:13:28","slug":"przedluzacz-kasetowy-okragly-h05vv-f-3g15-10-m-cza-nie-16094","status":"publish","type":"product","link":"https:\/\/as-schwabe.de\/pl\/produkt\/przedluzacz-kasetowy-okragly-h05vv-f-3g15-10-m-cza-nie-16094\/","title":{"rendered":"Przed\u0142u\u017cacz b\u0119bnowy plastikowy w obudowie 10 m H05VV-F 3G1,5 CZA-NIE IP20 | 16094"},"content":{"rendered":"<p>Przed\u0142u\u017cacz b\u0119bnowy plastikowy w obudowie to idealne rozwi\u0105zanie dla u\u017cytkownik\u00f3w poszukuj\u0105cych wygodnego i bezpiecznego dost\u0119pu do energii elektrycznej w pomieszczeniach. Wyposa\u017cony w 10 metr\u00f3w kabla H05VV-F 3G1,5 oraz wtyczk\u0119 k\u0105tow\u0105, zapewnia mobilno\u015b\u0107 oraz elastyczno\u015b\u0107 w u\u017cytkowaniu. Cztery gniazda IP20 z uziemieniem, ka\u017cdy o nominalnym napi\u0119ciu 230 V i pr\u0105dzie 16 A, umo\u017cliwiaj\u0105 jednoczesne pod\u0142\u0105czenie kilku urz\u0105dze\u0144. Kaseta wykonana w kolorze niebiesko-szarym jest ergonomiczna, posiada praktyczny uchwyt, a dodatkowy termik zwi\u0119ksza bezpiecze\u0144stwo eksploatacji. Produkt jest przeznaczony do u\u017cytku wewn\u0119trznego, co czyni go doskona\u0142ym wyborem dla biur, warsztat\u00f3w czy dom\u00f3w. Dzi\u0119ki maksymalnej mocy 3500 W, b\u0119bnowy przed\u0142u\u017cacz sprosta wymaganiom nawet najci\u0119\u017cszych urz\u0105dze\u0144.<\/p>","protected":false},"excerpt":{"rendered":"<div class=\"icons\" style=\"display: flex; flex-wrap: wrap; gap: 5px; align-items: center; margin-top: 10px;\"><img decoding=\"async\" src=\"https:\/\/as-schwabe.de\/wp-content\/uploads\/ikony\/znak_SCH.png\" alt=\"\" width=\"45\" height=\"50\" \/><img decoding=\"async\" src=\"https:\/\/as-schwabe.de\/wp-content\/uploads\/ikony\/znak_CE.png\" alt=\"\" width=\"50\" height=\"50\" \/><img decoding=\"async\" src=\"https:\/\/as-schwabe.de\/wp-content\/uploads\/ikony\/znak_IP20.png\" alt=\"\" width=\"50\" height=\"50\" \/><img loading=\"lazy\" decoding=\"async\" src=\"https:\/\/as-schwabe.de\/wp-content\/uploads\/ikony\/znak_D.png\" alt=\"\" width=\"50\" height=\"50\" \/><img loading=\"lazy\" decoding=\"async\" src=\"https:\/\/as-schwabe.de\/wp-content\/uploads\/ikony\/znak_DE.png\" alt=\"\" width=\"50\" height=\"40\" \/><\/div>\n<ul>\n<li>kaseta przed\u0142u\u017cacza zbudowana z wytrzyma\u0142ego, odpornego na uderzenia tworzywa sztucznego, o nowoczesnym wygl\u0105dzie <\/li>\n<li>z praktycznym uchwytem <\/li>\n<li>z wbudowanym wy\u0142\u0105cznikiem termicznym <\/li>\n<li>pozwala na \u0142atwe zwijanie i rozwijanie <\/li>\n<li>IP20: do u\u017cytku wewn\u0105trz pomieszcze\u0144 <\/li>\n<li>z wtyczk\u0105 k\u0105tow\u0105 z uziemieniem <\/li>\n<li>4x gniazdo z uziemieniem i przes\u0142on\u0105 tor\u00f3w pr\u0105dowych <\/li>\n<li>230 V, 16 A, maks. 3500 W<\/li>\n<\/ul>","protected":false},"featured_media":29472,"template":"","meta":{"inline_featured_image":false},"genre":[509],"product_cat":[510,533],"product_tag":[],"class_list":{"0":"post-14779","1":"product","2":"type-product","3":"status-publish","4":"has-post-thumbnail","6":"product_brand-as-schwabe-pl","7":"product_cat-przedluzacze-bebnowe-pl","8":"product_cat-przedluzacze-w-obudowie-zamknietej-pl","10":"first","11":"instock","12":"shipping-taxable","13":"product-type-simple"},"aioseo_notices":[],"_links":{"self":[{"href":"https:\/\/as-schwabe.de\/pl\/wp-json\/wp\/v2\/product\/14779","targetHints":{"allow":["GET"]}}],"collection":[{"href":"https:\/\/as-schwabe.de\/pl\/wp-json\/wp\/v2\/product"}],"about":[{"href":"https:\/\/as-schwabe.de\/pl\/wp-json\/wp\/v2\/types\/product"}],"version-history":[{"count":0,"href":"https:\/\/as-schwabe.de\/pl\/wp-json\/wp\/v2\/product\/14779\/revisions"}],"wp:featuredmedia":[{"embeddable":true,"href":"https:\/\/as-schwabe.de\/pl\/wp-json\/wp\/v2\/media\/29472"}],"wp:attachment":[{"href":"https:\/\/as-schwabe.de\/pl\/wp-json\/wp\/v2\/media?parent=14779"}],"wp:term":[{"taxonomy":"product_brand","embeddable":true,"href":"https:\/\/as-schwabe.de\/pl\/wp-json\/wp\/v2\/genre?post=14779"},{"taxonomy":"product_cat","embeddable":true,"href":"https:\/\/as-schwabe.de\/pl\/wp-json\/wp\/v2\/product_cat?post=14779"},{"taxonomy":"product_tag","embeddable":true,"href":"https:\/\/as-schwabe.de\/pl\/wp-json\/wp\/v2\/product_tag?post=14779"}],"curies":[{"name":"wp","href":"https:\/\/api.w.org\/{rel}","templated":true}]}}