{"id":14772,"date":"2025-09-25T16:40:59","date_gmt":"2025-09-25T16:40:59","guid":{"rendered":"https:\/\/as-schwabe.de\/produkt\/przedluzacz-kasetowy-okragly-h05vv-f-3g15-10-m-cza-16086\/"},"modified":"2025-10-23T00:13:28","modified_gmt":"2025-10-23T00:13:28","slug":"przedluzacz-kasetowy-okragly-h05vv-f-3g15-10-m-cza-16086","status":"publish","type":"product","link":"https:\/\/as-schwabe.de\/pl\/produkt\/przedluzacz-kasetowy-okragly-h05vv-f-3g15-10-m-cza-16086\/","title":{"rendered":"Przed\u0142u\u017cacz b\u0119bnowy plastikowy w obudowie 10 m H05VV-F 3G1,5 CZA-SZA IP20 | 16086"},"content":{"rendered":"<p>Przed\u0142u\u017cacz b\u0119bnowy plastikowy w obudowie to niezawodne rozwi\u0105zanie do zasilania urz\u0105dze\u0144 elektrycznych w pomieszczeniach. Wyposa\u017cony w przew\u00f3d H05VV-F 3G1,5 o d\u0142ugo\u015bci 10 metr\u00f3w oraz k\u0105tow\u0105 wtyczk\u0119, umo\u017cliwia \u0142atwe pod\u0142\u0105czenie w trudno dost\u0119pnych miejscach. Oferuje cztery gniazda IP20 z uziemieniem, co zapewnia bezpieczne u\u017cytkowanie przy maksymalnym obci\u0105\u017ceniu 230 V, 16 A (3500 W). Dzi\u0119ki wbudowanemu termikowi i solidnej, czarno-szarej kasetowej obudowie, przed\u0142u\u017cacz jest nie tylko funkcjonalny, ale tak\u017ce odporny na uszkodzenia. Jego praktyczny uchwyt u\u0142atwia transport i przechowywanie, co czyni go idealnym rozwi\u0105zaniem dla profesjonalist\u00f3w oraz os\u00f3b prywatnych szukaj\u0105cych efektywnego zasilania w warunkach domowych.<\/p>","protected":false},"excerpt":{"rendered":"<div class=\"icons\" style=\"display: flex; flex-wrap: wrap; gap: 5px; align-items: center; margin-top: 10px;\"><img decoding=\"async\" src=\"https:\/\/as-schwabe.de\/wp-content\/uploads\/ikony\/znak_SCH.png\" alt=\"\" width=\"45\" height=\"50\" \/><img decoding=\"async\" src=\"https:\/\/as-schwabe.de\/wp-content\/uploads\/ikony\/znak_CE.png\" alt=\"\" width=\"50\" height=\"50\" \/><img decoding=\"async\" src=\"https:\/\/as-schwabe.de\/wp-content\/uploads\/ikony\/znak_IP20.png\" alt=\"\" width=\"50\" height=\"50\" \/><img loading=\"lazy\" decoding=\"async\" src=\"https:\/\/as-schwabe.de\/wp-content\/uploads\/ikony\/znak_D.png\" alt=\"\" width=\"50\" height=\"50\" \/><img loading=\"lazy\" decoding=\"async\" src=\"https:\/\/as-schwabe.de\/wp-content\/uploads\/ikony\/znak_DE.png\" alt=\"\" width=\"50\" height=\"40\" \/><\/div>\n<ul>\n<li>kaseta przed\u0142u\u017cacza zbudowana z wytrzyma\u0142ego, odpornego na uderzenia tworzywa sztucznego, o nowoczesnym wygl\u0105dzie <\/li>\n<li>z praktycznym uchwytem <\/li>\n<li>z wbudowanym wy\u0142\u0105cznikiem termicznym <\/li>\n<li>pozwala na \u0142atwe zwijanie i rozwijanie <\/li>\n<li>IP20: do u\u017cytku wewn\u0105trz pomieszcze\u0144 <\/li>\n<li>z wtyczk\u0105 k\u0105tow\u0105 z uziemieniem <\/li>\n<li>4x gniazdo z uziemieniem i przes\u0142on\u0105 tor\u00f3w pr\u0105dowych <\/li>\n<li>230 V, 16 A, maks. 3500 W<\/li>\n<\/ul>","protected":false},"featured_media":29470,"template":"","meta":{"inline_featured_image":false},"genre":[509],"product_cat":[510,533],"product_tag":[],"class_list":{"0":"post-14772","1":"product","2":"type-product","3":"status-publish","4":"has-post-thumbnail","6":"product_brand-as-schwabe-pl","7":"product_cat-przedluzacze-bebnowe-pl","8":"product_cat-przedluzacze-w-obudowie-zamknietej-pl","10":"first","11":"instock","12":"shipping-taxable","13":"product-type-simple"},"aioseo_notices":[],"_links":{"self":[{"href":"https:\/\/as-schwabe.de\/pl\/wp-json\/wp\/v2\/product\/14772","targetHints":{"allow":["GET"]}}],"collection":[{"href":"https:\/\/as-schwabe.de\/pl\/wp-json\/wp\/v2\/product"}],"about":[{"href":"https:\/\/as-schwabe.de\/pl\/wp-json\/wp\/v2\/types\/product"}],"version-history":[{"count":0,"href":"https:\/\/as-schwabe.de\/pl\/wp-json\/wp\/v2\/product\/14772\/revisions"}],"wp:featuredmedia":[{"embeddable":true,"href":"https:\/\/as-schwabe.de\/pl\/wp-json\/wp\/v2\/media\/29470"}],"wp:attachment":[{"href":"https:\/\/as-schwabe.de\/pl\/wp-json\/wp\/v2\/media?parent=14772"}],"wp:term":[{"taxonomy":"product_brand","embeddable":true,"href":"https:\/\/as-schwabe.de\/pl\/wp-json\/wp\/v2\/genre?post=14772"},{"taxonomy":"product_cat","embeddable":true,"href":"https:\/\/as-schwabe.de\/pl\/wp-json\/wp\/v2\/product_cat?post=14772"},{"taxonomy":"product_tag","embeddable":true,"href":"https:\/\/as-schwabe.de\/pl\/wp-json\/wp\/v2\/product_tag?post=14772"}],"curies":[{"name":"wp","href":"https:\/\/api.w.org\/{rel}","templated":true}]}}