{"id":14768,"date":"2025-09-25T16:40:57","date_gmt":"2025-09-25T16:40:57","guid":{"rendered":"https:\/\/as-schwabe.de\/produkt\/przedluzacz-listwowy-3-gn-h05vv-f-3g15-bia-14-m-13911\/"},"modified":"2025-10-23T00:13:27","modified_gmt":"2025-10-23T00:13:27","slug":"przedluzacz-listwowy-3-gn-h05vv-f-3g15-bia-14-m-13911","status":"publish","type":"product","link":"https:\/\/as-schwabe.de\/pl\/produkt\/przedluzacz-listwowy-3-gn-h05vv-f-3g15-bia-14-m-13911\/","title":{"rendered":"Przed\u0142u\u017cacz listwowy 3-gniazdowy 1,4 m H05VV-F 3G1,5 BIA IP20 | 13911"},"content":{"rendered":"<p>Przed\u0142u\u017cacz listwowy 3-gniazdowy H05VV-F 3G1,5 w kolorze bia\u0142ym, o d\u0142ugo\u015bci 1,4 m, to wyj\u0105tkowo funkcjonalne rozwi\u0105zanie do zasilania urz\u0105dze\u0144 elektrycznych w pomieszczeniach. Wyposa\u017cony w wtyczk\u0119 k\u0105tow\u0105 2P+Z, zapewnia wygod\u0119 pod\u0142\u0105czenia w trudnych przestrzeniach, a trzy gniazda z uziemieniem 2P+Z pozwalaj\u0105 na r\u00f3wnoczesne zasilanie kilku urz\u0105dze\u0144. Przy maksymalnym obci\u0105\u017ceniu wynosz\u0105cym 230 V, 16 A oraz 3500 W, gwarantuje nie tylko stabilno\u015b\u0107, ale i bezpiecze\u0144stwo u\u017cytkowania. Klasa ochrony IP20 sprawia, \u017ce przed\u0142u\u017cacz jest przeznaczony wy\u0142\u0105cznie do u\u017cytku wewn\u0119trznego, co czyni go idealnym rozwi\u0105zaniem do biur, mieszka\u0144 czy warsztat\u00f3w. Wybieraj\u0105c ten produkt, zyskujesz funkcjonalno\u015b\u0107 i komfort, kt\u00f3re spe\u0142ni\u0105 oczekiwania nawet najbardziej wymagaj\u0105cych u\u017cytkownik\u00f3w.<\/p>","protected":false},"excerpt":{"rendered":"<div class=\"icons\" style=\"display: flex; flex-wrap: wrap; gap: 5px; align-items: center; margin-top: 10px;\"><img decoding=\"async\" src=\"https:\/\/as-schwabe.de\/wp-content\/uploads\/ikony\/znak_SCH.png\" alt=\"\" width=\"45\" height=\"50\" \/><img decoding=\"async\" src=\"https:\/\/as-schwabe.de\/wp-content\/uploads\/ikony\/znak_CE.png\" alt=\"\" width=\"50\" height=\"50\" \/><img decoding=\"async\" src=\"https:\/\/as-schwabe.de\/wp-content\/uploads\/ikony\/znak_IP20.png\" alt=\"\" width=\"50\" height=\"50\" \/><img loading=\"lazy\" decoding=\"async\" src=\"https:\/\/as-schwabe.de\/wp-content\/uploads\/ikony\/znak_D.png\" alt=\"\" width=\"50\" height=\"50\" \/><\/div>\n<ul>\n<li>z kablem PCV H05VV-F 3G1,5 i k\u0105tow\u0105 wtyczk\u0105 z uziemieniem <\/li>\n<li>3 x gniazdo obr\u00f3cone o 45\u00b0, z przes\u0142onami tor\u00f3w pr\u0105dowych <\/li>\n<li>230 V, 16 A, maks. 3500 W<\/li>\n<\/ul>","protected":false},"featured_media":29468,"template":"","meta":{"inline_featured_image":false},"genre":[509],"product_cat":[525,526],"product_tag":[],"class_list":{"0":"post-14768","1":"product","2":"type-product","3":"status-publish","4":"has-post-thumbnail","6":"product_brand-as-schwabe-pl","7":"product_cat-dom-i-ogrod-2-pl","8":"product_cat-przedluzacze-listwowe-i-rozgalezniki-pl","10":"first","11":"instock","12":"shipping-taxable","13":"product-type-simple"},"aioseo_notices":[],"_links":{"self":[{"href":"https:\/\/as-schwabe.de\/pl\/wp-json\/wp\/v2\/product\/14768","targetHints":{"allow":["GET"]}}],"collection":[{"href":"https:\/\/as-schwabe.de\/pl\/wp-json\/wp\/v2\/product"}],"about":[{"href":"https:\/\/as-schwabe.de\/pl\/wp-json\/wp\/v2\/types\/product"}],"version-history":[{"count":0,"href":"https:\/\/as-schwabe.de\/pl\/wp-json\/wp\/v2\/product\/14768\/revisions"}],"wp:featuredmedia":[{"embeddable":true,"href":"https:\/\/as-schwabe.de\/pl\/wp-json\/wp\/v2\/media\/29468"}],"wp:attachment":[{"href":"https:\/\/as-schwabe.de\/pl\/wp-json\/wp\/v2\/media?parent=14768"}],"wp:term":[{"taxonomy":"product_brand","embeddable":true,"href":"https:\/\/as-schwabe.de\/pl\/wp-json\/wp\/v2\/genre?post=14768"},{"taxonomy":"product_cat","embeddable":true,"href":"https:\/\/as-schwabe.de\/pl\/wp-json\/wp\/v2\/product_cat?post=14768"},{"taxonomy":"product_tag","embeddable":true,"href":"https:\/\/as-schwabe.de\/pl\/wp-json\/wp\/v2\/product_tag?post=14768"}],"curies":[{"name":"wp","href":"https:\/\/api.w.org\/{rel}","templated":true}]}}