{"id":14748,"date":"2025-09-25T16:40:42","date_gmt":"2025-09-25T16:40:42","guid":{"rendered":"https:\/\/as-schwabe.de\/produkt\/wzmocniony-waz-pcv-wraz-z-konc-5-m-9-x-3-mm-niebieski-12705\/"},"modified":"2025-10-23T00:13:23","modified_gmt":"2025-10-23T00:13:23","slug":"wzmocniony-waz-pcv-wraz-z-konc-5-m-9-x-3-mm-niebieski-12705","status":"publish","type":"product","link":"https:\/\/as-schwabe.de\/pl\/produkt\/wzmocniony-waz-pcv-wraz-z-konc-5-m-9-x-3-mm-niebieski-12705\/","title":{"rendered":"Wzmocniony w\u0105\u017c spr\u0119\u017conego powietrza PCV wraz z ko\u0144c\u00f3wkami 5 m, 9 x 3 mm, NIE | 12705"},"content":{"rendered":"<p>Wzmocniony w\u0105\u017c spr\u0119\u017conego powietrza PCV o d\u0142ugo\u015bci 5 m i wymiarach 9 x 3 mm to niezawodne rozwi\u0105zanie do zastosowa\u0144 przemys\u0142owych i warsztatowych. Dzi\u0119ki maksymalnemu ci\u015bnieniu roboczemu wynosz\u0105cemu 15 bar\u00f3w, doskonale sprawdzi si\u0119 w aplikacjach wymagaj\u0105cych wydajnego transportu spr\u0119\u017conego powietrza. W\u0105\u017c jest wyposa\u017cony w przy\u0142\u0105cza NW 7,2 oraz szybkoz\u0142\u0105czki, co zapewnia \u0142atwo\u015b\u0107 monta\u017cu i wymiany. Jego niebieski kolor i wzmocniona konstrukcja gwarantuj\u0105 trwa\u0142o\u015b\u0107 oraz odporno\u015b\u0107 na uszkodzenia mechaniczne. To idealny wyb\u00f3r dla profesjonalist\u00f3w ceni\u0105cych sobie niezawodno\u015b\u0107 i komfort pracy.<\/p>","protected":false},"excerpt":{"rendered":"<div class=\"icons\" style=\"display: flex; flex-wrap: wrap; gap: 5px; align-items: center; margin-top: 10px;\"><img decoding=\"async\" src=\"https:\/\/as-schwabe.de\/wp-content\/uploads\/ikony\/znak_CE.png\" alt=\"\" width=\"50\" height=\"50\" \/><img decoding=\"async\" src=\"https:\/\/as-schwabe.de\/wp-content\/uploads\/ikony\/znak_Z.png\" alt=\"\" width=\"50\" height=\"50\" \/><img decoding=\"async\" src=\"https:\/\/as-schwabe.de\/wp-content\/uploads\/ikony\/znak_D.png\" alt=\"\" width=\"50\" height=\"50\" \/><\/div>\n<ul>\n<li>w\u0105\u017c spr\u0119\u017conego powietrza PCV, przezroczysty niebieski, z wzmocnieniem z tkaniny poliestrowej, w komplecie z szybkoz\u0142\u0105czk\u0105 i dysz\u0105 wtykow\u0105, gotowy do u\u017cycia <\/li>\n<li>przy\u0142\u0105cze NW 7.2 <\/li>\n<li>maksymalne ci\u015bnienie 15 bar\u00f3w <\/li>\n<li>w\u0105\u017c: \u015brednica wewn\u0119trzna \u00d7 grubo\u015b\u0107 \u015bcianki: 6 \u00d7 3 mm i 9 \u00d7 3 mm<\/li>\n<\/ul>","protected":false},"featured_media":29456,"template":"","meta":{"inline_featured_image":false},"genre":[509],"product_cat":[529,531],"product_tag":[],"class_list":{"0":"post-14748","1":"product","2":"type-product","3":"status-publish","4":"has-post-thumbnail","6":"product_brand-as-schwabe-pl","7":"product_cat-sprezone-powietrze-pl","8":"product_cat-weze-i-bebny-na-weze-do-sprezonego-powietrza-pl","10":"first","11":"instock","12":"shipping-taxable","13":"product-type-simple"},"aioseo_notices":[],"_links":{"self":[{"href":"https:\/\/as-schwabe.de\/pl\/wp-json\/wp\/v2\/product\/14748","targetHints":{"allow":["GET"]}}],"collection":[{"href":"https:\/\/as-schwabe.de\/pl\/wp-json\/wp\/v2\/product"}],"about":[{"href":"https:\/\/as-schwabe.de\/pl\/wp-json\/wp\/v2\/types\/product"}],"version-history":[{"count":0,"href":"https:\/\/as-schwabe.de\/pl\/wp-json\/wp\/v2\/product\/14748\/revisions"}],"wp:featuredmedia":[{"embeddable":true,"href":"https:\/\/as-schwabe.de\/pl\/wp-json\/wp\/v2\/media\/29456"}],"wp:attachment":[{"href":"https:\/\/as-schwabe.de\/pl\/wp-json\/wp\/v2\/media?parent=14748"}],"wp:term":[{"taxonomy":"product_brand","embeddable":true,"href":"https:\/\/as-schwabe.de\/pl\/wp-json\/wp\/v2\/genre?post=14748"},{"taxonomy":"product_cat","embeddable":true,"href":"https:\/\/as-schwabe.de\/pl\/wp-json\/wp\/v2\/product_cat?post=14748"},{"taxonomy":"product_tag","embeddable":true,"href":"https:\/\/as-schwabe.de\/pl\/wp-json\/wp\/v2\/product_tag?post=14748"}],"curies":[{"name":"wp","href":"https:\/\/api.w.org\/{rel}","templated":true}]}}