{"id":14746,"date":"2025-09-25T16:40:41","date_gmt":"2025-09-25T16:40:41","guid":{"rendered":"https:\/\/as-schwabe.de\/produkt\/wzmocniony-waz-pcv-wraz-z-konc-5-m-6-x-3-mm-niebieski-12702\/"},"modified":"2025-10-23T00:13:23","modified_gmt":"2025-10-23T00:13:23","slug":"wzmocniony-waz-pcv-wraz-z-konc-5-m-6-x-3-mm-niebieski-12702","status":"publish","type":"product","link":"https:\/\/as-schwabe.de\/pl\/produkt\/wzmocniony-waz-pcv-wraz-z-konc-5-m-6-x-3-mm-niebieski-12702\/","title":{"rendered":"Wzmocniony w\u0105\u017c spr\u0119\u017conego powietrza PCV wraz z ko\u0144c\u00f3wkami 5 m, 6 x 3 mm, NIE | 12702"},"content":{"rendered":"<p>Wzmocniony w\u0105\u017c spr\u0119\u017conego powietrza PCV o d\u0142ugo\u015bci 5 m i \u015brednicy 6 x 3 mm to idealne rozwi\u0105zanie dla wymagaj\u0105cych aplikacji przemys\u0142owych oraz warsztatowych. Dzi\u0119ki wysokiej odporno\u015bci na ci\u015bnienie do 15 bar\u00f3w, w\u0105\u017c zapewnia niezawodne dzia\u0142anie w r\u00f3\u017cnorodnych warunkach. Niebieski kolor oraz ko\u0144c\u00f3wki z przy\u0142\u0105czem NW 7,2 u\u0142atwiaj\u0105 identyfikacj\u0119 i szybkie pod\u0142\u0105czenie do system\u00f3w pneumatycznych. Zastosowanie szybkoz\u0142\u0105czek pozwala na wygodne i b\u0142yskawiczne \u0142\u0105czenie z urz\u0105dzeniami, co podnosi komfort pracy. Produkt charakteryzuje si\u0119 r\u00f3wnie\u017c wysok\u0105 odporno\u015bci\u0105 na uszkodzenia mechaniczne, co zapewnia d\u0142ugotrwa\u0142e u\u017cytkowanie.<\/p>","protected":false},"excerpt":{"rendered":"<div class=\"icons\" style=\"display: flex; flex-wrap: wrap; gap: 5px; align-items: center; margin-top: 10px;\"><img decoding=\"async\" src=\"https:\/\/as-schwabe.de\/wp-content\/uploads\/ikony\/znak_CE.png\" alt=\"\" width=\"50\" height=\"50\" \/><img decoding=\"async\" src=\"https:\/\/as-schwabe.de\/wp-content\/uploads\/ikony\/znak_Z.png\" alt=\"\" width=\"50\" height=\"50\" \/><img decoding=\"async\" src=\"https:\/\/as-schwabe.de\/wp-content\/uploads\/ikony\/znak_D.png\" alt=\"\" width=\"50\" height=\"50\" \/><\/div>\n<ul>\n<li>w\u0105\u017c spr\u0119\u017conego powietrza PCV, przezroczysty niebieski, z wzmocnieniem z tkaniny poliestrowej, w komplecie z szybkoz\u0142\u0105czk\u0105 i dysz\u0105 wtykow\u0105, gotowy do u\u017cycia <\/li>\n<li>przy\u0142\u0105cze NW 7.2 <\/li>\n<li>maksymalne ci\u015bnienie 15 bar\u00f3w <\/li>\n<li>w\u0105\u017c: \u015brednica wewn\u0119trzna \u00d7 grubo\u015b\u0107 \u015bcianki: 6 \u00d7 3 mm i 9 \u00d7 3 mm<\/li>\n<\/ul>","protected":false},"featured_media":29455,"template":"","meta":{"inline_featured_image":false},"genre":[509],"product_cat":[529,531],"product_tag":[],"class_list":{"0":"post-14746","1":"product","2":"type-product","3":"status-publish","4":"has-post-thumbnail","6":"product_brand-as-schwabe-pl","7":"product_cat-sprezone-powietrze-pl","8":"product_cat-weze-i-bebny-na-weze-do-sprezonego-powietrza-pl","10":"first","11":"instock","12":"shipping-taxable","13":"product-type-simple"},"aioseo_notices":[],"_links":{"self":[{"href":"https:\/\/as-schwabe.de\/pl\/wp-json\/wp\/v2\/product\/14746","targetHints":{"allow":["GET"]}}],"collection":[{"href":"https:\/\/as-schwabe.de\/pl\/wp-json\/wp\/v2\/product"}],"about":[{"href":"https:\/\/as-schwabe.de\/pl\/wp-json\/wp\/v2\/types\/product"}],"version-history":[{"count":0,"href":"https:\/\/as-schwabe.de\/pl\/wp-json\/wp\/v2\/product\/14746\/revisions"}],"wp:featuredmedia":[{"embeddable":true,"href":"https:\/\/as-schwabe.de\/pl\/wp-json\/wp\/v2\/media\/29455"}],"wp:attachment":[{"href":"https:\/\/as-schwabe.de\/pl\/wp-json\/wp\/v2\/media?parent=14746"}],"wp:term":[{"taxonomy":"product_brand","embeddable":true,"href":"https:\/\/as-schwabe.de\/pl\/wp-json\/wp\/v2\/genre?post=14746"},{"taxonomy":"product_cat","embeddable":true,"href":"https:\/\/as-schwabe.de\/pl\/wp-json\/wp\/v2\/product_cat?post=14746"},{"taxonomy":"product_tag","embeddable":true,"href":"https:\/\/as-schwabe.de\/pl\/wp-json\/wp\/v2\/product_tag?post=14746"}],"curies":[{"name":"wp","href":"https:\/\/api.w.org\/{rel}","templated":true}]}}