{"id":14739,"date":"2025-09-25T16:40:36","date_gmt":"2025-09-25T16:40:36","guid":{"rendered":"https:\/\/as-schwabe.de\/produkt\/przedluzacz-samozwijajacy-cee-h07rn-f-5g25-15-m-12649\/"},"modified":"2025-10-23T00:13:22","modified_gmt":"2025-10-23T00:13:22","slug":"przedluzacz-samozwijajacy-cee-h07rn-f-5g25-15-m-12649","status":"publish","type":"product","link":"https:\/\/as-schwabe.de\/pl\/produkt\/przedluzacz-samozwijajacy-cee-h07rn-f-5g25-15-m-12649\/","title":{"rendered":"Przed\u0142u\u017cacz samozwijaj\u0105cy CEE 15 m H07RN-F 5G2,5 IP44 | 12649"},"content":{"rendered":"<p>Przed\u0142u\u017cacz samozwijaj\u0105cy CEE o d\u0142ugo\u015bci 15 m to niezawodne rozwi\u0105zanie dla u\u017cytkownik\u00f3w poszukuj\u0105cych mobilno\u015bci i wygody w zasilaniu urz\u0105dze\u0144 elektrycznych w warunkach zewn\u0119trznych. Dzi\u0119ki wytrzyma\u0142emu przewodowi H07RN-F 5G2,5 umieszczonemu w solidnej obudowie, przed\u0142u\u017cacz jest odporny na dzia\u0142anie niekorzystnych warunk\u00f3w atmosferycznych, co potwierdza klasa szczelno\u015bci IP44. Urz\u0105dzenie jest wyposa\u017cone w wtyczk\u0119 CEE 400 V, 16 A, 5P oraz jedno gniazdo CEE (400 V, 16 A, 5P), co sprawia, \u017ce idealnie nadaje si\u0119 do zastosowa\u0144 w przemy\u015ble oraz na budowach. Automatyczny zwijak kabla oraz ogranicznik zwijania zapewniaj\u0105 \u0142atwo\u015b\u0107 w u\u017cytkowaniu oraz przechowywaniu, eliminuj\u0105c problem pl\u0105taniny przewod\u00f3w. Maksymalne obci\u0105\u017cenie wynosz\u0105ce 10 kW czyni go wszechstronnym narz\u0119dziem do zasilania r\u00f3\u017cnorodnych urz\u0105dze\u0144 elektrycznych.<\/p>","protected":false},"excerpt":{"rendered":"<div class=\"icons\" style=\"display: flex; flex-wrap: wrap; gap: 5px; align-items: center; margin-top: 10px;\"><img decoding=\"async\" src=\"https:\/\/as-schwabe.de\/wp-content\/uploads\/ikony\/znak_CE.png\" alt=\"\" width=\"50\" height=\"50\" \/><img decoding=\"async\" src=\"https:\/\/as-schwabe.de\/wp-content\/uploads\/ikony\/znak_IP44.png\" alt=\"\" width=\"50\" height=\"50\" \/><img decoding=\"async\" src=\"https:\/\/as-schwabe.de\/wp-content\/uploads\/ikony\/znak_PB.png\" alt=\"\" width=\"50\" height=\"50\" \/><img loading=\"lazy\" decoding=\"async\" src=\"https:\/\/as-schwabe.de\/wp-content\/uploads\/ikony\/znak_Z.png\" alt=\"\" width=\"50\" height=\"50\" \/><img loading=\"lazy\" decoding=\"async\" src=\"https:\/\/as-schwabe.de\/wp-content\/uploads\/ikony\/znak_D.png\" alt=\"\" width=\"50\" height=\"50\" \/><img loading=\"lazy\" decoding=\"async\" src=\"https:\/\/as-schwabe.de\/wp-content\/uploads\/ikony\/znak_DE.png\" alt=\"\" width=\"50\" height=\"40\" \/><\/div>\n<ul>\n<li>korpus b\u0119bna wykonany ze specjalnego tworzywa sztucznego o wysokiej odporno\u015bci na p\u0119kanie (wyj\u0105tkowo solidna konstrukcja) <\/li>\n<li>z wygodnym, obrotowym mocowaniem do \u015bciany <\/li>\n<li>nie wymaga pracoch\u0142onnego zwijania kabla po u\u017cyciu <\/li>\n<li>wystarczy lekkie poci\u0105gni\u0119cie za kabel, a automatyczna zwijarka nawinie przew\u00f3d w obudow\u0119 szpuli kablowej <\/li>\n<li>ze wzgl\u0119du na sta\u0142\u0105 blokad\u0119 na kablu, po zwini\u0119ciu gniazdo nie zostaje wci\u0105gni\u0119te do obudowy <\/li>\n<li>z wbudowanym wy\u0142\u0105cznikiem termicznym <\/li>\n<li>zawiera wytrzyma\u0142e ko\u0142ki\/\u015bruby do monta\u017cu do \u015bciany <\/li>\n<li>z wtyczk\u0105 i gniazdem CEE (400 V, 16 A, 5P) <\/li>\n<li>mo\u017cliwo\u015b\u0107 obrotu o 180\u00b0 na uchwycie \u015bciennym <\/li>\n<li>IP44: nadaje si\u0119 do stosowania w warsztacie <\/li>\n<li>400 V, 16 A, 5P, maks. 10 kW<\/li>\n<\/ul>","protected":false},"featured_media":29444,"template":"","meta":{"inline_featured_image":false},"genre":[509],"product_cat":[510,528],"product_tag":[],"class_list":{"0":"post-14739","1":"product","2":"type-product","3":"status-publish","4":"has-post-thumbnail","6":"product_brand-as-schwabe-pl","7":"product_cat-przedluzacze-bebnowe-pl","8":"product_cat-przedluzacze-samozwijajace-pl","10":"first","11":"instock","12":"shipping-taxable","13":"product-type-simple"},"aioseo_notices":[],"_links":{"self":[{"href":"https:\/\/as-schwabe.de\/pl\/wp-json\/wp\/v2\/product\/14739","targetHints":{"allow":["GET"]}}],"collection":[{"href":"https:\/\/as-schwabe.de\/pl\/wp-json\/wp\/v2\/product"}],"about":[{"href":"https:\/\/as-schwabe.de\/pl\/wp-json\/wp\/v2\/types\/product"}],"version-history":[{"count":0,"href":"https:\/\/as-schwabe.de\/pl\/wp-json\/wp\/v2\/product\/14739\/revisions"}],"wp:featuredmedia":[{"embeddable":true,"href":"https:\/\/as-schwabe.de\/pl\/wp-json\/wp\/v2\/media\/29444"}],"wp:attachment":[{"href":"https:\/\/as-schwabe.de\/pl\/wp-json\/wp\/v2\/media?parent=14739"}],"wp:term":[{"taxonomy":"product_brand","embeddable":true,"href":"https:\/\/as-schwabe.de\/pl\/wp-json\/wp\/v2\/genre?post=14739"},{"taxonomy":"product_cat","embeddable":true,"href":"https:\/\/as-schwabe.de\/pl\/wp-json\/wp\/v2\/product_cat?post=14739"},{"taxonomy":"product_tag","embeddable":true,"href":"https:\/\/as-schwabe.de\/pl\/wp-json\/wp\/v2\/product_tag?post=14739"}],"curies":[{"name":"wp","href":"https:\/\/api.w.org\/{rel}","templated":true}]}}