{"id":14712,"date":"2025-09-25T16:40:11","date_gmt":"2025-09-25T16:40:11","guid":{"rendered":"https:\/\/as-schwabe.de\/produkt\/przedluzacz-samozwijajacy-h05vv-f-3g15-20-m-12645\/"},"modified":"2025-10-23T00:13:21","modified_gmt":"2025-10-23T00:13:21","slug":"przedluzacz-samozwijajacy-h05vv-f-3g15-20-m-12645","status":"publish","type":"product","link":"https:\/\/as-schwabe.de\/pl\/produkt\/przedluzacz-samozwijajacy-h05vv-f-3g15-20-m-12645\/","title":{"rendered":"Przed\u0142u\u017cacz samozwijaj\u0105cy 20 m H05VV-F 3G1,5 IP20 | 12645"},"content":{"rendered":"<p>Przed\u0142u\u017cacz samozwijaj\u0105cy o d\u0142ugo\u015bci 20 m to innowacyjne rozwi\u0105zanie dla os\u00f3b poszukuj\u0105cych komfortowego i bezpiecznego zasilania w pomieszczeniach. Wyposa\u017cony w przew\u00f3d H05VV-F 3G1,5, wtyczk\u0119 k\u0105tow\u0105 oraz gniazdo z uziemieniem, pozwala na dogodn\u0105 obs\u0142ug\u0119 urz\u0105dze\u0144 elektrycznych o maksymalnej mocy 2000 W oraz nat\u0119\u017ceniu do 16 A. Automatyczny zwijak kabla z ogranicznikiem zwijania u\u0142atwia przechowywanie, eliminuj\u0105c ryzyko uszkodzenia przewodu. Zgodno\u015b\u0107 z klas\u0105 ochrony IP20 sprawia, \u017ce produkt dedykowany jest wy\u0142\u0105cznie do u\u017cytku wewn\u0119trznego, zapewniaj\u0105c jednocze\u015bnie wysoki poziom bezpiecze\u0144stwa u\u017cytkowania. Idealnie sprawdzi si\u0119 w biurach, warsztatach oraz w domowych pomieszczeniach, gdzie istotna jest elastyczno\u015b\u0107 w dost\u0119pie do energii elektrycznej.<\/p>","protected":false},"excerpt":{"rendered":"<div class=\"icons\" style=\"display: flex; flex-wrap: wrap; gap: 5px; align-items: center; margin-top: 10px;\"><img decoding=\"async\" src=\"https:\/\/as-schwabe.de\/wp-content\/uploads\/ikony\/znak_SCH.png\" alt=\"\" width=\"45\" height=\"50\" \/><img decoding=\"async\" src=\"https:\/\/as-schwabe.de\/wp-content\/uploads\/ikony\/znak_CE.png\" alt=\"\" width=\"50\" height=\"50\" \/><img decoding=\"async\" src=\"https:\/\/as-schwabe.de\/wp-content\/uploads\/ikony\/znak_IP20.png\" alt=\"\" width=\"50\" height=\"50\" \/><img loading=\"lazy\" decoding=\"async\" src=\"https:\/\/as-schwabe.de\/wp-content\/uploads\/ikony\/znak_PB.png\" alt=\"\" width=\"50\" height=\"50\" \/><img loading=\"lazy\" decoding=\"async\" src=\"https:\/\/as-schwabe.de\/wp-content\/uploads\/ikony\/znak_Z.png\" alt=\"\" width=\"50\" height=\"50\" \/><img loading=\"lazy\" decoding=\"async\" src=\"https:\/\/as-schwabe.de\/wp-content\/uploads\/ikony\/znak_D.png\" alt=\"\" width=\"50\" height=\"50\" \/><img loading=\"lazy\" decoding=\"async\" src=\"https:\/\/as-schwabe.de\/wp-content\/uploads\/ikony\/znak_DE.png\" alt=\"\" width=\"50\" height=\"40\" \/><\/div>\n<ul>\n<li>korpus b\u0119bna wykonany z wytrzyma\u0142ego, bardzo odpornego na uszkodzenia specjalnego tworzywa sztucznego (wyj\u0105tkowo solidna konstrukcja) <\/li>\n<li>mo\u017cliwo\u015b\u0107 obrotu o 180\u00b0 na uchwycie \u015bciennym <\/li>\n<li>z uchwytem zapewniaj\u0105cym wygodne przenoszenie <\/li>\n<li>nie wymaga pracoch\u0142onnego zwijania kabla po u\u017cyciu <\/li>\n<li>wystarczy lekkie poci\u0105gni\u0119cie za kabel, a automatyczna zwijarka nawinie przew\u00f3d w obudow\u0119 szpuli kablowej <\/li>\n<li>ze wzgl\u0119du na sta\u0142\u0105 blokad\u0119 na kablu, gniazdo nie mo\u017ce zosta\u0107 wci\u0105gni\u0119te do obudowy, gdy jest w po\u0142o\u017ceniu zwini\u0119tym <\/li>\n<li>z wbudowanym wy\u0142\u0105cznikiem termicznym <\/li>\n<li>zawiera wytrzyma\u0142e ko\u0142ki\/\u015bruby do monta\u017cu do \u015bciany <\/li>\n<li>z wtyczk\u0105 k\u0105tow\u0105 i gniazdem z uziemieniem <\/li>\n<li>mo\u017cna go obr\u00f3ci\u0107 o 180\u00b0 na uchwycie \u015bciennym i posiada funkcj\u0119 \u201eEASY TO GO\u201d = \u0142atwy demonta\u017c <\/li>\n<li>IP20: nadaje si\u0119 do u\u017cytku w pomieszczeniach zamkni\u0119tych <\/li>\n<li>230 V, 16 A, maks. 2000 W<\/li>\n<\/ul>","protected":false},"featured_media":29426,"template":"","meta":{"inline_featured_image":false},"genre":[509],"product_cat":[510,528],"product_tag":[],"class_list":{"0":"post-14712","1":"product","2":"type-product","3":"status-publish","4":"has-post-thumbnail","6":"product_brand-as-schwabe-pl","7":"product_cat-przedluzacze-bebnowe-pl","8":"product_cat-przedluzacze-samozwijajace-pl","10":"first","11":"instock","12":"shipping-taxable","13":"product-type-simple"},"aioseo_notices":[],"_links":{"self":[{"href":"https:\/\/as-schwabe.de\/pl\/wp-json\/wp\/v2\/product\/14712","targetHints":{"allow":["GET"]}}],"collection":[{"href":"https:\/\/as-schwabe.de\/pl\/wp-json\/wp\/v2\/product"}],"about":[{"href":"https:\/\/as-schwabe.de\/pl\/wp-json\/wp\/v2\/types\/product"}],"version-history":[{"count":0,"href":"https:\/\/as-schwabe.de\/pl\/wp-json\/wp\/v2\/product\/14712\/revisions"}],"wp:featuredmedia":[{"embeddable":true,"href":"https:\/\/as-schwabe.de\/pl\/wp-json\/wp\/v2\/media\/29426"}],"wp:attachment":[{"href":"https:\/\/as-schwabe.de\/pl\/wp-json\/wp\/v2\/media?parent=14712"}],"wp:term":[{"taxonomy":"product_brand","embeddable":true,"href":"https:\/\/as-schwabe.de\/pl\/wp-json\/wp\/v2\/genre?post=14712"},{"taxonomy":"product_cat","embeddable":true,"href":"https:\/\/as-schwabe.de\/pl\/wp-json\/wp\/v2\/product_cat?post=14712"},{"taxonomy":"product_tag","embeddable":true,"href":"https:\/\/as-schwabe.de\/pl\/wp-json\/wp\/v2\/product_tag?post=14712"}],"curies":[{"name":"wp","href":"https:\/\/api.w.org\/{rel}","templated":true}]}}