{"id":14710,"date":"2025-09-25T16:40:11","date_gmt":"2025-09-25T16:40:11","guid":{"rendered":"https:\/\/as-schwabe.de\/produkt\/beben-na-waz-sprezonego-powietrza-z-wezem-20-m-w-zestawie-12622\/"},"modified":"2025-10-23T00:13:20","modified_gmt":"2025-10-23T00:13:20","slug":"beben-na-waz-sprezonego-powietrza-z-wezem-20-m-w-zestawie-12622","status":"publish","type":"product","link":"https:\/\/as-schwabe.de\/pl\/produkt\/beben-na-waz-sprezonego-powietrza-z-wezem-20-m-w-zestawie-12622\/","title":{"rendered":"B\u0119ben na w\u0105\u017c spr\u0119\u017conego powietrza 285 mm \u00d8 &#8211; z w\u0119\u017cem 20 m w zestawie | 12622"},"content":{"rendered":"<p>B\u0119ben na w\u0105\u017c spr\u0119\u017conego powietrza o \u015brednicy 285 mm to doskona\u0142e rozwi\u0105zanie dla profesjonalist\u00f3w oraz hobbyst\u00f3w poszukuj\u0105cych niezawodno\u015bci i wygody w u\u017cytkowaniu. W zestawie znajduje si\u0119 20 metr\u00f3w w\u0119\u017ca PUR w kolorze niebieskim, o \u015brednicy 9 mm i grubo\u015bci 3 mm, co zapewnia elastyczno\u015b\u0107 oraz wytrzyma\u0142o\u015b\u0107 na ci\u015bnienie do 15 bar\u00f3w. Wykonany z wysokiej jako\u015bci tworzywa sztucznego w kolorze czarnym b\u0119ben jest zamontowany na metalowym stela\u017cu, co gwarantuje stabilno\u015b\u0107 oraz trwa\u0142o\u015b\u0107. Dzi\u0119ki systemowi szybkoz\u0142\u0105czek i przy\u0142\u0105czom NW 7,2, u\u017cytkownik zyskuje praktyczne rozwi\u0105zanie umo\u017cliwiaj\u0105ce szybkie pod\u0142\u0105czenie do \u017ar\u00f3d\u0142a spr\u0119\u017conego powietrza. Ten nawijak b\u0119bnowy to idealny wyb\u00f3r do warsztat\u00f3w, zak\u0142ad\u00f3w przemys\u0142owych oraz wszelkich zastosowa\u0144 zwi\u0105zanych z obr\u00f3bk\u0105 powietrza.<\/p>","protected":false},"excerpt":{"rendered":"<div class=\"icons\" style=\"display: flex; flex-wrap: wrap; gap: 5px; align-items: center; margin-top: 10px;\"><img decoding=\"async\" src=\"https:\/\/as-schwabe.de\/wp-content\/uploads\/ikony\/znak_CE.png\" alt=\"\" width=\"50\" height=\"50\" \/><img decoding=\"async\" src=\"https:\/\/as-schwabe.de\/wp-content\/uploads\/ikony\/znak_Z.png\" alt=\"\" width=\"50\" height=\"50\" \/><img decoding=\"async\" src=\"https:\/\/as-schwabe.de\/wp-content\/uploads\/ikony\/znak_D.png\" alt=\"\" width=\"50\" height=\"50\" \/><\/div>\n<ul>\n<li>korpus b\u0119bna wykonany ze specjalnego tworzywa sztucznego <\/li>\n<li>ocynkowana rama nawijaka b\u0119bnowego <\/li>\n<li>niebieski w\u0105\u017c spr\u0119\u017conego powietrza z ko\u0144c\u00f3wkami DIN <\/li>\n<li>maksymalne ci\u015bnienie 15 bar\u00f3w <\/li>\n<li>przy\u0142\u0105cze NW 7.2 <\/li>\n<li>w\u0105\u017c: \u015brednica wewn\u0119trzna x grubo\u015b\u0107 \u015bcianki: 9 x 3 mm<\/li>\n<\/ul>","protected":false},"featured_media":29425,"template":"","meta":{"inline_featured_image":false},"genre":[509],"product_cat":[529,531],"product_tag":[],"class_list":{"0":"post-14710","1":"product","2":"type-product","3":"status-publish","4":"has-post-thumbnail","6":"product_brand-as-schwabe-pl","7":"product_cat-sprezone-powietrze-pl","8":"product_cat-weze-i-bebny-na-weze-do-sprezonego-powietrza-pl","10":"first","11":"instock","12":"shipping-taxable","13":"product-type-simple"},"aioseo_notices":[],"_links":{"self":[{"href":"https:\/\/as-schwabe.de\/pl\/wp-json\/wp\/v2\/product\/14710","targetHints":{"allow":["GET"]}}],"collection":[{"href":"https:\/\/as-schwabe.de\/pl\/wp-json\/wp\/v2\/product"}],"about":[{"href":"https:\/\/as-schwabe.de\/pl\/wp-json\/wp\/v2\/types\/product"}],"version-history":[{"count":0,"href":"https:\/\/as-schwabe.de\/pl\/wp-json\/wp\/v2\/product\/14710\/revisions"}],"wp:featuredmedia":[{"embeddable":true,"href":"https:\/\/as-schwabe.de\/pl\/wp-json\/wp\/v2\/media\/29425"}],"wp:attachment":[{"href":"https:\/\/as-schwabe.de\/pl\/wp-json\/wp\/v2\/media?parent=14710"}],"wp:term":[{"taxonomy":"product_brand","embeddable":true,"href":"https:\/\/as-schwabe.de\/pl\/wp-json\/wp\/v2\/genre?post=14710"},{"taxonomy":"product_cat","embeddable":true,"href":"https:\/\/as-schwabe.de\/pl\/wp-json\/wp\/v2\/product_cat?post=14710"},{"taxonomy":"product_tag","embeddable":true,"href":"https:\/\/as-schwabe.de\/pl\/wp-json\/wp\/v2\/product_tag?post=14710"}],"curies":[{"name":"wp","href":"https:\/\/api.w.org\/{rel}","templated":true}]}}