{"id":14705,"date":"2025-09-25T16:40:08","date_gmt":"2025-09-25T16:40:08","guid":{"rendered":"https:\/\/as-schwabe.de\/produkt\/automatyczny-nawijak-do-weza-sprezonego-powietrza-15-m-12613\/"},"modified":"2025-10-23T00:13:20","modified_gmt":"2025-10-23T00:13:20","slug":"automatyczny-nawijak-do-weza-sprezonego-powietrza-15-m-12613","status":"publish","type":"product","link":"https:\/\/as-schwabe.de\/pl\/produkt\/automatyczny-nawijak-do-weza-sprezonego-powietrza-15-m-12613\/","title":{"rendered":"Automatyczny nawijak do w\u0119\u017ca spr\u0119\u017conego powietrza dla profesjonalist\u00f3w, w\u0105\u017c PU 15 m 8 x 2 mm | 12613"},"content":{"rendered":"<p>Automatyczny nawijak do w\u0119\u017ca spr\u0119\u017conego powietrza o d\u0142ugo\u015bci 15 m to idealne rozwi\u0105zanie dla profesjonalist\u00f3w, poszukuj\u0105cych efektywnego i wygodnego narz\u0119dzia do pracy. Jego szara obudowa z uchwytem \u015bciennym zapewnia \u0142atwy monta\u017c oraz optymalne zagospodarowanie przestrzeni. W\u0119\u017ca PUR w kolorze niebieskim, o \u015brednicy 8 mm i grubo\u015bci 2 mm, charakteryzuje si\u0119 wysok\u0105 elastyczno\u015bci\u0105 oraz odporno\u015bci\u0105 na uszkodzenia, a maksymalne ci\u015bnienie 12 bar\u00f3w umo\u017cliwia zastosowanie go w r\u00f3\u017cnych warunkach roboczych. W zestawie znajduje si\u0119 1-metrowy w\u0105\u017c przy\u0142\u0105czeniowy oraz stalowe odgi\u0119tki zabezpieczaj\u0105ce przed za\u0142amaniami, co zwi\u0119ksza trwa\u0142o\u015b\u0107 produktu. Dodatkowo, system prowadnicy w\u0119\u017ca oraz ogranicznik zwini\u0119cia sprawiaj\u0105, \u017ce korzystanie z nawijaka jest niezwykle komfortowe, minimalizuj\u0105c ryzyko spl\u0105tania i uszkodze\u0144.<\/p>","protected":false},"excerpt":{"rendered":"<div class=\"icons\" style=\"display: flex; flex-wrap: wrap; gap: 5px; align-items: center; margin-top: 10px;\"><img decoding=\"async\" src=\"https:\/\/as-schwabe.de\/wp-content\/uploads\/ikony\/znak_CE.png\" alt=\"\" width=\"50\" height=\"50\" \/><img decoding=\"async\" src=\"https:\/\/as-schwabe.de\/wp-content\/uploads\/ikony\/znak_Z.png\" alt=\"\" width=\"50\" height=\"50\" \/><img decoding=\"async\" src=\"https:\/\/as-schwabe.de\/wp-content\/uploads\/ikony\/znak_D.png\" alt=\"\" width=\"50\" height=\"50\" \/><\/div>\n<ul>\n<li>b\u0119ben na w\u0105\u017c pneumatyczny w bardzo wytrzyma\u0142ej obudowie z szarego tworzywa sztucznego<\/li>\n<li> z obrotowym uchwytem \u015bciennym i materia\u0142ami monta\u017cowymi<\/li>\n<li> 15 m rozwijany, niebieski w\u0105\u017c poliuretanowy z ogranicznikiem zwijania <\/li>\n<li>z funkcj\u0105 automatycznego zwijania <\/li>\n<li>prowadnica w\u0119\u017ca umo\u017cliwia jego dok\u0142adne nawini\u0119cie <\/li>\n<li>w\u0105\u017c przy\u0142\u0105czeniowy z poliuretanu o d\u0142ugo\u015bci 1 m <\/li>\n<li>maksymalne ci\u015bnienie 12 bar\u00f3w <\/li>\n<li>przy\u0142\u0105cze szybkoz\u0142\u0105czka wtykowa NW 7.2 <\/li>\n<li>elementy \u0142\u0105cz\u0105ce ze stalowymi spr\u0119\u017cynowymi odgi\u0119tkami zapobiegaj\u0105cymi za\u0142amaniom <\/li>\n<li>w\u0105\u017c: \u015brednica wewn\u0119trzna x grubo\u015b\u0107 \u015bcianki: 8 x 2 mm<\/li>\n<\/ul>","protected":false},"featured_media":29419,"template":"","meta":{"inline_featured_image":false},"genre":[509],"product_cat":[529,530],"product_tag":[],"class_list":{"0":"post-14705","1":"product","2":"type-product","3":"status-publish","4":"has-post-thumbnail","6":"product_brand-as-schwabe-pl","7":"product_cat-sprezone-powietrze-pl","8":"product_cat-przedluzacze-samozwijajace-sprezone-powietrze-pl","10":"first","11":"instock","12":"shipping-taxable","13":"product-type-simple"},"aioseo_notices":[],"_links":{"self":[{"href":"https:\/\/as-schwabe.de\/pl\/wp-json\/wp\/v2\/product\/14705","targetHints":{"allow":["GET"]}}],"collection":[{"href":"https:\/\/as-schwabe.de\/pl\/wp-json\/wp\/v2\/product"}],"about":[{"href":"https:\/\/as-schwabe.de\/pl\/wp-json\/wp\/v2\/types\/product"}],"version-history":[{"count":0,"href":"https:\/\/as-schwabe.de\/pl\/wp-json\/wp\/v2\/product\/14705\/revisions"}],"wp:featuredmedia":[{"embeddable":true,"href":"https:\/\/as-schwabe.de\/pl\/wp-json\/wp\/v2\/media\/29419"}],"wp:attachment":[{"href":"https:\/\/as-schwabe.de\/pl\/wp-json\/wp\/v2\/media?parent=14705"}],"wp:term":[{"taxonomy":"product_brand","embeddable":true,"href":"https:\/\/as-schwabe.de\/pl\/wp-json\/wp\/v2\/genre?post=14705"},{"taxonomy":"product_cat","embeddable":true,"href":"https:\/\/as-schwabe.de\/pl\/wp-json\/wp\/v2\/product_cat?post=14705"},{"taxonomy":"product_tag","embeddable":true,"href":"https:\/\/as-schwabe.de\/pl\/wp-json\/wp\/v2\/product_tag?post=14705"}],"curies":[{"name":"wp","href":"https:\/\/api.w.org\/{rel}","templated":true}]}}