{"id":14700,"date":"2025-09-25T16:40:03","date_gmt":"2025-09-25T16:40:03","guid":{"rendered":"https:\/\/as-schwabe.de\/produkt\/automatyczny-nawijak-do-weza-sprezonego-powietrza-10-m-12612\/"},"modified":"2025-10-23T00:13:20","modified_gmt":"2025-10-23T00:13:20","slug":"automatyczny-nawijak-do-weza-sprezonego-powietrza-10-m-12612","status":"publish","type":"product","link":"https:\/\/as-schwabe.de\/pl\/produkt\/automatyczny-nawijak-do-weza-sprezonego-powietrza-10-m-12612\/","title":{"rendered":"Automatyczny nawijak do w\u0119\u017ca spr\u0119\u017conego powietrza, w\u0105\u017c PVC 10 m 10 x 3 mm | 12612"},"content":{"rendered":"<p>Automatyczny nawijak do w\u0119\u017ca spr\u0119\u017conego powietrza o d\u0142ugo\u015bci 10 m to idealne rozwi\u0105zanie dla profesjonalist\u00f3w i majsterkowicz\u00f3w, kt\u00f3rzy ceni\u0105 sobie porz\u0105dek oraz wygod\u0119 w pracy. Niebieska obudowa z uchwytem \u015bciennym umo\u017cliwia \u0142atwe montowanie na r\u00f3\u017cnych powierzchniach, a 10 m w\u0119\u017ca PCV w kolorze \u017c\u00f3\u0142tym z ogranicznikiem zwini\u0119cia zapewnia efektywne i bezpieczne u\u017cytkowanie. Solidne stalowe odgi\u0119tki chroni\u0105 w\u0105\u017c przed za\u0142amaniami, zwi\u0119kszaj\u0105c trwa\u0142o\u015b\u0107 produktu. Dodatkowo, szybkoz\u0142\u0105czki i przy\u0142\u0105cza NW 7,2 umo\u017cliwiaj\u0105 szybkie pod\u0142\u0105czenie do \u017ar\u00f3d\u0142a spr\u0119\u017conego powietrza, a maksymalne ci\u015bnienie wynosz\u0105ce 12 bar\u00f3w sprawia, \u017ce nawijak idealnie sprawdzi si\u0119 w r\u00f3\u017cnorodnych aplikacjach przemys\u0142owych oraz warsztatowych. Kompaktowy design i wydajno\u015b\u0107 to kluczowe atuty, kt\u00f3re wp\u0142yn\u0105 na efektywno\u015b\u0107 ka\u017cdej pracy z w\u0119\u017cem spr\u0119\u017conego powietrza.<\/p>","protected":false},"excerpt":{"rendered":"<div class=\"icons\" style=\"display: flex; flex-wrap: wrap; gap: 5px; align-items: center; margin-top: 10px;\"><img decoding=\"async\" src=\"https:\/\/as-schwabe.de\/wp-content\/uploads\/ikony\/znak_CE.png\" alt=\"\" width=\"50\" height=\"50\" \/><img decoding=\"async\" src=\"https:\/\/as-schwabe.de\/wp-content\/uploads\/ikony\/znak_IP44.png\" alt=\"\" width=\"50\" height=\"50\" \/><img decoding=\"async\" src=\"https:\/\/as-schwabe.de\/wp-content\/uploads\/ikony\/znak_Z.png\" alt=\"\" width=\"50\" height=\"50\" \/><img loading=\"lazy\" decoding=\"async\" src=\"https:\/\/as-schwabe.de\/wp-content\/uploads\/ikony\/znak_D.png\" alt=\"\" width=\"50\" height=\"50\" \/><\/div>\n<ul>\n<li>b\u0119ben na w\u0105\u017c spr\u0119\u017conego powietrza z wytrzyma\u0142\u0105, niebiesk\u0105 obudow\u0105 z tworzywa sztucznego<\/li>\n<li> z obrotowym uchwytem \u015bciennym i materia\u0142ami monta\u017cowymi<\/li>\n<li> 10 m rozwijany, \u017c\u00f3\u0142ty w\u0105\u017c z tworzywa PCV z ogranicznikiem zwijania w\u0119\u017ca<\/li>\n<li> z funkcj\u0105 automatycznego zwijania <\/li>\n<li>prowadnica w\u0119\u017ca umo\u017cliwia jego dok\u0142adne nawini\u0119cie <\/li>\n<li>w\u0105\u017c przy\u0142\u0105czeniowy o d\u0142ugo\u015bci 1 m <\/li>\n<li>maksymalne ci\u015bnienie 12 bar\u00f3w <\/li>\n<li>przy\u0142\u0105cze szybkoz\u0142\u0105czka wtykowa NW 7.2 <\/li>\n<li>elementy \u0142\u0105cz\u0105ce ze stalowymi spr\u0119\u017cynowymi odgi\u0119tkami zapobiegaj\u0105cymi za\u0142amaniom <\/li>\n<li>z szybkoz\u0142\u0105czami <\/li>\n<li>w\u0105\u017c: \u015brednica wewn\u0119trzna x grubo\u015b\u0107 \u015bcianki: 10 x 3 mm<\/li>\n<\/ul>","protected":false},"featured_media":29417,"template":"","meta":{"inline_featured_image":false},"genre":[509],"product_cat":[529,530],"product_tag":[],"class_list":{"0":"post-14700","1":"product","2":"type-product","3":"status-publish","4":"has-post-thumbnail","6":"product_brand-as-schwabe-pl","7":"product_cat-sprezone-powietrze-pl","8":"product_cat-przedluzacze-samozwijajace-sprezone-powietrze-pl","10":"first","11":"instock","12":"shipping-taxable","13":"product-type-simple"},"aioseo_notices":[],"_links":{"self":[{"href":"https:\/\/as-schwabe.de\/pl\/wp-json\/wp\/v2\/product\/14700","targetHints":{"allow":["GET"]}}],"collection":[{"href":"https:\/\/as-schwabe.de\/pl\/wp-json\/wp\/v2\/product"}],"about":[{"href":"https:\/\/as-schwabe.de\/pl\/wp-json\/wp\/v2\/types\/product"}],"version-history":[{"count":0,"href":"https:\/\/as-schwabe.de\/pl\/wp-json\/wp\/v2\/product\/14700\/revisions"}],"wp:featuredmedia":[{"embeddable":true,"href":"https:\/\/as-schwabe.de\/pl\/wp-json\/wp\/v2\/media\/29417"}],"wp:attachment":[{"href":"https:\/\/as-schwabe.de\/pl\/wp-json\/wp\/v2\/media?parent=14700"}],"wp:term":[{"taxonomy":"product_brand","embeddable":true,"href":"https:\/\/as-schwabe.de\/pl\/wp-json\/wp\/v2\/genre?post=14700"},{"taxonomy":"product_cat","embeddable":true,"href":"https:\/\/as-schwabe.de\/pl\/wp-json\/wp\/v2\/product_cat?post=14700"},{"taxonomy":"product_tag","embeddable":true,"href":"https:\/\/as-schwabe.de\/pl\/wp-json\/wp\/v2\/product_tag?post=14700"}],"curies":[{"name":"wp","href":"https:\/\/api.w.org\/{rel}","templated":true}]}}