{"id":14683,"date":"2025-09-25T16:39:49","date_gmt":"2025-09-25T16:39:49","guid":{"rendered":"https:\/\/as-schwabe.de\/produkt\/przedluzacz-bebnowy-z-przeciwnawijakiem-h05vv-f-3g15-25-m-12323\/"},"modified":"2025-10-23T00:13:18","modified_gmt":"2025-10-23T00:13:18","slug":"przedluzacz-bebnowy-z-przeciwnawijakiem-h05vv-f-3g15-25-m-12323","status":"publish","type":"product","link":"https:\/\/as-schwabe.de\/pl\/produkt\/przedluzacz-bebnowy-z-przeciwnawijakiem-h05vv-f-3g15-25-m-12323\/","title":{"rendered":"Przed\u0142u\u017cacz b\u0119bnowy plastikowy z przeciw nawijakiem 25 m H05VV-F 3G1,5 IP20 | 12323"},"content":{"rendered":"<p>Przed\u0142u\u017cacz b\u0119bnowy plastikowy z przeciw nawijakiem o \u015brednicy 230 mm to niezawodne rozwi\u0105zanie do zasilania urz\u0105dze\u0144 elektrycznych w pomieszczeniach. Wyposa\u017cony w przew\u00f3d H05VV-F 3G1,5 o d\u0142ugo\u015bci 25 m, umo\u017cliwia wygodne pod\u0142\u0105czenie sprz\u0119tu w trudno dost\u0119pnych miejscach. Jego maksymalne obci\u0105\u017cenie wynosi 230 V, 16 A i 3500 W, co zapewnia stabilne zasilanie. Dodatkowo, przed\u0142u\u017cacz posiada jedno gniazdo IP20 z klapk\u0105, kt\u00f3re jest zabezpieczone przed przypadkowym kontaktem oraz termik, co podnosi bezpiecze\u0144stwo u\u017cytkowania. Dzi\u0119ki metalowemu stela\u017cowi i prowadnicy do kabla, u\u017cytkownik zyskuje prostot\u0119 w przechowywaniu i organizacji przewod\u00f3w. Ergonomiczny uchwyt oraz hamulec czyni\u0105 z przed\u0142u\u017cacza idealne rozwi\u0105zanie zar\u00f3wno w domowych, jak i profesjonalnych zastosowaniach.<\/p>","protected":false},"excerpt":{"rendered":"<div class=\"icons\" style=\"display: flex; flex-wrap: wrap; gap: 5px; align-items: center; margin-top: 10px;\"><img decoding=\"async\" src=\"https:\/\/as-schwabe.de\/wp-content\/uploads\/ikony\/znak_SCH.png\" alt=\"\" width=\"45\" height=\"50\" \/><img decoding=\"async\" src=\"https:\/\/as-schwabe.de\/wp-content\/uploads\/ikony\/znak_CE.png\" alt=\"\" width=\"50\" height=\"50\" \/><img decoding=\"async\" src=\"https:\/\/as-schwabe.de\/wp-content\/uploads\/ikony\/znak_IP20.png\" alt=\"\" width=\"50\" height=\"50\" \/><img loading=\"lazy\" decoding=\"async\" src=\"https:\/\/as-schwabe.de\/wp-content\/uploads\/ikony\/znak_Z.png\" alt=\"\" width=\"50\" height=\"50\" \/><img loading=\"lazy\" decoding=\"async\" src=\"https:\/\/as-schwabe.de\/wp-content\/uploads\/ikony\/znak_D.png\" alt=\"\" width=\"50\" height=\"50\" \/><img loading=\"lazy\" decoding=\"async\" src=\"https:\/\/as-schwabe.de\/wp-content\/uploads\/ikony\/znak_DE.png\" alt=\"\" width=\"50\" height=\"40\" \/><\/div>\n<ul>\n<li>korpus b\u0119bna wykonany z wytrzyma\u0142ego, bardzo odpornego na p\u0119kanie specjalnego tworzywa sztucznego ze szpul\u0105 kablow\u0105 <\/li>\n<li>z wytrzyma\u0142\u0105, poch\u0142aniaj\u0105c\u0105 wstrz\u0105sy i ocynkowan\u0105 pojedyncz\u0105 ram\u0105 podstawy z hamulcem postojowym <\/li>\n<li>rama z ergonomicznie ukszta\u0142towanym uchwytem i prowadnic\u0105 kabla <\/li>\n<li>z wbudowanym wy\u0142\u0105cznikiem termicznym <\/li>\n<li>wtyczka z uziemieniem <\/li>\n<li>z 1,5 m kablem przy\u0142\u0105czeniowym z wtyczk\u0105 z uziemieniem <\/li>\n<li>kabel w ostrzegawczym, czerwonym kolorze <\/li>\n<li>IP20: do u\u017cytku wewn\u0105trz pomieszcze\u0144 <\/li>\n<li>230 V, 16 A, maks. 3500 W<\/li>\n<\/ul>","protected":false},"featured_media":29396,"template":"","meta":{"inline_featured_image":false},"genre":[509],"product_cat":[510,511],"product_tag":[],"class_list":{"0":"post-14683","1":"product","2":"type-product","3":"status-publish","4":"has-post-thumbnail","6":"product_brand-as-schwabe-pl","7":"product_cat-przedluzacze-bebnowe-pl","8":"product_cat-przedluzacze-bebnowe-do-uzytku-na-zewnatrz-pl","10":"first","11":"instock","12":"shipping-taxable","13":"product-type-simple"},"aioseo_notices":[],"_links":{"self":[{"href":"https:\/\/as-schwabe.de\/pl\/wp-json\/wp\/v2\/product\/14683","targetHints":{"allow":["GET"]}}],"collection":[{"href":"https:\/\/as-schwabe.de\/pl\/wp-json\/wp\/v2\/product"}],"about":[{"href":"https:\/\/as-schwabe.de\/pl\/wp-json\/wp\/v2\/types\/product"}],"version-history":[{"count":0,"href":"https:\/\/as-schwabe.de\/pl\/wp-json\/wp\/v2\/product\/14683\/revisions"}],"wp:featuredmedia":[{"embeddable":true,"href":"https:\/\/as-schwabe.de\/pl\/wp-json\/wp\/v2\/media\/29396"}],"wp:attachment":[{"href":"https:\/\/as-schwabe.de\/pl\/wp-json\/wp\/v2\/media?parent=14683"}],"wp:term":[{"taxonomy":"product_brand","embeddable":true,"href":"https:\/\/as-schwabe.de\/pl\/wp-json\/wp\/v2\/genre?post=14683"},{"taxonomy":"product_cat","embeddable":true,"href":"https:\/\/as-schwabe.de\/pl\/wp-json\/wp\/v2\/product_cat?post=14683"},{"taxonomy":"product_tag","embeddable":true,"href":"https:\/\/as-schwabe.de\/pl\/wp-json\/wp\/v2\/product_tag?post=14683"}],"curies":[{"name":"wp","href":"https:\/\/api.w.org\/{rel}","templated":true}]}}