{"id":14675,"date":"2025-09-25T16:39:39","date_gmt":"2025-09-25T16:39:39","guid":{"rendered":"https:\/\/as-schwabe.de\/produkt\/torba-ochronna-na-kempingowe-przedluzacze-bebnowe-12279\/"},"modified":"2025-10-23T00:13:18","modified_gmt":"2025-10-23T00:13:18","slug":"torba-ochronna-na-kempingowe-przedluzacze-bebnowe-12279","status":"publish","type":"product","link":"https:\/\/as-schwabe.de\/pl\/produkt\/torba-ochronna-na-kempingowe-przedluzacze-bebnowe-12279\/","title":{"rendered":"Torba ochronna na kempingowe przed\u0142u\u017cacze b\u0119bnowe | 12279"},"content":{"rendered":"<p>Torba ochronna na kempingowe przed\u0142u\u017cacze b\u0119bnowe to idealne rozwi\u0105zanie dla os\u00f3b ceni\u0105cych sobie funkcjonalno\u015b\u0107 i trwa\u0142o\u015b\u0107. Wykonana z wytrzyma\u0142ego i wodoodpornego materia\u0142u, skutecznie zabezpiecza przed\u0142u\u017cacze przed niekorzystnymi warunkami atmosferycznymi oraz uszkodzeniami mechanicznymi. Mocne zamki b\u0142yskawiczne gwarantuj\u0105 \u0142atwy dost\u0119p do zawarto\u015bci, a praktyczne otwory do przeprowadzania kabli umo\u017cliwiaj\u0105 wygodne korzystanie z przed\u0142u\u017caczy w ka\u017cdych warunkach. Torba jest przystosowana do u\u017cytku na zewn\u0105trz, co czyni j\u0105 niezast\u0105pionym akcesorium dla ka\u017cdego mi\u0142o\u015bnika kempingu i aktywnego sp\u0119dzania czasu na \u015bwie\u017cym powietrzu. Dzi\u0119ki takiemu rozwi\u0105zaniu, mo\u017cesz mie\u0107 pewno\u015b\u0107, \u017ce Twoje przed\u0142u\u017cacze b\u0119d\u0105 zawsze w doskona\u0142ym stanie, gotowe do u\u017cycia w ka\u017cdej chwili.<\/p>","protected":false},"excerpt":{"rendered":"<div class=\"icons\" style=\"display: flex; flex-wrap: wrap; gap: 5px; align-items: center; margin-top: 10px;\"><img decoding=\"async\" src=\"https:\/\/as-schwabe.de\/wp-content\/uploads\/ikony\/znak_CE.png\" alt=\"\" width=\"50\" height=\"50\" \/><img decoding=\"async\" src=\"https:\/\/as-schwabe.de\/wp-content\/uploads\/ikony\/znak_Z.png\" alt=\"\" width=\"50\" height=\"50\" \/><img decoding=\"async\" src=\"https:\/\/as-schwabe.de\/wp-content\/uploads\/ikony\/znak_D.png\" alt=\"\" width=\"50\" height=\"50\" \/><img loading=\"lazy\" decoding=\"async\" src=\"https:\/\/as-schwabe.de\/wp-content\/uploads\/ikony\/znak_DE.png\" alt=\"\" width=\"50\" height=\"40\" \/><\/div>\n<ul>\n<li>wykonana z wysoce odpornego, py\u0142oszczelnego i wodoodpornego materia\u0142u typu outdoor<\/li>\n<li> \u0142atwy w piel\u0119gnacji i prosty do czyszczenia materia\u0142<\/li>\n<li> specjalny zamek b\u0142yskawiczny z odporn\u0105 na kurz i zachlapania os\u0142on\u0105 ochronn\u0105 <\/li>\n<li>cztery suwaki b\u0142yskawiczne umo\u017cliwiaj\u0105 indywidualne ustawienie otwor\u00f3w na kable na ca\u0142ej d\u0142ugo\u015bci zamka <\/li>\n<li>praktyczny pasek do przenoszenia z klamr\u0105 u g\u00f3ry <\/li>\n<li>\u0142atwe przechowywanie b\u0119bna kablowego w torbie, poniewa\u017c mo\u017cna j\u0105 ca\u0142kowicie otworzy\u0107 <\/li>\n<li>wst\u0119pnie przygotowane otwory na kable po obu stronach torby do przeprowadzenia kabli <\/li>\n<li>wymiary torby: wysoko\u015b\u0107 390 mm, szeroko\u015b\u0107 330 mm, g\u0142\u0119boko\u015b\u0107 210 mm <\/li>\n<li>nadaje si\u0119 do sta\u0142ego u\u017cytku na zewn\u0105trz <\/li>\n<li>nadaje si\u0119 do kempingowych b\u0119bn\u00f3w kablowych o nr art. 10173, 10176, 10231, 12270, 12274<\/li>\n<\/ul>","protected":false},"featured_media":29392,"template":"","meta":{"inline_featured_image":false},"genre":[509],"product_cat":[515,516],"product_tag":[],"class_list":{"0":"post-14675","1":"product","2":"type-product","3":"status-publish","4":"has-post-thumbnail","6":"product_brand-as-schwabe-pl","7":"product_cat-kemping-i-caravaning-pl","8":"product_cat-przedluzacze-bebnowe-kemping-i-caravaning-pl","10":"first","11":"instock","12":"shipping-taxable","13":"product-type-simple"},"aioseo_notices":[],"_links":{"self":[{"href":"https:\/\/as-schwabe.de\/pl\/wp-json\/wp\/v2\/product\/14675","targetHints":{"allow":["GET"]}}],"collection":[{"href":"https:\/\/as-schwabe.de\/pl\/wp-json\/wp\/v2\/product"}],"about":[{"href":"https:\/\/as-schwabe.de\/pl\/wp-json\/wp\/v2\/types\/product"}],"version-history":[{"count":0,"href":"https:\/\/as-schwabe.de\/pl\/wp-json\/wp\/v2\/product\/14675\/revisions"}],"wp:featuredmedia":[{"embeddable":true,"href":"https:\/\/as-schwabe.de\/pl\/wp-json\/wp\/v2\/media\/29392"}],"wp:attachment":[{"href":"https:\/\/as-schwabe.de\/pl\/wp-json\/wp\/v2\/media?parent=14675"}],"wp:term":[{"taxonomy":"product_brand","embeddable":true,"href":"https:\/\/as-schwabe.de\/pl\/wp-json\/wp\/v2\/genre?post=14675"},{"taxonomy":"product_cat","embeddable":true,"href":"https:\/\/as-schwabe.de\/pl\/wp-json\/wp\/v2\/product_cat?post=14675"},{"taxonomy":"product_tag","embeddable":true,"href":"https:\/\/as-schwabe.de\/pl\/wp-json\/wp\/v2\/product_tag?post=14675"}],"curies":[{"name":"wp","href":"https:\/\/api.w.org\/{rel}","templated":true}]}}