{"id":14668,"date":"2025-09-25T16:39:36","date_gmt":"2025-09-25T16:39:36","guid":{"rendered":"https:\/\/as-schwabe.de\/produkt\/torba-ochronna-na-przedluzacze-1-gn-do-25m-12278\/"},"modified":"2025-10-23T00:13:18","modified_gmt":"2025-10-23T00:13:18","slug":"torba-ochronna-na-przedluzacze-1-gn-do-25m-12278","status":"publish","type":"product","link":"https:\/\/as-schwabe.de\/pl\/produkt\/torba-ochronna-na-przedluzacze-1-gn-do-25m-12278\/","title":{"rendered":"Torba ochronna na przed\u0142u\u017cacze | 12278"},"content":{"rendered":"<p>Torba ochronna na przed\u0142u\u017cacze to niezb\u0119dny element dla ka\u017cdego, kto pracuje w warunkach zewn\u0119trznych. Wykonana z wytrzyma\u0142ego i wodoodpornego materia\u0142u, zapewnia doskona\u0142\u0105 ochron\u0119 przed\u0142u\u017caczy jednogniazdowych 3G2,5 o maksymalnej d\u0142ugo\u015bci 25 metr\u00f3w. Mocne zamki b\u0142yskawiczne gwarantuj\u0105 \u0142atwe u\u017cytkowanie oraz bezpiecze\u0144stwo przechowywania. Idealna do transportu i przechowywania, torba chroni przed\u0142u\u017cacze przed dzia\u0142aniem niekorzystnych warunk\u00f3w atmosferycznych oraz mechanicznymi uszkodzeniami. Dzi\u0119ki przemy\u015blanej konstrukcji jest to praktyczne rozwi\u0105zanie dla profesjonalist\u00f3w oraz indywidualnych u\u017cytkownik\u00f3w ceni\u0105cych sobie porz\u0105dek i ochron\u0119 swojego sprz\u0119tu.<\/p>","protected":false},"excerpt":{"rendered":"<div class=\"icons\" style=\"display: flex; flex-wrap: wrap; gap: 5px; align-items: center; margin-top: 10px;\"><img decoding=\"async\" src=\"https:\/\/as-schwabe.de\/wp-content\/uploads\/ikony\/znak_CE.png\" alt=\"\" width=\"50\" height=\"50\" \/><img decoding=\"async\" src=\"https:\/\/as-schwabe.de\/wp-content\/uploads\/ikony\/znak_Z.png\" alt=\"\" width=\"50\" height=\"50\" \/><img decoding=\"async\" src=\"https:\/\/as-schwabe.de\/wp-content\/uploads\/ikony\/znak_D.png\" alt=\"\" width=\"50\" height=\"50\" \/><img loading=\"lazy\" decoding=\"async\" src=\"https:\/\/as-schwabe.de\/wp-content\/uploads\/ikony\/znak_DE.png\" alt=\"\" width=\"50\" height=\"40\" \/><\/div>\n<ul>\n<li>wykonana z wysoce odpornego, py\u0142oszczelnego i wodoodpornego materia\u0142u typu outdoor <\/li>\n<li>\u0142atwy w piel\u0119gnacji i prosty do czyszczenia materia\u0142 <\/li>\n<li>specjalny zamek b\u0142yskawiczny z odporn\u0105 na kurz i zachlapania os\u0142on\u0105 ochronn\u0105 <\/li>\n<li>\u0142atwe przechowywanie przed\u0142u\u017cacza w torbie dzi\u0119ki du\u017cemu otworowi z zamkiem b\u0142yskawicznym <\/li>\n<li>wymiary: \u015brednica 360 mm, g\u0142\u0119boko\u015b\u0107 110 mm <\/li>\n<li>szczeg\u00f3lnie d\u0142ugie i elastyczne uchwyty do przenoszenia <\/li>\n<li>nadaje si\u0119 do sta\u0142ego u\u017cytku na zewn\u0105trz i jest \u0142atwa do mycia <\/li>\n<li>nadaje si\u0119 do przed\u0142u\u017caczy 3G2,5 o d\u0142ugo\u015bci do 25 m<\/li>\n<\/ul>","protected":false},"featured_media":29384,"template":"","meta":{"inline_featured_image":false},"genre":[509],"product_cat":[515,527],"product_tag":[],"class_list":{"0":"post-14668","1":"product","2":"type-product","3":"status-publish","4":"has-post-thumbnail","6":"product_brand-as-schwabe-pl","7":"product_cat-kemping-i-caravaning-pl","8":"product_cat-przedluzacze-cee-pl","10":"first","11":"instock","12":"shipping-taxable","13":"product-type-simple"},"aioseo_notices":[],"_links":{"self":[{"href":"https:\/\/as-schwabe.de\/pl\/wp-json\/wp\/v2\/product\/14668","targetHints":{"allow":["GET"]}}],"collection":[{"href":"https:\/\/as-schwabe.de\/pl\/wp-json\/wp\/v2\/product"}],"about":[{"href":"https:\/\/as-schwabe.de\/pl\/wp-json\/wp\/v2\/types\/product"}],"version-history":[{"count":0,"href":"https:\/\/as-schwabe.de\/pl\/wp-json\/wp\/v2\/product\/14668\/revisions"}],"wp:featuredmedia":[{"embeddable":true,"href":"https:\/\/as-schwabe.de\/pl\/wp-json\/wp\/v2\/media\/29384"}],"wp:attachment":[{"href":"https:\/\/as-schwabe.de\/pl\/wp-json\/wp\/v2\/media?parent=14668"}],"wp:term":[{"taxonomy":"product_brand","embeddable":true,"href":"https:\/\/as-schwabe.de\/pl\/wp-json\/wp\/v2\/genre?post=14668"},{"taxonomy":"product_cat","embeddable":true,"href":"https:\/\/as-schwabe.de\/pl\/wp-json\/wp\/v2\/product_cat?post=14668"},{"taxonomy":"product_tag","embeddable":true,"href":"https:\/\/as-schwabe.de\/pl\/wp-json\/wp\/v2\/product_tag?post=14668"}],"curies":[{"name":"wp","href":"https:\/\/api.w.org\/{rel}","templated":true}]}}