{"id":14661,"date":"2025-09-25T16:39:32","date_gmt":"2025-09-25T16:39:32","guid":{"rendered":"https:\/\/as-schwabe.de\/produkt\/przedluzacz-bebnowy-plastikowy-kempingowy-powerlight-cee-cee-katowe-z-dodatkowym-gniazdem-ip44-h07bq-f-3g25-25-m-12276\/"},"modified":"2025-10-23T00:13:17","modified_gmt":"2025-10-23T00:13:17","slug":"przedluzacz-bebnowy-plastikowy-kempingowy-powerlight-cee-cee-katowe-z-dodatkowym-gniazdem-ip44-h07bq-f-3g25-25-m-12276","status":"publish","type":"product","link":"https:\/\/as-schwabe.de\/pl\/produkt\/przedluzacz-bebnowy-plastikowy-kempingowy-powerlight-cee-cee-katowe-z-dodatkowym-gniazdem-ip44-h07bq-f-3g25-25-m-12276\/","title":{"rendered":"Przed\u0142u\u017cacz b\u0119bnowy plastikowy kempingowy z funkcj\u0105 PowerLight, z dodatkowym gniazdem 230 V 2P+Z 25 m H07BQ-F 3G2,5 IP44 | 12276"},"content":{"rendered":"<p>Przed\u0142u\u017cacz b\u0119bnowy plastikowy kempingowy o \u015brednicy 285 mm to idealne rozwi\u0105zanie dla os\u00f3b poszukuj\u0105cych niezawodnego zasilania w warunkach zewn\u0119trznych. Oferuje 25 m kabla H07BQ-F 3G2,5 oraz wtyczk\u0119 CEE 230 V, 16 A, 3P, co zapewnia maksymaln\u0105 moc 3500 W. Wbudowana sygnalizacja napi\u0119cia Powerlight informuje u\u017cytkownika o poprawno\u015bci zasilania, a dodatkowe gniazdo IP44 z klapk\u0105 i uziemieniem gwarantuje bezpiecze\u0144stwo u\u017cytkowania. Ergonomiczny uchwyt oraz \u0142atwa w u\u017cyciu plastikowa prowadnica do kabli zwi\u0119kszaj\u0105 komfort transportu i przechowywania, co czyni ten b\u0119bnowy przed\u0142u\u017cacz doskona\u0142ym wyborem na kemping, budow\u0119 czy do ogrodu. Wzmocniona ocynkowana rama podstawy zapewnia stabilno\u015b\u0107 oraz trwa\u0142o\u015b\u0107 urz\u0105dzenia w trudnych warunkach.<\/p>","protected":false},"excerpt":{"rendered":"<div class=\"icons\" style=\"display: flex; flex-wrap: wrap; gap: 5px; align-items: center; margin-top: 10px;\"><img decoding=\"async\" src=\"https:\/\/as-schwabe.de\/wp-content\/uploads\/ikony\/znak_SCH.png\" alt=\"\" width=\"45\" height=\"50\" \/><img decoding=\"async\" src=\"https:\/\/as-schwabe.de\/wp-content\/uploads\/ikony\/znak_CE.png\" alt=\"\" width=\"50\" height=\"50\" \/><img decoding=\"async\" src=\"https:\/\/as-schwabe.de\/wp-content\/uploads\/ikony\/znak_IP44.png\" alt=\"\" width=\"50\" height=\"50\" \/><img loading=\"lazy\" decoding=\"async\" src=\"https:\/\/as-schwabe.de\/wp-content\/uploads\/ikony\/znak_POWERLIGHT.png\" alt=\"\" width=\"90\" height=\"50\" \/><img loading=\"lazy\" decoding=\"async\" src=\"https:\/\/as-schwabe.de\/wp-content\/uploads\/ikony\/znak_Z.png\" alt=\"\" width=\"50\" height=\"50\" \/><img loading=\"lazy\" decoding=\"async\" src=\"https:\/\/as-schwabe.de\/wp-content\/uploads\/ikony\/znak_D.png\" alt=\"\" width=\"50\" height=\"50\" \/><img loading=\"lazy\" decoding=\"async\" src=\"https:\/\/as-schwabe.de\/wp-content\/uploads\/ikony\/znak_DE.png\" alt=\"\" width=\"50\" height=\"40\" \/><\/div>\n<ul>\n<li>korpus b\u0119bna wykonany z wytrzyma\u0142ego, bardzo odpornego na uszkodzenia specjalnego tworzywa sztucznego z ergonomicznym uchwytem<\/li>\n<li> z wytrzyma\u0142\u0105, poch\u0142aniaj\u0105c\u0105 wstrz\u0105sy i ocynkowan\u0105 pojedyncz\u0105 ram\u0105 podstawy z hamulcem postojowym <\/li>\n<li>z wy\u0142\u0105cznikiem termicznym i opatentowanym prowadzeniem kabli <\/li>\n<li>z bardzo wytrzyma\u0142ym neoprenowym przewodem klasy H07 lub z przewodem BQ-F z poliuretanu w pomara\u0144czowym kolorze ostrzegawczym <\/li>\n<li>zawiera klips do mocowania kabla do obudowy<\/li>\n<li> nadaje si\u0119 do sta\u0142ego u\u017cytku na zewn\u0105trz <\/li>\n<li>230 V, 16 A, maks. 3500 W <\/li>\n<li>IP44: chroniony przed cia\u0142ami obcymi i bryzgami wody <\/li>\n<li>z wtyczk\u0105 CEE 230 V, 16 A, 3P z sygnalizacj\u0105 napi\u0119cia \u201ePowerlight\u201d <\/li>\n<li>z 1,5 m kablem przy\u0142\u0105czeniowym z gniazdem k\u0105towym CEE z uchyln\u0105 klapk\u0105 (230 V, 16 A, 3P) i dodatkowym gniazdem z uziemieniem z uchyln\u0105 klapk\u0105 (230 V, 16 A)<\/li>\n<\/ul>","protected":false},"featured_media":29390,"template":"","meta":{"inline_featured_image":false},"genre":[509],"product_cat":[515,516],"product_tag":[],"class_list":{"0":"post-14661","1":"product","2":"type-product","3":"status-publish","4":"has-post-thumbnail","6":"product_brand-as-schwabe-pl","7":"product_cat-kemping-i-caravaning-pl","8":"product_cat-przedluzacze-bebnowe-kemping-i-caravaning-pl","10":"first","11":"instock","12":"shipping-taxable","13":"product-type-simple"},"aioseo_notices":[],"_links":{"self":[{"href":"https:\/\/as-schwabe.de\/pl\/wp-json\/wp\/v2\/product\/14661","targetHints":{"allow":["GET"]}}],"collection":[{"href":"https:\/\/as-schwabe.de\/pl\/wp-json\/wp\/v2\/product"}],"about":[{"href":"https:\/\/as-schwabe.de\/pl\/wp-json\/wp\/v2\/types\/product"}],"version-history":[{"count":0,"href":"https:\/\/as-schwabe.de\/pl\/wp-json\/wp\/v2\/product\/14661\/revisions"}],"wp:featuredmedia":[{"embeddable":true,"href":"https:\/\/as-schwabe.de\/pl\/wp-json\/wp\/v2\/media\/29390"}],"wp:attachment":[{"href":"https:\/\/as-schwabe.de\/pl\/wp-json\/wp\/v2\/media?parent=14661"}],"wp:term":[{"taxonomy":"product_brand","embeddable":true,"href":"https:\/\/as-schwabe.de\/pl\/wp-json\/wp\/v2\/genre?post=14661"},{"taxonomy":"product_cat","embeddable":true,"href":"https:\/\/as-schwabe.de\/pl\/wp-json\/wp\/v2\/product_cat?post=14661"},{"taxonomy":"product_tag","embeddable":true,"href":"https:\/\/as-schwabe.de\/pl\/wp-json\/wp\/v2\/product_tag?post=14661"}],"curies":[{"name":"wp","href":"https:\/\/api.w.org\/{rel}","templated":true}]}}