{"id":14645,"date":"2025-09-25T16:39:15","date_gmt":"2025-09-25T16:39:15","guid":{"rendered":"https:\/\/as-schwabe.de\/produkt\/przedluzacz-bebnowy-plastikowy-kempingowy-powerlight-cee-cee-h07bq-f-3g25-25-m-12272\/"},"modified":"2025-10-23T00:13:17","modified_gmt":"2025-10-23T00:13:17","slug":"przedluzacz-bebnowy-plastikowy-kempingowy-powerlight-cee-cee-h07bq-f-3g25-25-m-12272","status":"publish","type":"product","link":"https:\/\/as-schwabe.de\/pl\/produkt\/przedluzacz-bebnowy-plastikowy-kempingowy-powerlight-cee-cee-h07bq-f-3g25-25-m-12272\/","title":{"rendered":"Przed\u0142u\u017cacz b\u0119bnowy plastikowy kempingowy z funkcj\u0105 PowerLight 25 m H07BQ-F 3G2,5 IP44 | 12272"},"content":{"rendered":"<p>Przed\u0142u\u017cacz b\u0119bnowy plastikowy kempingowy o \u015brednicy 285 mm to doskona\u0142e rozwi\u0105zanie dla os\u00f3b poszukuj\u0105cych niezawodnego \u017ar\u00f3d\u0142a zasilania podczas wyjazd\u00f3w na \u015bwie\u017cym powietrzu. Wyposa\u017cony w 25-metrowy kabel H07BQ-F 3G2,5 w pomara\u0144czowym kolorze oraz wtyczk\u0119 CEE 230 V o nat\u0119\u017ceniu 16 A, ten produkt zapewnia bezpieczne zasilanie urz\u0105dze\u0144 elektrycznych o mocy do 3500 W. Sygnalizacja napi\u0119cia Powerlight informuje u\u017cytkownika o statusie zasilania, co zwi\u0119ksza bezpiecze\u0144stwo podczas korzystania z przed\u0142u\u017cacza. Ergonomiczny uchwyt oraz plastikowa prowadnica do kabli u\u0142atwiaj\u0105 transport i przechowywanie, a ocynkowana rama podstawy gwarantuje stabilno\u015b\u0107 i trwa\u0142o\u015b\u0107. Dzi\u0119ki klasie ochrony IP44, produkt jest przystosowany do u\u017cytku na zewn\u0105trz, co sprawia, \u017ce idealnie sprawdzi si\u0119 podczas kemping\u00f3w, piknik\u00f3w czy przy pracach ogrodowych.<\/p>","protected":false},"excerpt":{"rendered":"<div class=\"icons\" style=\"display: flex; flex-wrap: wrap; gap: 5px; align-items: center; margin-top: 10px;\"><img decoding=\"async\" src=\"https:\/\/as-schwabe.de\/wp-content\/uploads\/ikony\/znak_SCH.png\" alt=\"\" width=\"45\" height=\"50\" \/><img decoding=\"async\" src=\"https:\/\/as-schwabe.de\/wp-content\/uploads\/ikony\/znak_CE.png\" alt=\"\" width=\"50\" height=\"50\" \/><img decoding=\"async\" src=\"https:\/\/as-schwabe.de\/wp-content\/uploads\/ikony\/znak_IP44.png\" alt=\"\" width=\"50\" height=\"50\" \/><img loading=\"lazy\" decoding=\"async\" src=\"https:\/\/as-schwabe.de\/wp-content\/uploads\/ikony\/znak_POWERLIGHT.png\" alt=\"\" width=\"90\" height=\"50\" \/><img loading=\"lazy\" decoding=\"async\" src=\"https:\/\/as-schwabe.de\/wp-content\/uploads\/ikony\/znak_Z.png\" alt=\"\" width=\"50\" height=\"50\" \/><img loading=\"lazy\" decoding=\"async\" src=\"https:\/\/as-schwabe.de\/wp-content\/uploads\/ikony\/znak_D.png\" alt=\"\" width=\"50\" height=\"50\" \/><img loading=\"lazy\" decoding=\"async\" src=\"https:\/\/as-schwabe.de\/wp-content\/uploads\/ikony\/znak_DE.png\" alt=\"\" width=\"50\" height=\"40\" \/><\/div>\n<ul>\n<li>korpus b\u0119bna wykonany z wytrzyma\u0142ego, bardzo odpornego na uszkodzenia specjalnego tworzywa sztucznego z ergonomicznym uchwytem<\/li>\n<li> z wytrzyma\u0142\u0105, poch\u0142aniaj\u0105c\u0105 wstrz\u0105sy i ocynkowan\u0105 pojedyncz\u0105 ram\u0105 podstawy z hamulcem postojowym <\/li>\n<li>z wy\u0142\u0105cznikiem termicznym i opatentowanym prowadzeniem kabli <\/li>\n<li>z bardzo wytrzyma\u0142ym neoprenowym przewodem klasy H07 lub z przewodem BQ-F z poliuretanu w pomara\u0144czowym kolorze ostrzegawczym <\/li>\n<li>zawiera klips do mocowania kabla do obudowy<\/li>\n<li> nadaje si\u0119 do sta\u0142ego u\u017cytku na zewn\u0105trz <\/li>\n<li>230 V, 16 A, maks. 3500 W <\/li>\n<li>IP44: chroniony przed cia\u0142ami obcymi i bryzgami wody <\/li>\n<li>z wtyczk\u0105 CEE 230 V, 16 A, 3P z sygnalizacj\u0105 napi\u0119cia \u201ePowerlight\u201d <\/li>\n<li>z 1,5 m kablem przy\u0142\u0105czeniowym z 1 gniazdem CEE z uchyln\u0105 klapk\u0105<br \/>\n230 V, 16 A, 3P z sygnalizacj\u0105 napi\u0119cia \u201ePowerlight\u201d <\/li>\n<\/ul>","protected":false},"featured_media":29365,"template":"","meta":{"inline_featured_image":false},"genre":[509],"product_cat":[515,516],"product_tag":[],"class_list":{"0":"post-14645","1":"product","2":"type-product","3":"status-publish","4":"has-post-thumbnail","6":"product_brand-as-schwabe-pl","7":"product_cat-kemping-i-caravaning-pl","8":"product_cat-przedluzacze-bebnowe-kemping-i-caravaning-pl","10":"first","11":"instock","12":"shipping-taxable","13":"product-type-simple"},"aioseo_notices":[],"_links":{"self":[{"href":"https:\/\/as-schwabe.de\/pl\/wp-json\/wp\/v2\/product\/14645","targetHints":{"allow":["GET"]}}],"collection":[{"href":"https:\/\/as-schwabe.de\/pl\/wp-json\/wp\/v2\/product"}],"about":[{"href":"https:\/\/as-schwabe.de\/pl\/wp-json\/wp\/v2\/types\/product"}],"version-history":[{"count":0,"href":"https:\/\/as-schwabe.de\/pl\/wp-json\/wp\/v2\/product\/14645\/revisions"}],"wp:featuredmedia":[{"embeddable":true,"href":"https:\/\/as-schwabe.de\/pl\/wp-json\/wp\/v2\/media\/29365"}],"wp:attachment":[{"href":"https:\/\/as-schwabe.de\/pl\/wp-json\/wp\/v2\/media?parent=14645"}],"wp:term":[{"taxonomy":"product_brand","embeddable":true,"href":"https:\/\/as-schwabe.de\/pl\/wp-json\/wp\/v2\/genre?post=14645"},{"taxonomy":"product_cat","embeddable":true,"href":"https:\/\/as-schwabe.de\/pl\/wp-json\/wp\/v2\/product_cat?post=14645"},{"taxonomy":"product_tag","embeddable":true,"href":"https:\/\/as-schwabe.de\/pl\/wp-json\/wp\/v2\/product_tag?post=14645"}],"curies":[{"name":"wp","href":"https:\/\/api.w.org\/{rel}","templated":true}]}}