{"id":14637,"date":"2025-09-25T16:39:05","date_gmt":"2025-09-25T16:39:05","guid":{"rendered":"https:\/\/as-schwabe.de\/produkt\/przedluzacz-bebnowy-plastikowy-kempingowy-powerlight-cee-cee-h07rn-f-3g25-25-m-12270\/"},"modified":"2025-10-23T00:13:17","modified_gmt":"2025-10-23T00:13:17","slug":"przedluzacz-bebnowy-plastikowy-kempingowy-powerlight-cee-cee-h07rn-f-3g25-25-m-12270","status":"publish","type":"product","link":"https:\/\/as-schwabe.de\/pl\/produkt\/przedluzacz-bebnowy-plastikowy-kempingowy-powerlight-cee-cee-h07rn-f-3g25-25-m-12270\/","title":{"rendered":"Przed\u0142u\u017cacz b\u0119bnowy plastikowy kempingowy z funkcj\u0105 PowerLight 25 m H07RN-F 3G2,5 IP44 | 12270"},"content":{"rendered":"<p>Przed\u0142u\u017cacz b\u0119bnowy plastikowy kempingowy o \u015brednicy 285 mm to idealne rozwi\u0105zanie dla os\u00f3b poszukuj\u0105cych niezawodnego \u017ar\u00f3d\u0142a zasilania podczas wypoczynku na \u015bwie\u017cym powietrzu. Wyposa\u017cony w d\u0142ugo\u015b\u0107 kabla 25 m, wtyczk\u0119 CEE 230 V oraz gniazdo CEE 230 V o maksymalnym nat\u0119\u017ceniu 16 A, umo\u017cliwia bezpieczne pod\u0142\u0105czenie urz\u0105dze\u0144 o mocy do 3500 W. Dzi\u0119ki klasie ochrony IP44, produkt jest odporny na warunki atmosferyczne, co sprawia, \u017ce jest doskona\u0142y do u\u017cytku na zewn\u0105trz. Ergonomiczny uchwyt oraz ocynkowana rama podstawy zapewniaj\u0105 wygod\u0119 u\u017cytkowania oraz stabilno\u015b\u0107 podczas transportu. Dodatkowo, sygnalizacja napi\u0119cia Powerlight pozwala na bie\u017c\u0105co monitorowa\u0107 status zasilania.<\/p>","protected":false},"excerpt":{"rendered":"<div class=\"icons\" style=\"display: flex; flex-wrap: wrap; gap: 5px; align-items: center; margin-top: 10px;\"><img decoding=\"async\" src=\"https:\/\/as-schwabe.de\/wp-content\/uploads\/ikony\/znak_CE.png\" alt=\"\" width=\"50\" height=\"50\" \/><img decoding=\"async\" src=\"https:\/\/as-schwabe.de\/wp-content\/uploads\/ikony\/znak_IP44.png\" alt=\"\" width=\"50\" height=\"50\" \/><img decoding=\"async\" src=\"https:\/\/as-schwabe.de\/wp-content\/uploads\/ikony\/znak_POWERLIGHT.png\" alt=\"\" width=\"90\" height=\"50\" \/><img loading=\"lazy\" decoding=\"async\" src=\"https:\/\/as-schwabe.de\/wp-content\/uploads\/ikony\/znak_Z.png\" alt=\"\" width=\"50\" height=\"50\" \/><img loading=\"lazy\" decoding=\"async\" src=\"https:\/\/as-schwabe.de\/wp-content\/uploads\/ikony\/znak_D.png\" alt=\"\" width=\"50\" height=\"50\" \/><img loading=\"lazy\" decoding=\"async\" src=\"https:\/\/as-schwabe.de\/wp-content\/uploads\/ikony\/znak_DE.png\" alt=\"\" width=\"50\" height=\"40\" \/><\/div>\n<ul>\n<li>korpus b\u0119bna wykonany z wytrzyma\u0142ego, bardzo odpornego na uszkodzenia specjalnego tworzywa sztucznego z ergonomicznym uchwytem<\/li>\n<li> z wytrzyma\u0142\u0105, poch\u0142aniaj\u0105c\u0105 wstrz\u0105sy i ocynkowan\u0105 pojedyncz\u0105 ram\u0105 podstawy z hamulcem postojowym <\/li>\n<li>z wy\u0142\u0105cznikiem termicznym i opatentowanym prowadzeniem kabli <\/li>\n<li>z bardzo wytrzyma\u0142ym neoprenowym przewodem klasy H07 lub z przewodem BQ-F z poliuretanu w pomara\u0144czowym kolorze ostrzegawczym <\/li>\n<li>zawiera klips do mocowania kabla do obudowy<\/li>\n<li> nadaje si\u0119 do sta\u0142ego u\u017cytku na zewn\u0105trz <\/li>\n<li>230 V, 16 A, maks. 3500 W <\/li>\n<li>IP44: chroniony przed cia\u0142ami obcymi i bryzgami wody <\/li>\n<li>z wtyczk\u0105 CEE 230 V, 16 A, 3P z sygnalizacj\u0105 napi\u0119cia \u201ePowerlight\u201d <\/li>\n<li>z 1,5 m kablem przy\u0142\u0105czeniowym z 1 gniazdem CEE z uchyln\u0105 klapk\u0105 230 V, 16 A, 3P z sygnalizacj\u0105 napi\u0119cia \u201ePowerlight\u201d<\/li>\n<\/ul>","protected":false},"featured_media":29355,"template":"","meta":{"inline_featured_image":false},"genre":[509],"product_cat":[515,516],"product_tag":[],"class_list":{"0":"post-14637","1":"product","2":"type-product","3":"status-publish","4":"has-post-thumbnail","6":"product_brand-as-schwabe-pl","7":"product_cat-kemping-i-caravaning-pl","8":"product_cat-przedluzacze-bebnowe-kemping-i-caravaning-pl","10":"first","11":"instock","12":"shipping-taxable","13":"product-type-simple"},"aioseo_notices":[],"_links":{"self":[{"href":"https:\/\/as-schwabe.de\/pl\/wp-json\/wp\/v2\/product\/14637","targetHints":{"allow":["GET"]}}],"collection":[{"href":"https:\/\/as-schwabe.de\/pl\/wp-json\/wp\/v2\/product"}],"about":[{"href":"https:\/\/as-schwabe.de\/pl\/wp-json\/wp\/v2\/types\/product"}],"version-history":[{"count":0,"href":"https:\/\/as-schwabe.de\/pl\/wp-json\/wp\/v2\/product\/14637\/revisions"}],"wp:featuredmedia":[{"embeddable":true,"href":"https:\/\/as-schwabe.de\/pl\/wp-json\/wp\/v2\/media\/29355"}],"wp:attachment":[{"href":"https:\/\/as-schwabe.de\/pl\/wp-json\/wp\/v2\/media?parent=14637"}],"wp:term":[{"taxonomy":"product_brand","embeddable":true,"href":"https:\/\/as-schwabe.de\/pl\/wp-json\/wp\/v2\/genre?post=14637"},{"taxonomy":"product_cat","embeddable":true,"href":"https:\/\/as-schwabe.de\/pl\/wp-json\/wp\/v2\/product_cat?post=14637"},{"taxonomy":"product_tag","embeddable":true,"href":"https:\/\/as-schwabe.de\/pl\/wp-json\/wp\/v2\/product_tag?post=14637"}],"curies":[{"name":"wp","href":"https:\/\/api.w.org\/{rel}","templated":true}]}}