{"id":14621,"date":"2025-09-25T16:38:50","date_gmt":"2025-09-25T16:38:50","guid":{"rendered":"https:\/\/as-schwabe.de\/produkt\/przedluzacz-bebnowy-z-przeciwnawijakiem-h05rr-f-3g15-25-m-12236\/"},"modified":"2025-10-23T00:13:16","modified_gmt":"2025-10-23T00:13:16","slug":"przedluzacz-bebnowy-z-przeciwnawijakiem-h05rr-f-3g15-25-m-12236","status":"publish","type":"product","link":"https:\/\/as-schwabe.de\/pl\/produkt\/przedluzacz-bebnowy-z-przeciwnawijakiem-h05rr-f-3g15-25-m-12236\/","title":{"rendered":"Przed\u0142u\u017cacz b\u0119bnowy plastikowy z przeciw nawijakiem 25 m H05RR-F 3G1,5 IP44 | 12236"},"content":{"rendered":"<p>Przed\u0142u\u017cacz b\u0119bnowy plastikowy z przeciw nawijakiem o \u015brednicy 230 mm to idealne rozwi\u0105zanie do zasilania urz\u0105dze\u0144 w warunkach zewn\u0119trznych. Wyposa\u017cony w gniazdo IP44 z klapk\u0105 i uziemieniem, zapewnia wysoki poziom ochrony przed wilgoci\u0105 i py\u0142em. Z systemem kablowym H05RR-F 3G1,5 oraz d\u0142ugo\u015bci\u0105 25 metr\u00f3w, umo\u017cliwia elastyczne pod\u0142\u0105czenie wyposa\u017cenia elektrycznego, a stela\u017c metalowy i uchwyt z tworzywa zapewniaj\u0105 stabilno\u015b\u0107 i \u0142atwo\u015b\u0107 w transporcie. Dodatkowe funkcje, takie jak termik i hamulec, podnosz\u0105 bezpiecze\u0144stwo u\u017cytkowania, a maksymalne obci\u0105\u017cenie 3500 W gwarantuje skuteczne zasilanie urz\u0105dze\u0144 o du\u017cym poborze energii. Przed\u0142u\u017cacz idealnie sprawdzi si\u0119 w ogrodach, na budowach oraz podczas r\u00f3\u017cnorodnych prac zewn\u0119trznych.<\/p>","protected":false},"excerpt":{"rendered":"<div class=\"icons\" style=\"display: flex; flex-wrap: wrap; gap: 5px; align-items: center; margin-top: 10px;\"><img decoding=\"async\" src=\"https:\/\/as-schwabe.de\/wp-content\/uploads\/ikony\/znak_SCH.png\" alt=\"\" width=\"45\" height=\"50\" \/><img decoding=\"async\" src=\"https:\/\/as-schwabe.de\/wp-content\/uploads\/ikony\/znak_CE.png\" alt=\"\" width=\"50\" height=\"50\" \/><img decoding=\"async\" src=\"https:\/\/as-schwabe.de\/wp-content\/uploads\/ikony\/znak_IP44.png\" alt=\"\" width=\"50\" height=\"50\" \/><img loading=\"lazy\" decoding=\"async\" src=\"https:\/\/as-schwabe.de\/wp-content\/uploads\/ikony\/znak_Z.png\" alt=\"\" width=\"50\" height=\"50\" \/><img loading=\"lazy\" decoding=\"async\" src=\"https:\/\/as-schwabe.de\/wp-content\/uploads\/ikony\/znak_D.png\" alt=\"\" width=\"50\" height=\"50\" \/><img loading=\"lazy\" decoding=\"async\" src=\"https:\/\/as-schwabe.de\/wp-content\/uploads\/ikony\/znak_DE.png\" alt=\"\" width=\"50\" height=\"40\" \/><\/div>\n<ul>\n<li>korpus b\u0119bna wykonany z wytrzyma\u0142ego, bardzo odpornego na p\u0119kanie specjalnego tworzywa sztucznego ze szpul\u0105 kablow\u0105 <\/li>\n<li>z wytrzyma\u0142\u0105, poch\u0142aniaj\u0105c\u0105 wstrz\u0105sy i ocynkowan\u0105 pojedyncz\u0105 ram\u0105 podstawy z hamulcem postojowym <\/li>\n<li>rama z ergonomicznie ukszta\u0142towanym uchwytem i prowadnic\u0105 kabla <\/li>\n<li>z wbudowanym wy\u0142\u0105cznikiem termicznym <\/li>\n<li>z 1,5 m kablem przy\u0142\u0105czeniowym z wtyczk\u0105 z uziemieniem <\/li>\n<li>kabel w ostrzegawczym, czerwonym kolorze <\/li>\n<li>IP44: chroniony przed cia\u0142ami obcymi i bryzgami wody <\/li>\n<li>230 V, 16 A, maks. 3500 W<\/li>\n<\/ul>","protected":false},"featured_media":29349,"template":"","meta":{"inline_featured_image":false},"genre":[509],"product_cat":[510,511],"product_tag":[],"class_list":{"0":"post-14621","1":"product","2":"type-product","3":"status-publish","4":"has-post-thumbnail","6":"product_brand-as-schwabe-pl","7":"product_cat-przedluzacze-bebnowe-pl","8":"product_cat-przedluzacze-bebnowe-do-uzytku-na-zewnatrz-pl","10":"first","11":"instock","12":"shipping-taxable","13":"product-type-simple"},"aioseo_notices":[],"_links":{"self":[{"href":"https:\/\/as-schwabe.de\/pl\/wp-json\/wp\/v2\/product\/14621","targetHints":{"allow":["GET"]}}],"collection":[{"href":"https:\/\/as-schwabe.de\/pl\/wp-json\/wp\/v2\/product"}],"about":[{"href":"https:\/\/as-schwabe.de\/pl\/wp-json\/wp\/v2\/types\/product"}],"version-history":[{"count":0,"href":"https:\/\/as-schwabe.de\/pl\/wp-json\/wp\/v2\/product\/14621\/revisions"}],"wp:featuredmedia":[{"embeddable":true,"href":"https:\/\/as-schwabe.de\/pl\/wp-json\/wp\/v2\/media\/29349"}],"wp:attachment":[{"href":"https:\/\/as-schwabe.de\/pl\/wp-json\/wp\/v2\/media?parent=14621"}],"wp:term":[{"taxonomy":"product_brand","embeddable":true,"href":"https:\/\/as-schwabe.de\/pl\/wp-json\/wp\/v2\/genre?post=14621"},{"taxonomy":"product_cat","embeddable":true,"href":"https:\/\/as-schwabe.de\/pl\/wp-json\/wp\/v2\/product_cat?post=14621"},{"taxonomy":"product_tag","embeddable":true,"href":"https:\/\/as-schwabe.de\/pl\/wp-json\/wp\/v2\/product_tag?post=14621"}],"curies":[{"name":"wp","href":"https:\/\/api.w.org\/{rel}","templated":true}]}}