{"id":14614,"date":"2025-09-25T16:38:44","date_gmt":"2025-09-25T16:38:44","guid":{"rendered":"https:\/\/as-schwabe.de\/produkt\/pusty-beben-kempingowy-plastikowy-bez-gniazd-285mm-12228\/"},"modified":"2025-10-23T00:13:16","modified_gmt":"2025-10-23T00:13:16","slug":"pusty-beben-kempingowy-plastikowy-bez-gniazda-285mm-12228","status":"publish","type":"product","link":"https:\/\/as-schwabe.de\/pl\/produkt\/pusty-beben-kempingowy-plastikowy-bez-gniazda-285mm-12228\/","title":{"rendered":"Pusty b\u0119ben kempingowy plastikowy bez gniazd, 285 mm | 12228"},"content":{"rendered":"<p>Pusty b\u0119ben kempingowy plastikowy o \u015brednicy 285 mm to idealne rozwi\u0105zanie dla os\u00f3b korzystaj\u0105cych z urz\u0105dze\u0144 elektrycznych podczas wypoczynku na \u015bwie\u017cym powietrzu. Wyposa\u017cony w metalowy stela\u017c oraz szpul\u0119 z tworzywa sztucznego w atrakcyjnym niebieskim kolorze, zapewnia trwa\u0142o\u015b\u0107 i stabilno\u015b\u0107. Dzi\u0119ki praktycznemu uchwytowi z tworzywa, obs\u0142uga b\u0119bna jest niezwykle komfortowa, a zastosowanie hamulca oraz termika zwi\u0119ksza bezpiecze\u0144stwo u\u017cytkowania. Dodatkowo, przeciw nawijak w kolorze czarnym pozwala na \u0142atwe i schludne zwijanie przewodu, co z pewno\u015bci\u0105 u\u0142atwi transport oraz przechowywanie. Ten b\u0119ben to doskona\u0142y wyb\u00f3r dla ka\u017cdego, kto ceni sobie funkcjonalno\u015b\u0107 i estetyk\u0119 w warunkach outdoorowych.<\/p>","protected":false},"excerpt":{"rendered":"<div class=\"icons\" style=\"display: flex; flex-wrap: wrap; gap: 5px; align-items: center; margin-top: 10px;\"><img decoding=\"async\" src=\"https:\/\/as-schwabe.de\/wp-content\/uploads\/ikony\/znak_CE.png\" alt=\"\" width=\"50\" height=\"50\" \/><img decoding=\"async\" src=\"https:\/\/as-schwabe.de\/wp-content\/uploads\/ikony\/znak_IP44.png\" alt=\"\" width=\"50\" height=\"50\" \/><img decoding=\"async\" src=\"https:\/\/as-schwabe.de\/wp-content\/uploads\/ikony\/znak_DE.png\" alt=\"\" width=\"50\" height=\"40\" \/><\/div>\n<ul>\n<li>Nawijak kempingowy bez gniazd<\/li>\n<li> Miejsce na przew\u00f3d i wtyczk\u0119,<\/li>\n<li> wy\u0142\u0105cznik termiczny<\/li>\n<li> IP44 285 do ok. 50 m kabla<\/li>\n<\/ul>","protected":false},"featured_media":29333,"template":"","meta":{"inline_featured_image":false},"genre":[509],"product_cat":[510,513],"product_tag":[],"class_list":{"0":"post-14614","1":"product","2":"type-product","3":"status-publish","4":"has-post-thumbnail","6":"product_brand-as-schwabe-pl","7":"product_cat-przedluzacze-bebnowe-pl","8":"product_cat-puste-bebny-2-pl","10":"first","11":"instock","12":"shipping-taxable","13":"product-type-simple"},"aioseo_notices":[],"_links":{"self":[{"href":"https:\/\/as-schwabe.de\/pl\/wp-json\/wp\/v2\/product\/14614","targetHints":{"allow":["GET"]}}],"collection":[{"href":"https:\/\/as-schwabe.de\/pl\/wp-json\/wp\/v2\/product"}],"about":[{"href":"https:\/\/as-schwabe.de\/pl\/wp-json\/wp\/v2\/types\/product"}],"version-history":[{"count":0,"href":"https:\/\/as-schwabe.de\/pl\/wp-json\/wp\/v2\/product\/14614\/revisions"}],"wp:featuredmedia":[{"embeddable":true,"href":"https:\/\/as-schwabe.de\/pl\/wp-json\/wp\/v2\/media\/29333"}],"wp:attachment":[{"href":"https:\/\/as-schwabe.de\/pl\/wp-json\/wp\/v2\/media?parent=14614"}],"wp:term":[{"taxonomy":"product_brand","embeddable":true,"href":"https:\/\/as-schwabe.de\/pl\/wp-json\/wp\/v2\/genre?post=14614"},{"taxonomy":"product_cat","embeddable":true,"href":"https:\/\/as-schwabe.de\/pl\/wp-json\/wp\/v2\/product_cat?post=14614"},{"taxonomy":"product_tag","embeddable":true,"href":"https:\/\/as-schwabe.de\/pl\/wp-json\/wp\/v2\/product_tag?post=14614"}],"curies":[{"name":"wp","href":"https:\/\/api.w.org\/{rel}","templated":true}]}}