{"id":14594,"date":"2025-09-25T16:38:30","date_gmt":"2025-09-25T16:38:30","guid":{"rendered":"https:\/\/as-schwabe.de\/produkt\/gniazdo-zasilajace-bez-kabla-3-gniazdowe-czarne-11732\/"},"modified":"2025-10-23T00:13:15","modified_gmt":"2025-10-23T00:13:15","slug":"gniazdo-zasilajace-bez-kabla-3-gniazdowe-czarne-11732","status":"publish","type":"product","link":"https:\/\/as-schwabe.de\/pl\/produkt\/gniazdo-zasilajace-bez-kabla-3-gniazdowe-czarne-11732\/","title":{"rendered":"Gniazdo zasilaj\u0105ce, bez kabla, 3-gniazdowe CZA | 11732"},"content":{"rendered":"<p>Gniazdo zasilaj\u0105ce 3-gniazdowe w kolorze czarnym to idealne rozwi\u0105zanie do u\u017cytku wewn\u0105trz pomieszcze\u0144, kt\u00f3re zapewnia wygodny dost\u0119p do energii elektrycznej. Przeznaczone do pracy przy napi\u0119ciu maksymalnym 230 V oraz pr\u0105dzie do 16 A, gniazdo umo\u017cliwia pod\u0142\u0105czenie urz\u0105dze\u0144 o \u0142\u0105cznej mocy do 3500 W. Jego klasyfikacja IP20 gwarantuje odpowiedni\u0105 ochron\u0119 przed cia\u0142ami sta\u0142ymi, co sprawia, \u017ce jest bezpieczne w codziennym u\u017cytkowaniu. Dzi\u0119ki kompaktowej konstrukcji i nowoczesnemu designowi, produkt doskonale wpisuje si\u0119 w r\u00f3\u017cnorodne aran\u017cacje wn\u0119trz, oferuj\u0105c jednocze\u015bnie funkcjonalno\u015b\u0107 i estetyk\u0119 w ka\u017cdym pomieszczeniu. Wybierz gniazdo, kt\u00f3re \u0142\u0105czy wysok\u0105 wydajno\u015b\u0107 z komfortem u\u017cytkowania.<\/p>","protected":false},"excerpt":{"rendered":"<div class=\"icons\" style=\"display: flex; flex-wrap: wrap; gap: 5px; align-items: center; margin-top: 10px;\"><img decoding=\"async\" src=\"https:\/\/as-schwabe.de\/wp-content\/uploads\/ikony\/znak_SCH.png\" alt=\"\" width=\"45\" height=\"50\" \/><img decoding=\"async\" src=\"https:\/\/as-schwabe.de\/wp-content\/uploads\/ikony\/znak_CE.png\" alt=\"\" width=\"50\" height=\"50\" \/><img decoding=\"async\" src=\"https:\/\/as-schwabe.de\/wp-content\/uploads\/ikony\/znak_IP20.png\" alt=\"\" width=\"50\" height=\"50\" \/><img loading=\"lazy\" decoding=\"async\" src=\"https:\/\/as-schwabe.de\/wp-content\/uploads\/ikony\/znak_D.png\" alt=\"\" width=\"50\" height=\"50\" \/><\/div>\n<ul>\n<li>z kablem PCV H05VV-F 3G1,5 i k\u0105tow\u0105 wtyczk\u0105 z uziemieniem <\/li>\n<li>3 x gniazdo obr\u00f3cone o 45\u00b0, z przes\u0142onami tor\u00f3w pr\u0105dowych <\/li>\n<li>230 V, 16 A, maks. 3500 W<\/li>\n<\/ul>","protected":false},"featured_media":29325,"template":"","meta":{"inline_featured_image":false},"genre":[509],"product_cat":[525,526],"product_tag":[],"class_list":{"0":"post-14594","1":"product","2":"type-product","3":"status-publish","4":"has-post-thumbnail","6":"product_brand-as-schwabe-pl","7":"product_cat-dom-i-ogrod-2-pl","8":"product_cat-przedluzacze-listwowe-i-rozgalezniki-pl","10":"first","11":"instock","12":"shipping-taxable","13":"product-type-simple"},"aioseo_notices":[],"_links":{"self":[{"href":"https:\/\/as-schwabe.de\/pl\/wp-json\/wp\/v2\/product\/14594","targetHints":{"allow":["GET"]}}],"collection":[{"href":"https:\/\/as-schwabe.de\/pl\/wp-json\/wp\/v2\/product"}],"about":[{"href":"https:\/\/as-schwabe.de\/pl\/wp-json\/wp\/v2\/types\/product"}],"version-history":[{"count":0,"href":"https:\/\/as-schwabe.de\/pl\/wp-json\/wp\/v2\/product\/14594\/revisions"}],"wp:featuredmedia":[{"embeddable":true,"href":"https:\/\/as-schwabe.de\/pl\/wp-json\/wp\/v2\/media\/29325"}],"wp:attachment":[{"href":"https:\/\/as-schwabe.de\/pl\/wp-json\/wp\/v2\/media?parent=14594"}],"wp:term":[{"taxonomy":"product_brand","embeddable":true,"href":"https:\/\/as-schwabe.de\/pl\/wp-json\/wp\/v2\/genre?post=14594"},{"taxonomy":"product_cat","embeddable":true,"href":"https:\/\/as-schwabe.de\/pl\/wp-json\/wp\/v2\/product_cat?post=14594"},{"taxonomy":"product_tag","embeddable":true,"href":"https:\/\/as-schwabe.de\/pl\/wp-json\/wp\/v2\/product_tag?post=14594"}],"curies":[{"name":"wp","href":"https:\/\/api.w.org\/{rel}","templated":true}]}}