{"id":14590,"date":"2025-09-25T16:38:27","date_gmt":"2025-09-25T16:38:27","guid":{"rendered":"https:\/\/as-schwabe.de\/produkt\/gniazdo-zasilajace-bez-kabla-3-gniazdowe-biale-11731\/"},"modified":"2025-10-23T00:13:14","modified_gmt":"2025-10-23T00:13:14","slug":"gniazdo-zasilajace-bez-kabla-3-gniazdowe-biale-11731","status":"publish","type":"product","link":"https:\/\/as-schwabe.de\/pl\/produkt\/gniazdo-zasilajace-bez-kabla-3-gniazdowe-biale-11731\/","title":{"rendered":"Gniazdo zasilaj\u0105ce, bez kabla, 3-gniazdowe BIA | 11731"},"content":{"rendered":"<p>Gniazdo zasilaj\u0105ce 3-gniazdowe w kolorze bia\u0142ym, przeznaczone do u\u017cytku wewn\u0119trznego, to niezawodne rozwi\u0105zanie dla ka\u017cdego pomieszczenia. Oferuje maksymalne napi\u0119cie 230 V oraz pr\u0105d 16 A, co pozwala na ci\u0105g\u0142e obci\u0105\u017cenie do 3500 W. Dzi\u0119ki klasie ochrony IP20, produkt jest idealny do stosowania w suchych wn\u0119trzach, gwarantuj\u0105c bezpiecze\u0144stwo i wygod\u0119 u\u017cytkowania. Jego kompaktowa konstrukcja oraz \u0142atwy spos\u00f3b monta\u017cu sprawiaj\u0105, \u017ce jest doskona\u0142ym rozwi\u0105zaniem do biur, dom\u00f3w oraz innych przestrzeni, gdzie potrzebna jest elastyczno\u015b\u0107 w zasilaniu urz\u0105dze\u0144 elektrycznych. Wyposa\u017cone w trzy gniazda, umo\u017cliwia pod\u0142\u0105czenie r\u00f3wnocze\u015bnie kilku urz\u0105dze\u0144, co zwi\u0119ksza funkcjonalno\u015b\u0107 i komfort u\u017cytkowania.<\/p>","protected":false},"excerpt":{"rendered":"<div class=\"icons\" style=\"display: flex; flex-wrap: wrap; gap: 5px; align-items: center; margin-top: 10px;\"><img decoding=\"async\" src=\"https:\/\/as-schwabe.de\/wp-content\/uploads\/ikony\/znak_SCH.png\" alt=\"\" width=\"45\" height=\"50\" \/><img decoding=\"async\" src=\"https:\/\/as-schwabe.de\/wp-content\/uploads\/ikony\/znak_CE.png\" alt=\"\" width=\"50\" height=\"50\" \/><img decoding=\"async\" src=\"https:\/\/as-schwabe.de\/wp-content\/uploads\/ikony\/znak_IP20.png\" alt=\"\" width=\"50\" height=\"50\" \/><img loading=\"lazy\" decoding=\"async\" src=\"https:\/\/as-schwabe.de\/wp-content\/uploads\/ikony\/znak_D.png\" alt=\"\" width=\"50\" height=\"50\" \/><\/div>\n<ul>\n<li>z kablem PCV H05VV-F 3G1,5 i k\u0105tow\u0105 wtyczk\u0105 z uziemieniem <\/li>\n<li>3 x gniazdo obr\u00f3cone o 45\u00b0, z przes\u0142onami tor\u00f3w pr\u0105dowych <\/li>\n<li>230 V, 16 A, maks. 3500 W<\/li>\n<\/ul>","protected":false},"featured_media":29320,"template":"","meta":{"inline_featured_image":false},"genre":[509],"product_cat":[525,526],"product_tag":[],"class_list":{"0":"post-14590","1":"product","2":"type-product","3":"status-publish","4":"has-post-thumbnail","6":"product_brand-as-schwabe-pl","7":"product_cat-dom-i-ogrod-2-pl","8":"product_cat-przedluzacze-listwowe-i-rozgalezniki-pl","10":"first","11":"instock","12":"shipping-taxable","13":"product-type-simple"},"aioseo_notices":[],"_links":{"self":[{"href":"https:\/\/as-schwabe.de\/pl\/wp-json\/wp\/v2\/product\/14590","targetHints":{"allow":["GET"]}}],"collection":[{"href":"https:\/\/as-schwabe.de\/pl\/wp-json\/wp\/v2\/product"}],"about":[{"href":"https:\/\/as-schwabe.de\/pl\/wp-json\/wp\/v2\/types\/product"}],"version-history":[{"count":0,"href":"https:\/\/as-schwabe.de\/pl\/wp-json\/wp\/v2\/product\/14590\/revisions"}],"wp:featuredmedia":[{"embeddable":true,"href":"https:\/\/as-schwabe.de\/pl\/wp-json\/wp\/v2\/media\/29320"}],"wp:attachment":[{"href":"https:\/\/as-schwabe.de\/pl\/wp-json\/wp\/v2\/media?parent=14590"}],"wp:term":[{"taxonomy":"product_brand","embeddable":true,"href":"https:\/\/as-schwabe.de\/pl\/wp-json\/wp\/v2\/genre?post=14590"},{"taxonomy":"product_cat","embeddable":true,"href":"https:\/\/as-schwabe.de\/pl\/wp-json\/wp\/v2\/product_cat?post=14590"},{"taxonomy":"product_tag","embeddable":true,"href":"https:\/\/as-schwabe.de\/pl\/wp-json\/wp\/v2\/product_tag?post=14590"}],"curies":[{"name":"wp","href":"https:\/\/api.w.org\/{rel}","templated":true}]}}