{"id":14581,"date":"2025-09-25T16:38:22","date_gmt":"2025-09-25T16:38:22","guid":{"rendered":"https:\/\/as-schwabe.de\/produkt\/gniazdo-zasilajace-bez-kabla-6-gniazdowe-biale-11711\/"},"modified":"2025-10-23T00:13:14","modified_gmt":"2025-10-23T00:13:14","slug":"gniazdo-zasilajace-bez-kabla-6-gniazdowe-biale-11711","status":"publish","type":"product","link":"https:\/\/as-schwabe.de\/pl\/produkt\/gniazdo-zasilajace-bez-kabla-6-gniazdowe-biale-11711\/","title":{"rendered":"Gniazdo zasilaj\u0105ce, bez kabla, 6-gniazdowe BIA | 11711"},"content":{"rendered":"<p>Gniazdo zasilaj\u0105ce 6-gniazdowe w kolorze bia\u0142ym to niezawodne rozwi\u0105zanie do u\u017cytku wewn\u0119trznego, kt\u00f3re zapewnia wygodny dost\u0119p do energii elektrycznej w ka\u017cdym pomieszczeniu. Oferuje maksymalne obci\u0105\u017cenie do 230 V oraz 16 A, co przek\u0142ada si\u0119 na wydajno\u015b\u0107 do 3500 W, umo\u017cliwiaj\u0105c jednoczesne pod\u0142\u0105czenie wielu urz\u0105dze\u0144 elektrycznych. Dzi\u0119ki stopniowi ochrony IP20 jest idealne do wykorzystania w biurach, domach oraz innych przestrzeniach zamkni\u0119tych, minimalizuj\u0105c ryzyko uszkodze\u0144 zwi\u0105zanych z wp\u0142ywem czynnik\u00f3w zewn\u0119trznych. Niezale\u017cno\u015b\u0107 od kabla umo\u017cliwia elastyczne aran\u017cacje przestrzeni oraz \u0142atwe dostosowanie do zmieniaj\u0105cych si\u0119 potrzeb u\u017cytkownika. Inwestuj\u0105c w to gniazdo, zyskujesz nie tylko funkcjonalno\u015b\u0107, ale i estetyczny dodatek do wn\u0119trza.<\/p>","protected":false},"excerpt":{"rendered":"<div class=\"icons\" style=\"display: flex; flex-wrap: wrap; gap: 5px; align-items: center; margin-top: 10px;\"><img decoding=\"async\" src=\"https:\/\/as-schwabe.de\/wp-content\/uploads\/ikony\/znak_SCH.png\" alt=\"\" width=\"45\" height=\"50\" \/><img decoding=\"async\" src=\"https:\/\/as-schwabe.de\/wp-content\/uploads\/ikony\/znak_CE.png\" alt=\"\" width=\"50\" height=\"50\" \/><img decoding=\"async\" src=\"https:\/\/as-schwabe.de\/wp-content\/uploads\/ikony\/znak_IP20.png\" alt=\"\" width=\"50\" height=\"50\" \/><img loading=\"lazy\" decoding=\"async\" src=\"https:\/\/as-schwabe.de\/wp-content\/uploads\/ikony\/znak_D.png\" alt=\"\" width=\"50\" height=\"50\" \/><\/div>\n<ul>\n<li>z kablem PCV H05VV-F 3G1,5 i k\u0105tow\u0105 wtyczk\u0105 z uziemieniem <\/li>\n<li>6 x gniazdo obr\u00f3cone o 45\u00b0, z przes\u0142onami tor\u00f3w pr\u0105dowych <\/li>\n<li>230 V, 16 A, maks. 3500 W<\/li>\n<\/ul>","protected":false},"featured_media":29315,"template":"","meta":{"inline_featured_image":false},"genre":[509],"product_cat":[525,526],"product_tag":[],"class_list":{"0":"post-14581","1":"product","2":"type-product","3":"status-publish","4":"has-post-thumbnail","6":"product_brand-as-schwabe-pl","7":"product_cat-dom-i-ogrod-2-pl","8":"product_cat-przedluzacze-listwowe-i-rozgalezniki-pl","10":"first","11":"instock","12":"shipping-taxable","13":"product-type-simple"},"aioseo_notices":[],"_links":{"self":[{"href":"https:\/\/as-schwabe.de\/pl\/wp-json\/wp\/v2\/product\/14581","targetHints":{"allow":["GET"]}}],"collection":[{"href":"https:\/\/as-schwabe.de\/pl\/wp-json\/wp\/v2\/product"}],"about":[{"href":"https:\/\/as-schwabe.de\/pl\/wp-json\/wp\/v2\/types\/product"}],"version-history":[{"count":0,"href":"https:\/\/as-schwabe.de\/pl\/wp-json\/wp\/v2\/product\/14581\/revisions"}],"wp:featuredmedia":[{"embeddable":true,"href":"https:\/\/as-schwabe.de\/pl\/wp-json\/wp\/v2\/media\/29315"}],"wp:attachment":[{"href":"https:\/\/as-schwabe.de\/pl\/wp-json\/wp\/v2\/media?parent=14581"}],"wp:term":[{"taxonomy":"product_brand","embeddable":true,"href":"https:\/\/as-schwabe.de\/pl\/wp-json\/wp\/v2\/genre?post=14581"},{"taxonomy":"product_cat","embeddable":true,"href":"https:\/\/as-schwabe.de\/pl\/wp-json\/wp\/v2\/product_cat?post=14581"},{"taxonomy":"product_tag","embeddable":true,"href":"https:\/\/as-schwabe.de\/pl\/wp-json\/wp\/v2\/product_tag?post=14581"}],"curies":[{"name":"wp","href":"https:\/\/api.w.org\/{rel}","templated":true}]}}