{"id":14579,"date":"2025-09-25T16:38:21","date_gmt":"2025-09-25T16:38:21","guid":{"rendered":"https:\/\/as-schwabe.de\/produkt\/przedluzacz-listwowy-6-gn-h05vv-f-3g15-cza-5-m-11672\/"},"modified":"2025-10-23T00:13:13","modified_gmt":"2025-10-23T00:13:13","slug":"przedluzacz-listwowy-6-gn-h05vv-f-3g15-cza-5-m-11672","status":"publish","type":"product","link":"https:\/\/as-schwabe.de\/pl\/produkt\/przedluzacz-listwowy-6-gn-h05vv-f-3g15-cza-5-m-11672\/","title":{"rendered":"Przed\u0142u\u017cacz listwowy 6-gniazdowy z w\u0142\u0105cznikiem 5 m H05VV-F 3G1,5 CZA IP20 | 11672"},"content":{"rendered":"<p>Przed\u0142u\u017cacz listwowy 6-gniazdowy H05VV-F 3G1,5 w kolorze czarnym o d\u0142ugo\u015bci 5 metr\u00f3w to praktyczne rozwi\u0105zanie do zasilania wielu urz\u0105dze\u0144 jednocze\u015bnie. Wyposa\u017cony w wtyczk\u0119 k\u0105tow\u0105 2P+Z oraz sze\u015b\u0107 gniazd z uziemieniem, zapewnia wygodne i bezpieczne pod\u0142\u0105czenie sprz\u0119tu w warunkach domowych i biurowych. Dzi\u0119ki maksymalnej mocy 230 V, 16 A oraz 3500 W, listwa idealnie nadaje si\u0119 do zasilania r\u00f3\u017cnych urz\u0105dze\u0144 elektrycznych. Dodatkowo, pod\u015bwietlany w\u0142\u0105cznik umo\u017cliwia \u0142atwe w\u0142\u0105czanie i wy\u0142\u0105czanie zasilania. Produkt posiada stopie\u0144 ochrony IP20, co czyni go przeznaczonym do u\u017cytku wewn\u0105trz pomieszcze\u0144. Wyb\u00f3r tego przed\u0142u\u017cacza to gwarancja wygody oraz bezpiecze\u0144stwa w codziennym u\u017cytkowaniu.<\/p>","protected":false},"excerpt":{"rendered":"<div class=\"icons\" style=\"display: flex; flex-wrap: wrap; gap: 5px; align-items: center; margin-top: 10px;\"><img decoding=\"async\" src=\"https:\/\/as-schwabe.de\/wp-content\/uploads\/ikony\/znak_SCH.png\" alt=\"\" width=\"45\" height=\"50\" \/><img decoding=\"async\" src=\"https:\/\/as-schwabe.de\/wp-content\/uploads\/ikony\/znak_CE.png\" alt=\"\" width=\"50\" height=\"50\" \/><img decoding=\"async\" src=\"https:\/\/as-schwabe.de\/wp-content\/uploads\/ikony\/znak_IP20.png\" alt=\"\" width=\"50\" height=\"50\" \/><img loading=\"lazy\" decoding=\"async\" src=\"https:\/\/as-schwabe.de\/wp-content\/uploads\/ikony\/znak_D.png\" alt=\"\" width=\"50\" height=\"50\" \/><\/div>\n<ul>\n<li>z kablem PCV H05VV-F 3G1,5 i k\u0105tow\u0105 wtyczk\u0105 z uziemieniem <\/li>\n<li>6 x gniazdo obr\u00f3cone o 45\u00b0 <\/li>\n<li>z pod\u015bwietlanym wy\u0142\u0105cznikiem <\/li>\n<li>230 V, 16 A, maks. 3500 W<\/li>\n<\/ul>","protected":false},"featured_media":29314,"template":"","meta":{"inline_featured_image":false},"genre":[509],"product_cat":[525,526],"product_tag":[],"class_list":{"0":"post-14579","1":"product","2":"type-product","3":"status-publish","4":"has-post-thumbnail","6":"product_brand-as-schwabe-pl","7":"product_cat-dom-i-ogrod-2-pl","8":"product_cat-przedluzacze-listwowe-i-rozgalezniki-pl","10":"first","11":"instock","12":"shipping-taxable","13":"product-type-simple"},"aioseo_notices":[],"_links":{"self":[{"href":"https:\/\/as-schwabe.de\/pl\/wp-json\/wp\/v2\/product\/14579","targetHints":{"allow":["GET"]}}],"collection":[{"href":"https:\/\/as-schwabe.de\/pl\/wp-json\/wp\/v2\/product"}],"about":[{"href":"https:\/\/as-schwabe.de\/pl\/wp-json\/wp\/v2\/types\/product"}],"version-history":[{"count":0,"href":"https:\/\/as-schwabe.de\/pl\/wp-json\/wp\/v2\/product\/14579\/revisions"}],"wp:featuredmedia":[{"embeddable":true,"href":"https:\/\/as-schwabe.de\/pl\/wp-json\/wp\/v2\/media\/29314"}],"wp:attachment":[{"href":"https:\/\/as-schwabe.de\/pl\/wp-json\/wp\/v2\/media?parent=14579"}],"wp:term":[{"taxonomy":"product_brand","embeddable":true,"href":"https:\/\/as-schwabe.de\/pl\/wp-json\/wp\/v2\/genre?post=14579"},{"taxonomy":"product_cat","embeddable":true,"href":"https:\/\/as-schwabe.de\/pl\/wp-json\/wp\/v2\/product_cat?post=14579"},{"taxonomy":"product_tag","embeddable":true,"href":"https:\/\/as-schwabe.de\/pl\/wp-json\/wp\/v2\/product_tag?post=14579"}],"curies":[{"name":"wp","href":"https:\/\/api.w.org\/{rel}","templated":true}]}}