{"id":14577,"date":"2025-09-25T16:38:19","date_gmt":"2025-09-25T16:38:19","guid":{"rendered":"https:\/\/as-schwabe.de\/produkt\/przedluzacz-listwowy-6-gn-h05vv-f-3g15-bia-5-m-11671\/"},"modified":"2025-10-23T00:13:12","modified_gmt":"2025-10-23T00:13:12","slug":"przedluzacz-listwowy-6-gn-h05vv-f-3g15-bia-5-m-11671","status":"publish","type":"product","link":"https:\/\/as-schwabe.de\/pl\/produkt\/przedluzacz-listwowy-6-gn-h05vv-f-3g15-bia-5-m-11671\/","title":{"rendered":"Przed\u0142u\u017cacz listwowy 6-gniazdowy z w\u0142\u0105cznikiem 5 m H05VV-F 3G1,5 BIA IP20 | 11671"},"content":{"rendered":"<p>Przed\u0142u\u017cacz listwowy 6-gniazdowy H05VV-F 3G1,5 w kolorze bia\u0142ym o d\u0142ugo\u015bci 5 m to idealne rozwi\u0105zanie dla os\u00f3b potrzebuj\u0105cych niezawodnego zasilania w pomieszczeniach. Posiada wtyczk\u0119 k\u0105tow\u0105 2P+Z, co u\u0142atwia pod\u0142\u0105czanie w miejscach o ograniczonej przestrzeni. Wyposa\u017cony w pod\u015bwietlany w\u0142\u0105cznik, umo\u017cliwia wygodne zarz\u0105dzanie zasilaniem urz\u0105dze\u0144 elektrycznych. Z sze\u015bcioma gniazdami z uziemieniem, maksymalnym napi\u0119ciem 230 V, pr\u0105dem 16 A oraz moc\u0105 3500 W, przed\u0142u\u017cacz zapewnia bezpiecze\u0144stwo i komfort u\u017cytkowania. Jego klasyfikacja IP20 czyni go idealnym do u\u017cytku wewn\u0119trznego, co sprawia, \u017ce jest doskona\u0142ym rozwi\u0105zaniem zar\u00f3wno w biurze, jak i w domu.<\/p>","protected":false},"excerpt":{"rendered":"<div class=\"icons\" style=\"display: flex; flex-wrap: wrap; gap: 5px; align-items: center; margin-top: 10px;\"><img decoding=\"async\" src=\"https:\/\/as-schwabe.de\/wp-content\/uploads\/ikony\/znak_SCH.png\" alt=\"\" width=\"45\" height=\"50\" \/><img decoding=\"async\" src=\"https:\/\/as-schwabe.de\/wp-content\/uploads\/ikony\/znak_CE.png\" alt=\"\" width=\"50\" height=\"50\" \/><img decoding=\"async\" src=\"https:\/\/as-schwabe.de\/wp-content\/uploads\/ikony\/znak_IP20.png\" alt=\"\" width=\"50\" height=\"50\" \/><img loading=\"lazy\" decoding=\"async\" src=\"https:\/\/as-schwabe.de\/wp-content\/uploads\/ikony\/znak_D.png\" alt=\"\" width=\"50\" height=\"50\" \/><\/div>\n<ul>\n<li>z kablem PCV H05VV-F 3G1,5 i k\u0105tow\u0105 wtyczk\u0105 z uziemieniem <\/li>\n<li>6 x gniazdo obr\u00f3cone o 45\u00b0 <\/li>\n<li>z pod\u015bwietlanym wy\u0142\u0105cznikiem <\/li>\n<li>230 V, 16 A, maks. 3500 W<\/li>\n<\/ul>","protected":false},"featured_media":29313,"template":"","meta":{"inline_featured_image":false},"genre":[509],"product_cat":[525,526],"product_tag":[],"class_list":{"0":"post-14577","1":"product","2":"type-product","3":"status-publish","4":"has-post-thumbnail","6":"product_brand-as-schwabe-pl","7":"product_cat-dom-i-ogrod-2-pl","8":"product_cat-przedluzacze-listwowe-i-rozgalezniki-pl","10":"first","11":"instock","12":"shipping-taxable","13":"product-type-simple"},"aioseo_notices":[],"_links":{"self":[{"href":"https:\/\/as-schwabe.de\/pl\/wp-json\/wp\/v2\/product\/14577","targetHints":{"allow":["GET"]}}],"collection":[{"href":"https:\/\/as-schwabe.de\/pl\/wp-json\/wp\/v2\/product"}],"about":[{"href":"https:\/\/as-schwabe.de\/pl\/wp-json\/wp\/v2\/types\/product"}],"version-history":[{"count":0,"href":"https:\/\/as-schwabe.de\/pl\/wp-json\/wp\/v2\/product\/14577\/revisions"}],"wp:featuredmedia":[{"embeddable":true,"href":"https:\/\/as-schwabe.de\/pl\/wp-json\/wp\/v2\/media\/29313"}],"wp:attachment":[{"href":"https:\/\/as-schwabe.de\/pl\/wp-json\/wp\/v2\/media?parent=14577"}],"wp:term":[{"taxonomy":"product_brand","embeddable":true,"href":"https:\/\/as-schwabe.de\/pl\/wp-json\/wp\/v2\/genre?post=14577"},{"taxonomy":"product_cat","embeddable":true,"href":"https:\/\/as-schwabe.de\/pl\/wp-json\/wp\/v2\/product_cat?post=14577"},{"taxonomy":"product_tag","embeddable":true,"href":"https:\/\/as-schwabe.de\/pl\/wp-json\/wp\/v2\/product_tag?post=14577"}],"curies":[{"name":"wp","href":"https:\/\/api.w.org\/{rel}","templated":true}]}}