{"id":14575,"date":"2025-09-25T16:38:18","date_gmt":"2025-09-25T16:38:18","guid":{"rendered":"https:\/\/as-schwabe.de\/produkt\/przedluzacz-listwowy-6-gn-h05vv-f-3g15-cza-3-m-11632\/"},"modified":"2025-10-23T00:13:11","modified_gmt":"2025-10-23T00:13:11","slug":"przedluzacz-listwowy-6-gn-h05vv-f-3g15-cza-3-m-11632","status":"publish","type":"product","link":"https:\/\/as-schwabe.de\/pl\/produkt\/przedluzacz-listwowy-6-gn-h05vv-f-3g15-cza-3-m-11632\/","title":{"rendered":"Przed\u0142u\u017cacz listwowy 6-gniazdowy 3 m H05VV-F 3G1,5 CZA IP20 | 11632"},"content":{"rendered":"<p>Przed\u0142u\u017cacz listwowy 6-gniazdowy H05VV-F 3G1,5 w kolorze czarnym o d\u0142ugo\u015bci 3 metr\u00f3w to wszechstronne rozwi\u0105zanie do zasilania urz\u0105dze\u0144 elektrycznych w pomieszczeniach. Wyposa\u017cony w wtyczk\u0119 k\u0105tow\u0105 2P+Z, zapewnia \u0142atwy dost\u0119p do gniazd w trudnych lokalizacjach. Dzi\u0119ki sze\u015bciu gniazdom z uziemieniem 2P+Z, maksymalnie obs\u0142uguje obci\u0105\u017cenie do 230 V, 16 A oraz 3500 W, co czyni go idealnym narz\u0119dziem do u\u017cytku domowego i biurowego. Klasa ochrony IP20 oznacza, \u017ce produkt jest przeznaczony do pracy w suchych warunkach wewn\u0119trznych, zapewniaj\u0105c wygod\u0119 i bezpiecze\u0144stwo w codziennym u\u017cytkowaniu. Wybieraj\u0105c ten przed\u0142u\u017cacz, zyskujesz funkcjonalno\u015b\u0107 i niezawodno\u015b\u0107 w zarz\u0105dzaniu energi\u0105 elektryczn\u0105.<\/p>","protected":false},"excerpt":{"rendered":"<div class=\"icons\" style=\"display: flex; flex-wrap: wrap; gap: 5px; align-items: center; margin-top: 10px;\"><img decoding=\"async\" src=\"https:\/\/as-schwabe.de\/wp-content\/uploads\/ikony\/znak_SCH.png\" alt=\"\" width=\"45\" height=\"50\" \/><img decoding=\"async\" src=\"https:\/\/as-schwabe.de\/wp-content\/uploads\/ikony\/znak_CE.png\" alt=\"\" width=\"50\" height=\"50\" \/><img decoding=\"async\" src=\"https:\/\/as-schwabe.de\/wp-content\/uploads\/ikony\/znak_IP20.png\" alt=\"\" width=\"50\" height=\"50\" \/><img loading=\"lazy\" decoding=\"async\" src=\"https:\/\/as-schwabe.de\/wp-content\/uploads\/ikony\/znak_D.png\" alt=\"\" width=\"50\" height=\"50\" \/><\/div>\n<ul>\n<li>z kablem PCV H05VV-F 3G1,5 i k\u0105tow\u0105 wtyczk\u0105 z uziemieniem <\/li>\n<li>6 x gniazdo obr\u00f3cone o 45\u00b0, z przes\u0142onami tor\u00f3w pr\u0105dowych <\/li>\n<li>230 V, 16 A, maks. 3500 W<\/li>\n<\/ul>","protected":false},"featured_media":29312,"template":"","meta":{"inline_featured_image":false},"genre":[509],"product_cat":[525,526],"product_tag":[],"class_list":{"0":"post-14575","1":"product","2":"type-product","3":"status-publish","4":"has-post-thumbnail","6":"product_brand-as-schwabe-pl","7":"product_cat-dom-i-ogrod-2-pl","8":"product_cat-przedluzacze-listwowe-i-rozgalezniki-pl","10":"first","11":"instock","12":"shipping-taxable","13":"product-type-simple"},"aioseo_notices":[],"_links":{"self":[{"href":"https:\/\/as-schwabe.de\/pl\/wp-json\/wp\/v2\/product\/14575","targetHints":{"allow":["GET"]}}],"collection":[{"href":"https:\/\/as-schwabe.de\/pl\/wp-json\/wp\/v2\/product"}],"about":[{"href":"https:\/\/as-schwabe.de\/pl\/wp-json\/wp\/v2\/types\/product"}],"version-history":[{"count":0,"href":"https:\/\/as-schwabe.de\/pl\/wp-json\/wp\/v2\/product\/14575\/revisions"}],"wp:featuredmedia":[{"embeddable":true,"href":"https:\/\/as-schwabe.de\/pl\/wp-json\/wp\/v2\/media\/29312"}],"wp:attachment":[{"href":"https:\/\/as-schwabe.de\/pl\/wp-json\/wp\/v2\/media?parent=14575"}],"wp:term":[{"taxonomy":"product_brand","embeddable":true,"href":"https:\/\/as-schwabe.de\/pl\/wp-json\/wp\/v2\/genre?post=14575"},{"taxonomy":"product_cat","embeddable":true,"href":"https:\/\/as-schwabe.de\/pl\/wp-json\/wp\/v2\/product_cat?post=14575"},{"taxonomy":"product_tag","embeddable":true,"href":"https:\/\/as-schwabe.de\/pl\/wp-json\/wp\/v2\/product_tag?post=14575"}],"curies":[{"name":"wp","href":"https:\/\/api.w.org\/{rel}","templated":true}]}}